{"id":983,"date":"2024-03-31T19:31:44","date_gmt":"2024-03-31T17:31:44","guid":{"rendered":"https:\/\/pournousdeux.com\/index.php\/groupes\/"},"modified":"2024-06-27T17:10:07","modified_gmt":"2024-06-27T15:10:07","slug":"groupes","status":"publish","type":"page","link":"https:\/\/pournousdeux.be\/index.php\/groupes\/","title":{"rendered":"Liste des groupes"},"content":{"rendered":"\t\t<div data-elementor-type=\"wp-page\" data-elementor-id=\"983\" class=\"elementor elementor-983\">\n\t\t\t\t<div class=\"elementor-element elementor-element-1b0c3a40 e-flex e-con-boxed e-con e-parent\" data-id=\"1b0c3a40\" data-element_type=\"container\" data-e-type=\"container\">\n\t\t\t\t\t<div class=\"e-con-inner\">\n\t\t\t\t<div class=\"elementor-element elementor-element-17b5c498 elementor-widget elementor-widget-text-editor\" data-id=\"17b5c498\" data-element_type=\"widget\" data-e-type=\"widget\" data-widget_type=\"text-editor.default\">\n\t\t\t\t<div class=\"elementor-widget-container\">\n\t\t\t\t\t\t\t\t\t<div class=\"widget_bp_groups_widget buddypress widget wp-block-bp-dynamic-groups\"><div class=\"bp-dynamic-block-container\">\n<h2 class=\"widget-title\">Groupes<\/h2><div class=\"item-options\">\n\t\t\t<a href=\"https:\/\/pournousdeux.be\/groupes\/\" data-bp-sort=\"newest\">Le plus r\u00e9cent<\/a> <span class=\"bp-separator\" role=\"separator\">|<\/span> <a href=\"https:\/\/pournousdeux.be\/groupes\/\" data-bp-sort=\"active\" class=\"selected\">Actif<\/a> <span class=\"bp-separator\" role=\"separator\">|<\/span> <a href=\"https:\/\/pournousdeux.be\/groupes\/\" data-bp-sort=\"popular\">Populaire<\/a> <span class=\"bp-separator\" role=\"separator\">|<\/span> <a href=\"https:\/\/pournousdeux.be\/groupes\/\" data-bp-sort=\"alphabetical\">Alphab\u00e9tique<\/a>\n\t\t<\/div>\n\t\t<ul id=\"groups-list-69e36bb7b6dbd\" class=\"item-list\" aria-live=\"polite\" aria-relevant=\"all\" aria-atomic=\"true\">\n\t\t\t\n\t<li class=\"vcard\">\n\t\t<div class=\"item-avatar\">\n\t\t\t<a href=\"https:\/\/pournousdeux.be\/groupes\/les-montoises\/\" class=\"bp-tooltip\" data-bp-tooltip=\"Les Montoises\">\n\t\t\t\t<img decoding=\"async\" loading=\"lazy\" src=\"https:\/\/pournousdeux.be\/wp-content\/plugins\/buddypress\/bp-core\/images\/mystery-group-50.png\" class=\"avatar group-1-avatar avatar-50 photo\">\n\t\t\t<\/a>\n\t\t<\/div>\n\n\t\t<div class=\"item\">\n\t\t\t<div class=\"item-title fn\"><a href=\"https:\/\/pournousdeux.be\/groupes\/les-montoises\/\">Les Montoises<\/a><\/div>\n\t\t\t<div class=\"item-meta\">\n\t\t\t\t<span class=\"activity\">Actif il y a 2 ans<\/span>\n\t\t\t<\/div>\n\t\t<\/div>\n\t<\/li>\n\n\n\t<li class=\"vcard\">\n\t\t<div class=\"item-avatar\">\n\t\t\t<a href=\"https:\/\/pournousdeux.be\/groupes\/les-lilloises\/\" class=\"bp-tooltip\" data-bp-tooltip=\"Les lilloises\">\n\t\t\t\t<img decoding=\"async\" loading=\"lazy\" src=\"https:\/\/pournousdeux.be\/wp-content\/plugins\/buddypress\/bp-core\/images\/mystery-group-50.png\" class=\"avatar group-2-avatar avatar-50 photo\">\n\t\t\t<\/a>\n\t\t<\/div>\n\n\t\t<div class=\"item\">\n\t\t\t<div class=\"item-title fn\"><a href=\"https:\/\/pournousdeux.be\/groupes\/les-lilloises\/\">Les lilloises<\/a><\/div>\n\t\t\t<div class=\"item-meta\">\n\t\t\t\t<span class=\"activity\">Actif il y a 2 ans<\/span>\n\t\t\t<\/div>\n\t\t<\/div>\n\t<\/li>\n\n\n\t\t<\/ul>\n<\/div><\/div>\n\n\n<p>Contact mod\u00e9rateur pour tout abus.<\/p>\n\n\n\n<p><a href=\"mailto:moderateur@pournousdeux.com\">moderateur@pournousdeux.com<\/a><\/p>\n\t\t\t\t\t\t\t\t<\/div>\n\t\t\t\t<\/div>\n\t\t\t\t<div class=\"elementor-element elementor-element-2ef0f11 animated-slow elementor-invisible elementor-widget elementor-widget-recent-groups\" data-id=\"2ef0f11\" data-element_type=\"widget\" data-e-type=\"widget\" data-settings=\"{&quot;_animation&quot;:&quot;fadeInDown&quot;,&quot;_animation_delay&quot;:300}\" data-widget_type=\"recent-groups.default\">\n\t\t\t\t<div class=\"elementor-widget-container\">\n\t\t\t\t\t<div id=\"groups\" class=\"\">\n\t\t\t\t\t<div class=\"six columns group-item\">\n\t\t\t\t\t\t<div class=\"five columns\">\n\t\t\t\t\t\t\t<div class=\"item-header-avatar\">\n\t\t\t\t\t\t\t\t<div class=\"circular-item\" title=\"\">\n\t\t\t\t\t\t\t\t\t<small class=\"icon\">membres<\/small>\n\t\t\t\t\t\t\t\t\t<input type=\"text\" value=\"1\" class=\"pinkCircle\">\n\t\t\t\t\t\t\t\t<\/div>\n\t\t\t\t\t\t\t\t<img loading=\"lazy\" decoding=\"async\" loading=\"lazy\" src=\"\/\/www.gravatar.com\/avatar\/32066a35ded9ba094e160f0d8ba570d7?s=300&#038;r=g&#038;d=mm\" class=\"avatar group-1-avatar avatar-300 photo\" width=\"300\" height=\"300\" alt=\"Logo du groupe Les Montoises\" \/>\n\t\t\t\t\t\t\t<\/div>\n\t\t\t\t\t\t<\/div>\n\t\t\t\t\t\t<h4><a href=\"https:\/\/pournousdeux.be\/groupes\/les-montoises\/\">Les Montoises<\/a><\/h4>\n\t\t\t\t\t\t<p>Groupe qui r\u00e9unis toutes les femmes de la r\u00e9gions montoise...<\/p>\n\t\t\t\t\t\t<p><a href=\"https:\/\/pournousdeux.be\/groupes\/les-montoises\/\">Voir le groupe <i class=\"icon-caret-right\"><\/i><\/a><\/p>\n\t\t\t\t\t<\/div><!--end six-->\n\t\t\t\t\t<div class=\"six columns group-item\">\n\t\t\t\t\t\t<div class=\"five columns\">\n\t\t\t\t\t\t\t<div class=\"item-header-avatar\">\n\t\t\t\t\t\t\t\t<div class=\"circular-item\" title=\"\">\n\t\t\t\t\t\t\t\t\t<small class=\"icon\">membres<\/small>\n\t\t\t\t\t\t\t\t\t<input type=\"text\" value=\"1\" class=\"pinkCircle\">\n\t\t\t\t\t\t\t\t<\/div>\n\t\t\t\t\t\t\t\t<img loading=\"lazy\" decoding=\"async\" loading=\"lazy\" src=\"\/\/www.gravatar.com\/avatar\/46f6546e75d06f7931e667e6320b1b37?s=300&#038;r=g&#038;d=mm\" class=\"avatar group-2-avatar avatar-300 photo\" width=\"300\" height=\"300\" alt=\"Logo du groupe Les lilloises\" \/>\n\t\t\t\t\t\t\t<\/div>\n\t\t\t\t\t\t<\/div>\n\t\t\t\t\t\t<h4><a href=\"https:\/\/pournousdeux.be\/groupes\/les-lilloises\/\">Les lilloises<\/a><\/h4>\n\t\t\t\t\t\t<p>Groupe qui r\u00e9unis toutes les femmes de la r\u00e9gions montoise...<\/p>\n\t\t\t\t\t\t<p><a href=\"https:\/\/pournousdeux.be\/groupes\/les-lilloises\/\">Voir le groupe <i class=\"icon-caret-right\"><\/i><\/a><\/p>\n\t\t\t\t\t<\/div><!--end six--><\/div><div class=\"clear clearfix\"><\/div><script type=\"text\/javascript\">\njQuery(function () {\n    if (!isMobile()) {\n\t\tjQuery(\".item-header-avatar img\").each(function (i) {\n\t\t\tjQuery(this).attr('data-src' ,jQuery(this).attr('src'));\n\t\t\tjQuery(this).attr('src', kleoFramework.blank_img);\n\t\t});\n\n\t\tjQuery('#groups').one('inview', function (event, visible) {\n\t\t\tif (visible) {\n\t\t\t\tvar container = \"#groups\";\n\n\t\t\t\tjQuery(container+\" .item-header-avatar img\").each(function (i) {\n\t\t\t\t\tvar element = jQuery(this);\n\t\t\t\t\tvar delayInterval = 250; \/\/ milliseconds\n\t\t\t\t\tjQuery(this).delay(i * delayInterval).fadeOut(function() { element.attr('src' ,jQuery(this).attr('data-src')); element.fadeIn() });\n\t\t\t\t});\n\n\t\t\t}\n\t\t});\n\t}\n\n});\n<\/script>\t\t\t\t<\/div>\n\t\t\t\t<\/div>\n\t\t\t\t\t<\/div>\n\t\t\t\t<\/div>\n\t\t<div class=\"elementor-element elementor-element-f913c54 e-flex e-con-boxed e-con e-parent\" data-id=\"f913c54\" data-element_type=\"container\" data-e-type=\"container\">\n\t\t\t\t\t<div class=\"e-con-inner\">\n\t\t\t\t<div class=\"elementor-element elementor-element-4174196 elementor-widget elementor-widget-members-carousel\" data-id=\"4174196\" data-element_type=\"widget\" data-e-type=\"widget\" data-widget_type=\"members-carousel.default\">\n\t\t\t\t<div class=\"elementor-widget-container\">\n\t\t\t\t\t<div class=\"kleo_members_carousel \"><p><span class=\"right hide-for-small\"><a href=\"#\" class=\"profile-thumbs-prev\"><i class=\"icon-circle-arrow-left icon-large\"><\/i><\/a>&nbsp;<a href=\"#\" class=\"profile-thumbs-next\"><i class=\"icon-circle-arrow-right icon-large\"><\/i><\/a><\/span><\/p><div class=\"clearfix\"><\/div><div class=\"carousel-profiles responsive\"><ul class=\"profile-thumbs\"><li><a href=\"https:\/\/pournousdeux.be\/members\/louise\/\"><img loading=\"lazy\" decoding=\"async\" loading=\"lazy\" src=\"https:\/\/pournousdeux.be\/wp-content\/uploads\/avatars\/76\/1753947036-bpthumb.jpg\" class=\" user-76-avatar avatar-94 photo\" width=\"94\" height=\"94\" alt=\"Illustration du profil de Louise Ghrame\" \/><\/a><\/li><li><a href=\"https:\/\/pournousdeux.be\/members\/julien\/\"><img loading=\"lazy\" decoding=\"async\" loading=\"lazy\" src=\"\/\/www.gravatar.com\/avatar\/19290605e17aa1fbfd00d845727d0912?s=94&#038;r=g&#038;d=mm\" class=\" user-75-avatar avatar-94 photo\" width=\"94\" height=\"94\" alt=\"Illustration du profil de Julien Foises\" \/><\/a><\/li><li><a href=\"https:\/\/pournousdeux.be\/members\/victor\/\"><img loading=\"lazy\" decoding=\"async\" loading=\"lazy\" src=\"\/\/www.gravatar.com\/avatar\/d7dbbc4bc11895396262ed46512d7648?s=94&#038;r=g&#038;d=mm\" class=\" user-74-avatar avatar-94 photo\" width=\"94\" height=\"94\" alt=\"Illustration du profil de Victor Leroy\" \/><\/a><\/li><li><a href=\"https:\/\/pournousdeux.be\/members\/elsa\/\"><img loading=\"lazy\" decoding=\"async\" loading=\"lazy\" src=\"https:\/\/pournousdeux.be\/wp-content\/uploads\/avatars\/73\/1753946966-bpthumb.jpg\" class=\" user-73-avatar avatar-94 photo\" width=\"94\" height=\"94\" alt=\"Illustration du profil de Elsa Kose\" \/><\/a><\/li><li><a href=\"https:\/\/pournousdeux.be\/members\/jean\/\"><img loading=\"lazy\" decoding=\"async\" loading=\"lazy\" src=\"\/\/www.gravatar.com\/avatar\/b108e4f324b341f9771939ea1dfa1937?s=94&#038;r=g&#038;d=mm\" class=\" user-71-avatar avatar-94 photo\" width=\"94\" height=\"94\" alt=\"Illustration du profil de Jean-Louis Destane\" \/><\/a><\/li><li><a href=\"https:\/\/pournousdeux.be\/members\/alain\/\"><img loading=\"lazy\" decoding=\"async\" loading=\"lazy\" src=\"https:\/\/pournousdeux.be\/wp-content\/uploads\/avatars\/70\/1753947117-bpthumb.jpg\" class=\" user-70-avatar avatar-94 photo\" width=\"94\" height=\"94\" alt=\"Illustration du profil de Alain Foroise\" \/><\/a><\/li><li><a href=\"https:\/\/pournousdeux.be\/members\/stephane\/\"><img loading=\"lazy\" decoding=\"async\" loading=\"lazy\" src=\"\/\/www.gravatar.com\/avatar\/9248b20c307ebc11fb91ed8b29115f96?s=94&#038;r=g&#038;d=mm\" class=\" user-69-avatar avatar-94 photo\" width=\"94\" height=\"94\" alt=\"Illustration du profil de St\u00e9phane Louth\" \/><\/a><\/li><li><a href=\"https:\/\/pournousdeux.be\/members\/thomas\/\"><img loading=\"lazy\" decoding=\"async\" loading=\"lazy\" src=\"\/\/www.gravatar.com\/avatar\/aa1176e299719ad0dbad28767ceb1f1b?s=94&#038;r=g&#038;d=mm\" class=\" user-68-avatar avatar-94 photo\" width=\"94\" height=\"94\" alt=\"Illustration du profil de Thomas Van derlengen\" \/><\/a><\/li><li><a href=\"https:\/\/pournousdeux.be\/members\/lynda\/\"><img loading=\"lazy\" decoding=\"async\" loading=\"lazy\" src=\"https:\/\/pournousdeux.be\/wp-content\/uploads\/avatars\/67\/1753947195-bpthumb.jpg\" class=\" user-67-avatar avatar-94 photo\" width=\"94\" height=\"94\" alt=\"Illustration du profil de Lynda Sleivh\" \/><\/a><\/li><li><a href=\"https:\/\/pournousdeux.be\/members\/sophie\/\"><img loading=\"lazy\" decoding=\"async\" loading=\"lazy\" src=\"https:\/\/pournousdeux.be\/wp-content\/uploads\/avatars\/66\/1753947239-bpthumb.jpg\" class=\" user-66-avatar avatar-94 photo\" width=\"94\" height=\"94\" alt=\"Illustration du profil de Sophie Jonfhe\" \/><\/a><\/li><li><a href=\"https:\/\/pournousdeux.be\/members\/sam\/\"><img loading=\"lazy\" decoding=\"async\" loading=\"lazy\" src=\"\/\/www.gravatar.com\/avatar\/0c81f4d137bdcead4a0d6433ad32439b?s=94&#038;r=g&#038;d=mm\" class=\" user-65-avatar avatar-94 photo\" width=\"94\" height=\"94\" alt=\"Illustration du profil de Samuel Lerpvain\" \/><\/a><\/li><li><a href=\"https:\/\/pournousdeux.be\/members\/joel\/\"><img loading=\"lazy\" decoding=\"async\" loading=\"lazy\" src=\"\/\/www.gravatar.com\/avatar\/dc574061f34bf59b839e87273a0383aa?s=94&#038;r=g&#038;d=mm\" class=\" user-64-avatar avatar-94 photo\" width=\"94\" height=\"94\" alt=\"Illustration du profil de Joelle Lecoffre\" \/><\/a><\/li><\/ul><\/div><!--end carousel-profiles--><\/div>\t\t\t\t<\/div>\n\t\t\t\t<\/div>\n\t\t\t\t\t<\/div>\n\t\t\t\t<\/div>\n\t\t<div class=\"elementor-element elementor-element-66cd788 e-flex e-con-boxed e-con e-parent\" data-id=\"66cd788\" data-element_type=\"container\" data-e-type=\"container\">\n\t\t\t\t\t<div class=\"e-con-inner\">\n\t\t\t\t<div class=\"elementor-element elementor-element-b9c514d elementor-widget elementor-widget-recent-groups\" data-id=\"b9c514d\" data-element_type=\"widget\" data-e-type=\"widget\" data-widget_type=\"recent-groups.default\">\n\t\t\t\t<div class=\"elementor-widget-container\">\n\t\t\t\t\t<div id=\"groups\" class=\"\">\n\t\t\t\t\t<div class=\"six columns group-item\">\n\t\t\t\t\t\t<div class=\"five columns\">\n\t\t\t\t\t\t\t<div class=\"item-header-avatar\">\n\t\t\t\t\t\t\t\t<div class=\"circular-item\" title=\"\">\n\t\t\t\t\t\t\t\t\t<small class=\"icon\">membres<\/small>\n\t\t\t\t\t\t\t\t\t<input type=\"text\" value=\"1\" class=\"pinkCircle\">\n\t\t\t\t\t\t\t\t<\/div>\n\t\t\t\t\t\t\t\t<img loading=\"lazy\" decoding=\"async\" loading=\"lazy\" src=\"\/\/www.gravatar.com\/avatar\/32066a35ded9ba094e160f0d8ba570d7?s=300&#038;r=g&#038;d=mm\" class=\"avatar group-1-avatar avatar-300 photo\" width=\"300\" height=\"300\" alt=\"Logo du groupe Les Montoises\" \/>\n\t\t\t\t\t\t\t<\/div>\n\t\t\t\t\t\t<\/div>\n\t\t\t\t\t\t<h4><a href=\"https:\/\/pournousdeux.be\/groupes\/les-montoises\/\">Les Montoises<\/a><\/h4>\n\t\t\t\t\t\t<p>Groupe qui r\u00e9unis toutes les femmes de la r\u00e9gions montoise...<\/p>\n\t\t\t\t\t\t<p><a href=\"https:\/\/pournousdeux.be\/groupes\/les-montoises\/\">Voir le groupe <i class=\"icon-caret-right\"><\/i><\/a><\/p>\n\t\t\t\t\t<\/div><!--end six-->\n\t\t\t\t\t<div class=\"six columns group-item\">\n\t\t\t\t\t\t<div class=\"five columns\">\n\t\t\t\t\t\t\t<div class=\"item-header-avatar\">\n\t\t\t\t\t\t\t\t<div class=\"circular-item\" title=\"\">\n\t\t\t\t\t\t\t\t\t<small class=\"icon\">membres<\/small>\n\t\t\t\t\t\t\t\t\t<input type=\"text\" value=\"1\" class=\"pinkCircle\">\n\t\t\t\t\t\t\t\t<\/div>\n\t\t\t\t\t\t\t\t<img loading=\"lazy\" decoding=\"async\" loading=\"lazy\" src=\"\/\/www.gravatar.com\/avatar\/46f6546e75d06f7931e667e6320b1b37?s=300&#038;r=g&#038;d=mm\" class=\"avatar group-2-avatar avatar-300 photo\" width=\"300\" height=\"300\" alt=\"Logo du groupe Les lilloises\" \/>\n\t\t\t\t\t\t\t<\/div>\n\t\t\t\t\t\t<\/div>\n\t\t\t\t\t\t<h4><a href=\"https:\/\/pournousdeux.be\/groupes\/les-lilloises\/\">Les lilloises<\/a><\/h4>\n\t\t\t\t\t\t<p>Groupe qui r\u00e9unis toutes les femmes de la r\u00e9gions montoise...<\/p>\n\t\t\t\t\t\t<p><a href=\"https:\/\/pournousdeux.be\/groupes\/les-lilloises\/\">Voir le groupe <i class=\"icon-caret-right\"><\/i><\/a><\/p>\n\t\t\t\t\t<\/div><!--end six--><\/div><div class=\"clear clearfix\"><\/div><script type=\"text\/javascript\">\njQuery(function () {\n    if (!isMobile()) {\n\t\tjQuery(\".item-header-avatar img\").each(function (i) {\n\t\t\tjQuery(this).attr('data-src' ,jQuery(this).attr('src'));\n\t\t\tjQuery(this).attr('src', kleoFramework.blank_img);\n\t\t});\n\n\t\tjQuery('#groups').one('inview', function (event, visible) {\n\t\t\tif (visible) {\n\t\t\t\tvar container = \"#groups\";\n\n\t\t\t\tjQuery(container+\" .item-header-avatar img\").each(function (i) {\n\t\t\t\t\tvar element = jQuery(this);\n\t\t\t\t\tvar delayInterval = 250; \/\/ milliseconds\n\t\t\t\t\tjQuery(this).delay(i * delayInterval).fadeOut(function() { element.attr('src' ,jQuery(this).attr('data-src')); element.fadeIn() });\n\t\t\t\t});\n\n\t\t\t}\n\t\t});\n\t}\n\n});\n<\/script>\t\t\t\t<\/div>\n\t\t\t\t<\/div>\n\t\t\t\t\t<\/div>\n\t\t\t\t<\/div>\n\t\t\t\t<\/div>\n\t\t","protected":false},"excerpt":{"rendered":"<p>Contact mod\u00e9rateur pour tout abus. moderateur@pournousdeux.com membres Les Montoises Groupe qui r\u00e9unis toutes les femmes de la r\u00e9gions montoise&#8230; Voir le groupe membres Les lilloises Groupe qui r\u00e9unis toutes les femmes de la r\u00e9gions montoise&#8230; Voir le groupe &nbsp; membres Les Montoises Groupe qui r\u00e9unis toutes les femmes de la r\u00e9gions montoise&#8230; Voir le groupe [&hellip;]<\/p>\n","protected":false},"author":1,"featured_media":0,"parent":0,"menu_order":0,"comment_status":"closed","ping_status":"closed","template":"page-templates\/full-width.php","meta":{"_bbp_topic_count":0,"_bbp_reply_count":0,"_bbp_total_topic_count":0,"_bbp_total_reply_count":0,"_bbp_voice_count":0,"_bbp_anonymous_reply_count":0,"_bbp_topic_count_hidden":0,"_bbp_reply_count_hidden":0,"_bbp_forum_subforum_count":0,"content-type":"","footnotes":""},"class_list":["post-983","page","type-page","status-publish","hentry"],"yoast_head":"<!-- This site is optimized with the Yoast SEO plugin v26.6 - https:\/\/yoast.com\/wordpress\/plugins\/seo\/ -->\n<title>Liste des groupes - Pour Nous Deux<\/title>\n<meta name=\"description\" content=\"Page pour l&#039;acc\u00e8s \u00e0 la liste de groupe. Groupe public ou groupe public. Tous les membres Premium et VIP ont le droit d&#039;en cr\u00e9er un.\" \/>\n<meta name=\"robots\" content=\"index, follow, max-snippet:-1, max-image-preview:large, max-video-preview:-1\" \/>\n<link rel=\"canonical\" href=\"https:\/\/pournousdeux.be\/index.php\/groupes\/\" \/>\n<meta property=\"og:locale\" content=\"fr_FR\" \/>\n<meta property=\"og:type\" content=\"article\" \/>\n<meta property=\"og:title\" content=\"Liste des groupes - Pour Nous Deux\" \/>\n<meta property=\"og:description\" content=\"Page pour l&#039;acc\u00e8s \u00e0 la liste de groupe. Groupe public ou groupe public. Tous les membres Premium et VIP ont le droit d&#039;en cr\u00e9er un.\" \/>\n<meta property=\"og:url\" content=\"https:\/\/pournousdeux.be\/index.php\/groupes\/\" \/>\n<meta property=\"og:site_name\" content=\"Pour Nous Deux\" \/>\n<meta property=\"article:modified_time\" content=\"2024-06-27T15:10:07+00:00\" \/>\n<meta property=\"og:image\" content=\"https:\/\/pournousdeux.be\/wp-content\/uploads\/group-avatars\/1\/1712322796-bpfull.jpg\" \/>\n<meta name=\"twitter:card\" content=\"summary_large_image\" \/>\n<meta name=\"twitter:site\" content=\"@PourNousDeux\" \/>\n<meta name=\"twitter:label1\" content=\"Dur\u00e9e de lecture estim\u00e9e\" \/>\n\t<meta name=\"twitter:data1\" content=\"4 minutes\" \/>\n<script type=\"application\/ld+json\" class=\"yoast-schema-graph\">{\"@context\":\"https:\/\/schema.org\",\"@graph\":[{\"@type\":\"WebPage\",\"@id\":\"https:\/\/pournousdeux.be\/index.php\/groupes\/\",\"url\":\"https:\/\/pournousdeux.be\/index.php\/groupes\/\",\"name\":\"Liste des groupes - Pour Nous Deux\",\"isPartOf\":{\"@id\":\"https:\/\/pournousdeux.be\/#website\"},\"primaryImageOfPage\":{\"@id\":\"https:\/\/pournousdeux.be\/index.php\/groupes\/#primaryimage\"},\"image\":{\"@id\":\"https:\/\/pournousdeux.be\/index.php\/groupes\/#primaryimage\"},\"thumbnailUrl\":\"https:\/\/pournousdeux.be\/wp-content\/uploads\/group-avatars\/1\/1712322796-bpfull.jpg\",\"datePublished\":\"2024-03-31T17:31:44+00:00\",\"dateModified\":\"2024-06-27T15:10:07+00:00\",\"description\":\"Page pour l'acc\u00e8s \u00e0 la liste de groupe. Groupe public ou groupe public. Tous les membres Premium et VIP ont le droit d'en cr\u00e9er un.\",\"breadcrumb\":{\"@id\":\"https:\/\/pournousdeux.be\/index.php\/groupes\/#breadcrumb\"},\"inLanguage\":\"fr-FR\",\"potentialAction\":[{\"@type\":\"ReadAction\",\"target\":[\"https:\/\/pournousdeux.be\/index.php\/groupes\/\"]}]},{\"@type\":\"ImageObject\",\"inLanguage\":\"fr-FR\",\"@id\":\"https:\/\/pournousdeux.be\/index.php\/groupes\/#primaryimage\",\"url\":\"https:\/\/pournousdeux.be\/wp-content\/uploads\/group-avatars\/1\/1712322796-bpfull.jpg\",\"contentUrl\":\"https:\/\/pournousdeux.be\/wp-content\/uploads\/group-avatars\/1\/1712322796-bpfull.jpg\"},{\"@type\":\"BreadcrumbList\",\"@id\":\"https:\/\/pournousdeux.be\/index.php\/groupes\/#breadcrumb\",\"itemListElement\":[{\"@type\":\"ListItem\",\"position\":1,\"name\":\"Accueil\",\"item\":\"https:\/\/pournousdeux.be\/\"},{\"@type\":\"ListItem\",\"position\":2,\"name\":\"Liste des groupes\"}]},{\"@type\":\"WebSite\",\"@id\":\"https:\/\/pournousdeux.be\/#website\",\"url\":\"https:\/\/pournousdeux.be\/\",\"name\":\"Pour Nous Deux\",\"description\":\"Site de rencontres\",\"publisher\":{\"@id\":\"https:\/\/pournousdeux.be\/#organization\"},\"alternateName\":\"PND\",\"potentialAction\":[{\"@type\":\"SearchAction\",\"target\":{\"@type\":\"EntryPoint\",\"urlTemplate\":\"https:\/\/pournousdeux.be\/?s={search_term_string}\"},\"query-input\":{\"@type\":\"PropertyValueSpecification\",\"valueRequired\":true,\"valueName\":\"search_term_string\"}}],\"inLanguage\":\"fr-FR\"},{\"@type\":\"Organization\",\"@id\":\"https:\/\/pournousdeux.be\/#organization\",\"name\":\"ProTech\",\"alternateName\":\"ProTech\",\"url\":\"https:\/\/pournousdeux.be\/\",\"logo\":{\"@type\":\"ImageObject\",\"inLanguage\":\"fr-FR\",\"@id\":\"https:\/\/pournousdeux.be\/#\/schema\/logo\/image\/\",\"url\":\"https:\/\/pournousdeux.be\/wp-content\/uploads\/2024\/03\/logo.png\",\"contentUrl\":\"https:\/\/pournousdeux.be\/wp-content\/uploads\/2024\/03\/logo.png\",\"width\":350,\"height\":100,\"caption\":\"ProTech\"},\"image\":{\"@id\":\"https:\/\/pournousdeux.be\/#\/schema\/logo\/image\/\"},\"sameAs\":[\"https:\/\/x.com\/PourNousDeux\"]}]}<\/script>\n<!-- \/ Yoast SEO plugin. -->","yoast_head_json":{"title":"Liste des groupes - Pour Nous Deux","description":"Page pour l'acc\u00e8s \u00e0 la liste de groupe. Groupe public ou groupe public. Tous les membres Premium et VIP ont le droit d'en cr\u00e9er un.","robots":{"index":"index","follow":"follow","max-snippet":"max-snippet:-1","max-image-preview":"max-image-preview:large","max-video-preview":"max-video-preview:-1"},"canonical":"https:\/\/pournousdeux.be\/index.php\/groupes\/","og_locale":"fr_FR","og_type":"article","og_title":"Liste des groupes - Pour Nous Deux","og_description":"Page pour l'acc\u00e8s \u00e0 la liste de groupe. Groupe public ou groupe public. Tous les membres Premium et VIP ont le droit d'en cr\u00e9er un.","og_url":"https:\/\/pournousdeux.be\/index.php\/groupes\/","og_site_name":"Pour Nous Deux","article_modified_time":"2024-06-27T15:10:07+00:00","og_image":[{"url":"https:\/\/pournousdeux.be\/wp-content\/uploads\/group-avatars\/1\/1712322796-bpfull.jpg","type":"","width":"","height":""}],"twitter_card":"summary_large_image","twitter_site":"@PourNousDeux","twitter_misc":{"Dur\u00e9e de lecture estim\u00e9e":"4 minutes"},"schema":{"@context":"https:\/\/schema.org","@graph":[{"@type":"WebPage","@id":"https:\/\/pournousdeux.be\/index.php\/groupes\/","url":"https:\/\/pournousdeux.be\/index.php\/groupes\/","name":"Liste des groupes - Pour Nous Deux","isPartOf":{"@id":"https:\/\/pournousdeux.be\/#website"},"primaryImageOfPage":{"@id":"https:\/\/pournousdeux.be\/index.php\/groupes\/#primaryimage"},"image":{"@id":"https:\/\/pournousdeux.be\/index.php\/groupes\/#primaryimage"},"thumbnailUrl":"https:\/\/pournousdeux.be\/wp-content\/uploads\/group-avatars\/1\/1712322796-bpfull.jpg","datePublished":"2024-03-31T17:31:44+00:00","dateModified":"2024-06-27T15:10:07+00:00","description":"Page pour l'acc\u00e8s \u00e0 la liste de groupe. Groupe public ou groupe public. Tous les membres Premium et VIP ont le droit d'en cr\u00e9er un.","breadcrumb":{"@id":"https:\/\/pournousdeux.be\/index.php\/groupes\/#breadcrumb"},"inLanguage":"fr-FR","potentialAction":[{"@type":"ReadAction","target":["https:\/\/pournousdeux.be\/index.php\/groupes\/"]}]},{"@type":"ImageObject","inLanguage":"fr-FR","@id":"https:\/\/pournousdeux.be\/index.php\/groupes\/#primaryimage","url":"https:\/\/pournousdeux.be\/wp-content\/uploads\/group-avatars\/1\/1712322796-bpfull.jpg","contentUrl":"https:\/\/pournousdeux.be\/wp-content\/uploads\/group-avatars\/1\/1712322796-bpfull.jpg"},{"@type":"BreadcrumbList","@id":"https:\/\/pournousdeux.be\/index.php\/groupes\/#breadcrumb","itemListElement":[{"@type":"ListItem","position":1,"name":"Accueil","item":"https:\/\/pournousdeux.be\/"},{"@type":"ListItem","position":2,"name":"Liste des groupes"}]},{"@type":"WebSite","@id":"https:\/\/pournousdeux.be\/#website","url":"https:\/\/pournousdeux.be\/","name":"Pour Nous Deux","description":"Site de rencontres","publisher":{"@id":"https:\/\/pournousdeux.be\/#organization"},"alternateName":"PND","potentialAction":[{"@type":"SearchAction","target":{"@type":"EntryPoint","urlTemplate":"https:\/\/pournousdeux.be\/?s={search_term_string}"},"query-input":{"@type":"PropertyValueSpecification","valueRequired":true,"valueName":"search_term_string"}}],"inLanguage":"fr-FR"},{"@type":"Organization","@id":"https:\/\/pournousdeux.be\/#organization","name":"ProTech","alternateName":"ProTech","url":"https:\/\/pournousdeux.be\/","logo":{"@type":"ImageObject","inLanguage":"fr-FR","@id":"https:\/\/pournousdeux.be\/#\/schema\/logo\/image\/","url":"https:\/\/pournousdeux.be\/wp-content\/uploads\/2024\/03\/logo.png","contentUrl":"https:\/\/pournousdeux.be\/wp-content\/uploads\/2024\/03\/logo.png","width":350,"height":100,"caption":"ProTech"},"image":{"@id":"https:\/\/pournousdeux.be\/#\/schema\/logo\/image\/"},"sameAs":["https:\/\/x.com\/PourNousDeux"]}]}},"_links":{"self":[{"href":"https:\/\/pournousdeux.be\/index.php\/wp-json\/wp\/v2\/pages\/983","targetHints":{"allow":["GET"]}}],"collection":[{"href":"https:\/\/pournousdeux.be\/index.php\/wp-json\/wp\/v2\/pages"}],"about":[{"href":"https:\/\/pournousdeux.be\/index.php\/wp-json\/wp\/v2\/types\/page"}],"author":[{"embeddable":true,"href":"https:\/\/pournousdeux.be\/index.php\/wp-json\/wp\/v2\/users\/1"}],"replies":[{"embeddable":true,"href":"https:\/\/pournousdeux.be\/index.php\/wp-json\/wp\/v2\/comments?post=983"}],"version-history":[{"count":11,"href":"https:\/\/pournousdeux.be\/index.php\/wp-json\/wp\/v2\/pages\/983\/revisions"}],"predecessor-version":[{"id":1586,"href":"https:\/\/pournousdeux.be\/index.php\/wp-json\/wp\/v2\/pages\/983\/revisions\/1586"}],"wp:attachment":[{"href":"https:\/\/pournousdeux.be\/index.php\/wp-json\/wp\/v2\/media?parent=983"}],"curies":[{"name":"wp","href":"https:\/\/api.w.org\/{rel}","templated":true}]}}