{"id":3,"date":"2024-03-27T18:51:38","date_gmt":"2024-03-27T17:51:38","guid":{"rendered":"http:\/\/pournousdeux.com\/?page_id=3"},"modified":"2024-04-09T15:26:45","modified_gmt":"2024-04-09T13:26:45","slug":"politique-de-confidentialite","status":"publish","type":"page","link":"https:\/\/pournousdeux.be\/index.php\/politique-de-confidentialite\/","title":{"rendered":"Politique de confidentialit\u00e9"},"content":{"rendered":"\n<h2 class=\"wp-block-heading\">Donn\u00e9es recueillies pour g\u00e9rer votre adh\u00e9sion<\/h2>\n\n\n\n<p>A l\u2019\u00e9tape de validation de commande, nous recueillons votre nom, adresse e-mail, identifiant et mot de passe. Ces informations sont utilis\u00e9es pour configurer votre compte sur notre site. Si vous \u00eates redirig\u00e9\u00b7e vers une passerelle de paiements externe pour terminer votre achat, il se peut que nous enregistrions ces donn\u00e9es dans une variable de session temporaire pour configurer votre compte au moment de revenir sur notre site.<\/p>\n\n\n\n<p>Pendant la commande, nous pouvons \u00e9galement recueillir votre adresse de facturation et votre num\u00e9ro de t\u00e9l\u00e9phone. Ces informations sont utilis\u00e9es pour confirmer votre carte bancaire. L\u2019adresse de facturation et le num\u00e9ro de t\u00e9l\u00e9phone sont enregistr\u00e9s par notre site pour pr\u00e9-remplir le formulaire de commande pour des achats ult\u00e9rieurs, ainsi nous pourrons revenir vers vous si besoin \u00e0 propos de votre commande.<\/p>\n\n\n\n<p>A l\u2019\u00e9tape de validation de commande, il se peut que nous recueillions votre num\u00e9ro de carte bancaire, sa date d\u2019expiration et le code de s\u00e9curit\u00e9. Ces informations sont transmises \u00e0 notre passerelle de paiements pour traiter votre achat. Les 4 derniers chiffres de votre carte bancaire et la date d\u2019expiration sont enregistr\u00e9s par notre site afin d\u2019\u00eatre utilis\u00e9s comme r\u00e9f\u00e9rence et pour vous envoyer un e-mail si votre carte bancaire expire avant la date de renouvellement.<\/p>\n\n\n\n<p>Lorsque vous \u00eates connect\u00e9\u00b7e, nous utilisons des Cookies pour suivre une partie de votre activit\u00e9 sur notre site y compris les connexions, visites, et les vues de pages.<\/p>\n\n\n\n<p><strong>Qui Sommes-Nous ?<\/strong><\/p>\n\n\n\n<p>Nous sommes &#8220;Pour Nous Deux&#8221;, votre destination en ligne pour les rencontres significatives et les connexions durables. Notre adresse web est <a href=\"https:\/\/pournousdeux.be\/\">https:\/\/pournousdeux.be<\/a>, un espace d\u00e9di\u00e9 o\u00f9 vous pouvez d\u00e9couvrir, rencontrer et cr\u00e9er des liens avec d&#8217;autres personnes partageant les m\u00eames valeurs et aspirations que vous.<\/p>\n\n\n\n<p><strong>Politique de Confidentialit\u00e9 et Protection des Donn\u00e9es<\/strong><\/p>\n\n\n\n<p>Lorsque vous interagissez avec notre site, nous nous engageons \u00e0 prot\u00e9ger vos donn\u00e9es personnelles conform\u00e9ment au R\u00e8glement G\u00e9n\u00e9ral sur la Protection des Donn\u00e9es (RGPD) et aux lois europ\u00e9ennes et internationales sur la confidentialit\u00e9 des donn\u00e9es.<\/p>\n\n\n\n<p><strong>Collecte et Utilisation des Donn\u00e9es<\/strong><\/p>\n\n\n\n<p>Quand vous laissez un commentaire sur notre site, nous collectons les donn\u00e9es que vous inscrivez dans le formulaire de commentaire, ainsi que votre adresse IP et l&#8217;agent utilisateur de votre navigateur. Ces informations sont utilis\u00e9es pour nous aider \u00e0 d\u00e9tecter les commentaires ind\u00e9sirables et am\u00e9liorer votre exp\u00e9rience sur notre plateforme. Votre photo de profil Gravatar peut \u00e9galement \u00eatre affich\u00e9e publiquement \u00e0 c\u00f4t\u00e9 de votre commentaire apr\u00e8s validation.<\/p>\n\n\n\n<p>Si vous t\u00e9l\u00e9versez des images sur notre site, veuillez \u00e9viter d&#8217;inclure des donn\u00e9es EXIF de coordonn\u00e9es GPS pour prot\u00e9ger votre vie priv\u00e9e.<\/p>\n\n\n\n<p><strong>Cookies et S\u00e9curit\u00e9<\/strong><\/p>\n\n\n\n<p>Nous utilisons des cookies pour am\u00e9liorer votre exp\u00e9rience de navigation sur notre site. Si vous laissez un commentaire, vos informations de connexion peuvent \u00eatre enregistr\u00e9es dans des cookies pour votre confort. Ces cookies expirent au bout d&#8217;un an.<\/p>\n\n\n\n<p>Nous prenons des mesures de s\u00e9curit\u00e9 appropri\u00e9es pour prot\u00e9ger vos donn\u00e9es personnelles contre tout acc\u00e8s non autoris\u00e9 ou toute utilisation abusive. Nous ne partageons jamais vos donn\u00e9es avec des tiers sans votre consentement explicite.<\/p>\n\n\n\n<p><strong>Contenu Embarqu\u00e9 et Transmission de Donn\u00e9es<\/strong><\/p>\n\n\n\n<p>Les articles de notre site peuvent inclure du contenu int\u00e9gr\u00e9 provenant d&#8217;autres sites web. Ce contenu se comporte de la m\u00eame mani\u00e8re que si vous visitiez ces sites directement. Ces sites tiers peuvent collecter des donn\u00e9es sur vous, utiliser des cookies et suivre vos interactions avec le contenu int\u00e9gr\u00e9.<\/p>\n\n\n\n<p><strong>Vos Droits et Dur\u00e9e de Stockage<\/strong><\/p>\n\n\n\n<p>Vous avez le droit de demander l&#8217;acc\u00e8s \u00e0 vos donn\u00e9es personnelles que nous d\u00e9tenons, ainsi que leur suppression si vous le souhaitez. Les commentaires que vous laissez sur notre site, ainsi que leurs m\u00e9tadonn\u00e9es, sont conserv\u00e9s ind\u00e9finiment pour faciliter la mod\u00e9ration et la reconnaissance des commentaires futurs. Vous pouvez \u00e9galement voir, modifier ou supprimer vos informations personnelles \u00e0 tout moment, \u00e0 l&#8217;exception de votre identifiant.<\/p>\n\n\n\n<p><strong>Transparence et Engagement<\/strong><\/p>\n\n\n\n<p>Nous utilisons des services automatis\u00e9s de d\u00e9tection des commentaires ind\u00e9sirables pour v\u00e9rifier et assurer la qualit\u00e9 de l&#8217;interaction sur notre plateforme. Notre engagement envers votre confidentialit\u00e9 et votre s\u00e9curit\u00e9 est au c\u0153ur de notre mission chez &#8220;Pour Nous Deux&#8221;.<\/p>\n\n\n\n<p>En choisissant de faire partie de notre communaut\u00e9, vous pouvez avoir l&#8217;assurance que vos donn\u00e9es personnelles seront trait\u00e9es avec le plus grand respect et la plus grande diligence, conform\u00e9ment aux normes les plus strictes de confidentialit\u00e9 des donn\u00e9es.<\/p>\n\n\n\n<p>Un probl\u00e8me \/ Une question, une seul adresse supports@pournousdeux.com<\/p>\n","protected":false},"excerpt":{"rendered":"<p>Donn\u00e9es recueillies pour g\u00e9rer votre adh\u00e9sion A l\u2019\u00e9tape de validation de commande, nous recueillons votre nom, adresse e-mail, identifiant et mot de passe. Ces informations sont utilis\u00e9es pour configurer votre compte sur notre site. Si vous \u00eates redirig\u00e9\u00b7e vers une passerelle de paiements externe pour terminer votre achat, il se peut que nous enregistrions ces [&hellip;]<\/p>\n","protected":false},"author":1,"featured_media":0,"parent":0,"menu_order":0,"comment_status":"closed","ping_status":"open","template":"","meta":{"_bbp_topic_count":0,"_bbp_reply_count":0,"_bbp_total_topic_count":0,"_bbp_total_reply_count":0,"_bbp_voice_count":0,"_bbp_anonymous_reply_count":0,"_bbp_topic_count_hidden":0,"_bbp_reply_count_hidden":0,"_bbp_forum_subforum_count":0,"content-type":"","footnotes":""},"class_list":["post-3","page","type-page","status-publish","hentry"],"yoast_head":"<!-- This site is optimized with the Yoast SEO plugin v26.6 - https:\/\/yoast.com\/wordpress\/plugins\/seo\/ -->\n<title>Politique de confidentialit\u00e9 - Pour Nous Deux<\/title>\n<meta name=\"robots\" content=\"index, follow, max-snippet:-1, max-image-preview:large, max-video-preview:-1\" \/>\n<link rel=\"canonical\" href=\"https:\/\/pournousdeux.be\/index.php\/politique-de-confidentialite\/\" \/>\n<meta property=\"og:locale\" content=\"fr_FR\" \/>\n<meta property=\"og:type\" content=\"article\" \/>\n<meta property=\"og:title\" content=\"Politique de confidentialit\u00e9 - Pour Nous Deux\" \/>\n<meta property=\"og:description\" content=\"Donn\u00e9es recueillies pour g\u00e9rer votre adh\u00e9sion A l\u2019\u00e9tape de validation de commande, nous recueillons votre nom, adresse e-mail, identifiant et mot de passe. Ces informations sont utilis\u00e9es pour configurer votre compte sur notre site. Si vous \u00eates redirig\u00e9\u00b7e vers une passerelle de paiements externe pour terminer votre achat, il se peut que nous enregistrions ces [&hellip;]\" \/>\n<meta property=\"og:url\" content=\"https:\/\/pournousdeux.be\/index.php\/politique-de-confidentialite\/\" \/>\n<meta property=\"og:site_name\" content=\"Pour Nous Deux\" \/>\n<meta property=\"article:modified_time\" content=\"2024-04-09T13:26:45+00:00\" \/>\n<meta property=\"og:image\" content=\"https:\/\/pournousdeux.be\/wp-content\/uploads\/2024\/04\/logo.png\" \/>\n\t<meta property=\"og:image:width\" content=\"350\" \/>\n\t<meta property=\"og:image:height\" content=\"100\" \/>\n\t<meta property=\"og:image:type\" content=\"image\/png\" \/>\n<meta name=\"twitter:card\" content=\"summary_large_image\" \/>\n<meta name=\"twitter:site\" content=\"@PourNousDeux\" \/>\n<meta name=\"twitter:label1\" content=\"Dur\u00e9e de lecture estim\u00e9e\" \/>\n\t<meta name=\"twitter:data1\" content=\"4 minutes\" \/>\n<script type=\"application\/ld+json\" class=\"yoast-schema-graph\">{\"@context\":\"https:\/\/schema.org\",\"@graph\":[{\"@type\":\"WebPage\",\"@id\":\"https:\/\/pournousdeux.be\/index.php\/politique-de-confidentialite\/\",\"url\":\"https:\/\/pournousdeux.be\/index.php\/politique-de-confidentialite\/\",\"name\":\"Politique de confidentialit\u00e9 - Pour Nous Deux\",\"isPartOf\":{\"@id\":\"https:\/\/pournousdeux.be\/#website\"},\"datePublished\":\"2024-03-27T17:51:38+00:00\",\"dateModified\":\"2024-04-09T13:26:45+00:00\",\"breadcrumb\":{\"@id\":\"https:\/\/pournousdeux.be\/index.php\/politique-de-confidentialite\/#breadcrumb\"},\"inLanguage\":\"fr-FR\",\"potentialAction\":[{\"@type\":\"ReadAction\",\"target\":[\"https:\/\/pournousdeux.be\/index.php\/politique-de-confidentialite\/\"]}]},{\"@type\":\"BreadcrumbList\",\"@id\":\"https:\/\/pournousdeux.be\/index.php\/politique-de-confidentialite\/#breadcrumb\",\"itemListElement\":[{\"@type\":\"ListItem\",\"position\":1,\"name\":\"Accueil\",\"item\":\"https:\/\/pournousdeux.be\/\"},{\"@type\":\"ListItem\",\"position\":2,\"name\":\"Politique de confidentialit\u00e9\"}]},{\"@type\":\"WebSite\",\"@id\":\"https:\/\/pournousdeux.be\/#website\",\"url\":\"https:\/\/pournousdeux.be\/\",\"name\":\"Pour Nous Deux\",\"description\":\"Site de rencontres\",\"publisher\":{\"@id\":\"https:\/\/pournousdeux.be\/#organization\"},\"alternateName\":\"PND\",\"potentialAction\":[{\"@type\":\"SearchAction\",\"target\":{\"@type\":\"EntryPoint\",\"urlTemplate\":\"https:\/\/pournousdeux.be\/?s={search_term_string}\"},\"query-input\":{\"@type\":\"PropertyValueSpecification\",\"valueRequired\":true,\"valueName\":\"search_term_string\"}}],\"inLanguage\":\"fr-FR\"},{\"@type\":\"Organization\",\"@id\":\"https:\/\/pournousdeux.be\/#organization\",\"name\":\"ProTech\",\"alternateName\":\"ProTech\",\"url\":\"https:\/\/pournousdeux.be\/\",\"logo\":{\"@type\":\"ImageObject\",\"inLanguage\":\"fr-FR\",\"@id\":\"https:\/\/pournousdeux.be\/#\/schema\/logo\/image\/\",\"url\":\"https:\/\/pournousdeux.be\/wp-content\/uploads\/2024\/03\/logo.png\",\"contentUrl\":\"https:\/\/pournousdeux.be\/wp-content\/uploads\/2024\/03\/logo.png\",\"width\":350,\"height\":100,\"caption\":\"ProTech\"},\"image\":{\"@id\":\"https:\/\/pournousdeux.be\/#\/schema\/logo\/image\/\"},\"sameAs\":[\"https:\/\/x.com\/PourNousDeux\"]}]}<\/script>\n<!-- \/ Yoast SEO plugin. -->","yoast_head_json":{"title":"Politique de confidentialit\u00e9 - Pour Nous Deux","robots":{"index":"index","follow":"follow","max-snippet":"max-snippet:-1","max-image-preview":"max-image-preview:large","max-video-preview":"max-video-preview:-1"},"canonical":"https:\/\/pournousdeux.be\/index.php\/politique-de-confidentialite\/","og_locale":"fr_FR","og_type":"article","og_title":"Politique de confidentialit\u00e9 - Pour Nous Deux","og_description":"Donn\u00e9es recueillies pour g\u00e9rer votre adh\u00e9sion A l\u2019\u00e9tape de validation de commande, nous recueillons votre nom, adresse e-mail, identifiant et mot de passe. Ces informations sont utilis\u00e9es pour configurer votre compte sur notre site. Si vous \u00eates redirig\u00e9\u00b7e vers une passerelle de paiements externe pour terminer votre achat, il se peut que nous enregistrions ces [&hellip;]","og_url":"https:\/\/pournousdeux.be\/index.php\/politique-de-confidentialite\/","og_site_name":"Pour Nous Deux","article_modified_time":"2024-04-09T13:26:45+00:00","og_image":[{"width":350,"height":100,"url":"https:\/\/pournousdeux.be\/wp-content\/uploads\/2024\/04\/logo.png","type":"image\/png"}],"twitter_card":"summary_large_image","twitter_site":"@PourNousDeux","twitter_misc":{"Dur\u00e9e de lecture estim\u00e9e":"4 minutes"},"schema":{"@context":"https:\/\/schema.org","@graph":[{"@type":"WebPage","@id":"https:\/\/pournousdeux.be\/index.php\/politique-de-confidentialite\/","url":"https:\/\/pournousdeux.be\/index.php\/politique-de-confidentialite\/","name":"Politique de confidentialit\u00e9 - Pour Nous Deux","isPartOf":{"@id":"https:\/\/pournousdeux.be\/#website"},"datePublished":"2024-03-27T17:51:38+00:00","dateModified":"2024-04-09T13:26:45+00:00","breadcrumb":{"@id":"https:\/\/pournousdeux.be\/index.php\/politique-de-confidentialite\/#breadcrumb"},"inLanguage":"fr-FR","potentialAction":[{"@type":"ReadAction","target":["https:\/\/pournousdeux.be\/index.php\/politique-de-confidentialite\/"]}]},{"@type":"BreadcrumbList","@id":"https:\/\/pournousdeux.be\/index.php\/politique-de-confidentialite\/#breadcrumb","itemListElement":[{"@type":"ListItem","position":1,"name":"Accueil","item":"https:\/\/pournousdeux.be\/"},{"@type":"ListItem","position":2,"name":"Politique de confidentialit\u00e9"}]},{"@type":"WebSite","@id":"https:\/\/pournousdeux.be\/#website","url":"https:\/\/pournousdeux.be\/","name":"Pour Nous Deux","description":"Site de rencontres","publisher":{"@id":"https:\/\/pournousdeux.be\/#organization"},"alternateName":"PND","potentialAction":[{"@type":"SearchAction","target":{"@type":"EntryPoint","urlTemplate":"https:\/\/pournousdeux.be\/?s={search_term_string}"},"query-input":{"@type":"PropertyValueSpecification","valueRequired":true,"valueName":"search_term_string"}}],"inLanguage":"fr-FR"},{"@type":"Organization","@id":"https:\/\/pournousdeux.be\/#organization","name":"ProTech","alternateName":"ProTech","url":"https:\/\/pournousdeux.be\/","logo":{"@type":"ImageObject","inLanguage":"fr-FR","@id":"https:\/\/pournousdeux.be\/#\/schema\/logo\/image\/","url":"https:\/\/pournousdeux.be\/wp-content\/uploads\/2024\/03\/logo.png","contentUrl":"https:\/\/pournousdeux.be\/wp-content\/uploads\/2024\/03\/logo.png","width":350,"height":100,"caption":"ProTech"},"image":{"@id":"https:\/\/pournousdeux.be\/#\/schema\/logo\/image\/"},"sameAs":["https:\/\/x.com\/PourNousDeux"]}]}},"_links":{"self":[{"href":"https:\/\/pournousdeux.be\/index.php\/wp-json\/wp\/v2\/pages\/3","targetHints":{"allow":["GET"]}}],"collection":[{"href":"https:\/\/pournousdeux.be\/index.php\/wp-json\/wp\/v2\/pages"}],"about":[{"href":"https:\/\/pournousdeux.be\/index.php\/wp-json\/wp\/v2\/types\/page"}],"author":[{"embeddable":true,"href":"https:\/\/pournousdeux.be\/index.php\/wp-json\/wp\/v2\/users\/1"}],"replies":[{"embeddable":true,"href":"https:\/\/pournousdeux.be\/index.php\/wp-json\/wp\/v2\/comments?post=3"}],"version-history":[{"count":2,"href":"https:\/\/pournousdeux.be\/index.php\/wp-json\/wp\/v2\/pages\/3\/revisions"}],"predecessor-version":[{"id":1101,"href":"https:\/\/pournousdeux.be\/index.php\/wp-json\/wp\/v2\/pages\/3\/revisions\/1101"}],"wp:attachment":[{"href":"https:\/\/pournousdeux.be\/index.php\/wp-json\/wp\/v2\/media?parent=3"}],"curies":[{"name":"wp","href":"https:\/\/api.w.org\/{rel}","templated":true}]}}