{"id":25,"date":"2024-03-30T21:20:35","date_gmt":"2024-03-30T20:20:35","guid":{"rendered":"https:\/\/pournousdeux.com\/?post_type=buddypress&#038;p=25"},"modified":"2024-05-02T22:29:40","modified_gmt":"2024-05-02T20:29:40","slug":"members","status":"publish","type":"page","link":"https:\/\/pournousdeux.be\/index.php\/members\/","title":{"rendered":"Liste des membres"},"content":{"rendered":"\t\t<div data-elementor-type=\"wp-page\" data-elementor-id=\"25\" class=\"elementor elementor-25\">\n\t\t\t\t<div class=\"elementor-element elementor-element-295e8ac e-con-full e-flex e-con e-parent\" data-id=\"295e8ac\" data-element_type=\"container\" data-e-type=\"container\">\n\t\t<div class=\"elementor-element elementor-element-536a2d3 e-flex e-con-boxed e-con e-child\" data-id=\"536a2d3\" data-element_type=\"container\" data-e-type=\"container\">\n\t\t\t\t\t<div class=\"e-con-inner\">\n\t\t\t\t<div class=\"elementor-element elementor-element-da1a880 elementor-widget elementor-widget-members-carousel\" data-id=\"da1a880\" data-element_type=\"widget\" data-e-type=\"widget\" data-widget_type=\"members-carousel.default\">\n\t\t\t\t<div class=\"elementor-widget-container\">\n\t\t\t\t\t<div class=\"kleo_members_carousel \"><p><span class=\"right hide-for-small\"><a href=\"#\" class=\"profile-thumbs-prev\"><i class=\"icon-circle-arrow-left icon-large\"><\/i><\/a>&nbsp;<a href=\"#\" class=\"profile-thumbs-next\"><i class=\"icon-circle-arrow-right icon-large\"><\/i><\/a><\/span><\/p><div class=\"clearfix\"><\/div><div class=\"carousel-profiles responsive\"><ul class=\"profile-thumbs\"><li><a href=\"https:\/\/pournousdeux.be\/members\/louise\/\"><img loading=\"lazy\" decoding=\"async\" loading=\"lazy\" src=\"https:\/\/pournousdeux.be\/wp-content\/uploads\/avatars\/76\/1753947036-bpthumb.jpg\" class=\" user-76-avatar avatar-75 photo\" width=\"75\" height=\"94\" alt=\"Illustration du profil de Louise Ghrame\" \/><\/a><\/li><li><a href=\"https:\/\/pournousdeux.be\/members\/julien\/\"><img loading=\"lazy\" decoding=\"async\" loading=\"lazy\" src=\"\/\/www.gravatar.com\/avatar\/19290605e17aa1fbfd00d845727d0912?s=75&#038;r=g&#038;d=mm\" class=\" user-75-avatar avatar-75 photo\" width=\"75\" height=\"94\" alt=\"Illustration du profil de Julien Foises\" \/><\/a><\/li><li><a href=\"https:\/\/pournousdeux.be\/members\/victor\/\"><img loading=\"lazy\" decoding=\"async\" loading=\"lazy\" src=\"\/\/www.gravatar.com\/avatar\/d7dbbc4bc11895396262ed46512d7648?s=75&#038;r=g&#038;d=mm\" class=\" user-74-avatar avatar-75 photo\" width=\"75\" height=\"94\" alt=\"Illustration du profil de Victor Leroy\" \/><\/a><\/li><li><a href=\"https:\/\/pournousdeux.be\/members\/elsa\/\"><img loading=\"lazy\" decoding=\"async\" loading=\"lazy\" src=\"https:\/\/pournousdeux.be\/wp-content\/uploads\/avatars\/73\/1753946966-bpthumb.jpg\" class=\" user-73-avatar avatar-75 photo\" width=\"75\" height=\"94\" alt=\"Illustration du profil de Elsa Kose\" \/><\/a><\/li><li><a href=\"https:\/\/pournousdeux.be\/members\/jean\/\"><img loading=\"lazy\" decoding=\"async\" loading=\"lazy\" src=\"\/\/www.gravatar.com\/avatar\/b108e4f324b341f9771939ea1dfa1937?s=75&#038;r=g&#038;d=mm\" class=\" user-71-avatar avatar-75 photo\" width=\"75\" height=\"94\" alt=\"Illustration du profil de Jean-Louis Destane\" \/><\/a><\/li><li><a href=\"https:\/\/pournousdeux.be\/members\/alain\/\"><img loading=\"lazy\" decoding=\"async\" loading=\"lazy\" src=\"https:\/\/pournousdeux.be\/wp-content\/uploads\/avatars\/70\/1753947117-bpthumb.jpg\" class=\" user-70-avatar avatar-75 photo\" width=\"75\" height=\"94\" alt=\"Illustration du profil de Alain Foroise\" \/><\/a><\/li><li><a href=\"https:\/\/pournousdeux.be\/members\/stephane\/\"><img loading=\"lazy\" decoding=\"async\" loading=\"lazy\" src=\"\/\/www.gravatar.com\/avatar\/9248b20c307ebc11fb91ed8b29115f96?s=75&#038;r=g&#038;d=mm\" class=\" user-69-avatar avatar-75 photo\" width=\"75\" height=\"94\" alt=\"Illustration du profil de St\u00e9phane Louth\" \/><\/a><\/li><li><a href=\"https:\/\/pournousdeux.be\/members\/thomas\/\"><img loading=\"lazy\" decoding=\"async\" loading=\"lazy\" src=\"\/\/www.gravatar.com\/avatar\/aa1176e299719ad0dbad28767ceb1f1b?s=75&#038;r=g&#038;d=mm\" class=\" user-68-avatar avatar-75 photo\" width=\"75\" height=\"94\" alt=\"Illustration du profil de Thomas Van derlengen\" \/><\/a><\/li><li><a href=\"https:\/\/pournousdeux.be\/members\/lynda\/\"><img loading=\"lazy\" decoding=\"async\" loading=\"lazy\" src=\"https:\/\/pournousdeux.be\/wp-content\/uploads\/avatars\/67\/1753947195-bpthumb.jpg\" class=\" user-67-avatar avatar-75 photo\" width=\"75\" height=\"94\" alt=\"Illustration du profil de Lynda Sleivh\" \/><\/a><\/li><li><a href=\"https:\/\/pournousdeux.be\/members\/sophie\/\"><img loading=\"lazy\" decoding=\"async\" loading=\"lazy\" src=\"https:\/\/pournousdeux.be\/wp-content\/uploads\/avatars\/66\/1753947239-bpthumb.jpg\" class=\" user-66-avatar avatar-75 photo\" width=\"75\" height=\"94\" alt=\"Illustration du profil de Sophie Jonfhe\" \/><\/a><\/li><li><a href=\"https:\/\/pournousdeux.be\/members\/sam\/\"><img loading=\"lazy\" decoding=\"async\" loading=\"lazy\" src=\"\/\/www.gravatar.com\/avatar\/0c81f4d137bdcead4a0d6433ad32439b?s=75&#038;r=g&#038;d=mm\" class=\" user-65-avatar avatar-75 photo\" width=\"75\" height=\"94\" alt=\"Illustration du profil de Samuel Lerpvain\" \/><\/a><\/li><li><a href=\"https:\/\/pournousdeux.be\/members\/joel\/\"><img loading=\"lazy\" decoding=\"async\" loading=\"lazy\" src=\"\/\/www.gravatar.com\/avatar\/dc574061f34bf59b839e87273a0383aa?s=75&#038;r=g&#038;d=mm\" class=\" user-64-avatar avatar-75 photo\" width=\"75\" height=\"94\" alt=\"Illustration du profil de Joelle Lecoffre\" \/><\/a><\/li><\/ul><\/div><!--end carousel-profiles--><\/div>\t\t\t\t<\/div>\n\t\t\t\t<\/div>\n\t\t\t\t\t<\/div>\n\t\t\t\t<\/div>\n\t\t\t\t<\/div>\n\t\t<div class=\"elementor-element elementor-element-b8a1581 e-grid e-con-boxed e-con e-parent\" data-id=\"b8a1581\" data-element_type=\"container\" data-e-type=\"container\">\n\t\t\t\t\t<div class=\"e-con-inner\">\n\t\t\t\t<div class=\"elementor-element elementor-element-c050953 elementor-widget elementor-widget-recent-groups\" data-id=\"c050953\" data-element_type=\"widget\" data-e-type=\"widget\" data-widget_type=\"recent-groups.default\">\n\t\t\t\t<div class=\"elementor-widget-container\">\n\t\t\t\t\t<div id=\"groups\" class=\"\">\n\t\t\t\t\t<div class=\"six columns group-item\">\n\t\t\t\t\t\t<div class=\"five columns\">\n\t\t\t\t\t\t\t<div class=\"item-header-avatar\">\n\t\t\t\t\t\t\t\t<div class=\"circular-item\" title=\"\">\n\t\t\t\t\t\t\t\t\t<small class=\"icon\">membres<\/small>\n\t\t\t\t\t\t\t\t\t<input type=\"text\" value=\"1\" class=\"pinkCircle\">\n\t\t\t\t\t\t\t\t<\/div>\n\t\t\t\t\t\t\t\t<img loading=\"lazy\" decoding=\"async\" loading=\"lazy\" src=\"\/\/www.gravatar.com\/avatar\/32066a35ded9ba094e160f0d8ba570d7?s=300&#038;r=g&#038;d=mm\" class=\"avatar group-1-avatar avatar-300 photo\" width=\"300\" height=\"300\" alt=\"Logo du groupe Les Montoises\" \/>\n\t\t\t\t\t\t\t<\/div>\n\t\t\t\t\t\t<\/div>\n\t\t\t\t\t\t<h4><a href=\"https:\/\/pournousdeux.be\/groupes\/les-montoises\/\">Les Montoises<\/a><\/h4>\n\t\t\t\t\t\t<p>Groupe qui r\u00e9unis toutes les femmes de la r\u00e9gions montoise...<\/p>\n\t\t\t\t\t\t<p><a href=\"https:\/\/pournousdeux.be\/groupes\/les-montoises\/\">Voir le groupe <i class=\"icon-caret-right\"><\/i><\/a><\/p>\n\t\t\t\t\t<\/div><!--end six-->\n\t\t\t\t\t<div class=\"six columns group-item\">\n\t\t\t\t\t\t<div class=\"five columns\">\n\t\t\t\t\t\t\t<div class=\"item-header-avatar\">\n\t\t\t\t\t\t\t\t<div class=\"circular-item\" title=\"\">\n\t\t\t\t\t\t\t\t\t<small class=\"icon\">membres<\/small>\n\t\t\t\t\t\t\t\t\t<input type=\"text\" value=\"1\" class=\"pinkCircle\">\n\t\t\t\t\t\t\t\t<\/div>\n\t\t\t\t\t\t\t\t<img loading=\"lazy\" decoding=\"async\" loading=\"lazy\" src=\"\/\/www.gravatar.com\/avatar\/46f6546e75d06f7931e667e6320b1b37?s=300&#038;r=g&#038;d=mm\" class=\"avatar group-2-avatar avatar-300 photo\" width=\"300\" height=\"300\" alt=\"Logo du groupe Les lilloises\" \/>\n\t\t\t\t\t\t\t<\/div>\n\t\t\t\t\t\t<\/div>\n\t\t\t\t\t\t<h4><a href=\"https:\/\/pournousdeux.be\/groupes\/les-lilloises\/\">Les lilloises<\/a><\/h4>\n\t\t\t\t\t\t<p>Groupe qui r\u00e9unis toutes les femmes de la r\u00e9gions montoise...<\/p>\n\t\t\t\t\t\t<p><a href=\"https:\/\/pournousdeux.be\/groupes\/les-lilloises\/\">Voir le groupe <i class=\"icon-caret-right\"><\/i><\/a><\/p>\n\t\t\t\t\t<\/div><!--end six--><\/div><div class=\"clear clearfix\"><\/div><script type=\"text\/javascript\">\njQuery(function () {\n    if (!isMobile()) {\n\t\tjQuery(\".item-header-avatar img\").each(function (i) {\n\t\t\tjQuery(this).attr('data-src' ,jQuery(this).attr('src'));\n\t\t\tjQuery(this).attr('src', kleoFramework.blank_img);\n\t\t});\n\n\t\tjQuery('#groups').one('inview', function (event, visible) {\n\t\t\tif (visible) {\n\t\t\t\tvar container = \"#groups\";\n\n\t\t\t\tjQuery(container+\" .item-header-avatar img\").each(function (i) {\n\t\t\t\t\tvar element = jQuery(this);\n\t\t\t\t\tvar delayInterval = 250; \/\/ milliseconds\n\t\t\t\t\tjQuery(this).delay(i * delayInterval).fadeOut(function() { element.attr('src' ,jQuery(this).attr('data-src')); element.fadeIn() });\n\t\t\t\t});\n\n\t\t\t}\n\t\t});\n\t}\n\n});\n<\/script>\t\t\t\t<\/div>\n\t\t\t\t<\/div>\n\t\t<div class=\"elementor-element elementor-element-39d5880 e-flex e-con-boxed e-con e-child\" data-id=\"39d5880\" data-element_type=\"container\" data-e-type=\"container\">\n\t\t\t\t\t<div class=\"e-con-inner\">\n\t\t\t\t\t<\/div>\n\t\t\t\t<\/div>\n\t\t<div class=\"elementor-element elementor-element-b830672 e-flex e-con-boxed e-con e-child\" data-id=\"b830672\" data-element_type=\"container\" data-e-type=\"container\">\n\t\t\t\t\t<div class=\"e-con-inner\">\n\t\t\t\t\t<\/div>\n\t\t\t\t<\/div>\n\t\t\t\t\t<\/div>\n\t\t\t\t<\/div>\n\t\t\t\t<\/div>\n\t\t","protected":false},"excerpt":{"rendered":"<p>&nbsp; membres Les Montoises Groupe qui r\u00e9unis toutes les femmes de la r\u00e9gions montoise&#8230; Voir le groupe membres Les lilloises Groupe qui r\u00e9unis toutes les femmes de la r\u00e9gions montoise&#8230; Voir le groupe<\/p>\n","protected":false},"author":1,"featured_media":0,"parent":0,"menu_order":0,"comment_status":"closed","ping_status":"closed","template":"page-templates\/full-width.php","meta":{"_bbp_topic_count":0,"_bbp_reply_count":0,"_bbp_total_topic_count":0,"_bbp_total_reply_count":0,"_bbp_voice_count":0,"_bbp_anonymous_reply_count":0,"_bbp_topic_count_hidden":0,"_bbp_reply_count_hidden":0,"_bbp_forum_subforum_count":0,"content-type":"","footnotes":""},"class_list":["post-25","page","type-page","status-publish","hentry"],"yoast_head":"<!-- This site is optimized with the Yoast SEO plugin v26.6 - https:\/\/yoast.com\/wordpress\/plugins\/seo\/ -->\n<title>Liste des membres - Pour Nous Deux<\/title>\n<meta name=\"description\" content=\"Page de liste des\" \/>\n<meta name=\"robots\" content=\"index, follow, max-snippet:-1, max-image-preview:large, max-video-preview:-1\" \/>\n<link rel=\"canonical\" href=\"https:\/\/pournousdeux.be\/index.php\/members\/\" \/>\n<meta property=\"og:locale\" content=\"fr_FR\" \/>\n<meta property=\"og:type\" content=\"article\" \/>\n<meta property=\"og:title\" content=\"Liste des membres - Pour Nous Deux\" \/>\n<meta property=\"og:description\" content=\"Page de liste des\" \/>\n<meta property=\"og:url\" content=\"https:\/\/pournousdeux.be\/index.php\/members\/\" \/>\n<meta property=\"og:site_name\" content=\"Pour Nous Deux\" \/>\n<meta property=\"article:modified_time\" content=\"2024-05-02T20:29:40+00:00\" \/>\n<meta property=\"og:image\" content=\"https:\/\/pournousdeux.be\/wp-content\/uploads\/avatars\/12\/1713380465-bpthumb.jpg\" \/>\n<meta name=\"twitter:card\" content=\"summary_large_image\" \/>\n<meta name=\"twitter:site\" content=\"@PourNousDeux\" \/>\n<meta name=\"twitter:label1\" content=\"Dur\u00e9e de lecture estim\u00e9e\" \/>\n\t<meta name=\"twitter:data1\" content=\"6 minutes\" \/>\n<script type=\"application\/ld+json\" class=\"yoast-schema-graph\">{\"@context\":\"https:\/\/schema.org\",\"@graph\":[{\"@type\":\"WebPage\",\"@id\":\"https:\/\/pournousdeux.be\/index.php\/members\/\",\"url\":\"https:\/\/pournousdeux.be\/index.php\/members\/\",\"name\":\"Liste des membres - Pour Nous Deux\",\"isPartOf\":{\"@id\":\"https:\/\/pournousdeux.be\/#website\"},\"primaryImageOfPage\":{\"@id\":\"https:\/\/pournousdeux.be\/index.php\/members\/#primaryimage\"},\"image\":{\"@id\":\"https:\/\/pournousdeux.be\/index.php\/members\/#primaryimage\"},\"thumbnailUrl\":\"https:\/\/pournousdeux.be\/wp-content\/uploads\/avatars\/12\/1713380465-bpthumb.jpg\",\"datePublished\":\"2024-03-30T20:20:35+00:00\",\"dateModified\":\"2024-05-02T20:29:40+00:00\",\"description\":\"Page de liste des\",\"breadcrumb\":{\"@id\":\"https:\/\/pournousdeux.be\/index.php\/members\/#breadcrumb\"},\"inLanguage\":\"fr-FR\",\"potentialAction\":[{\"@type\":\"ReadAction\",\"target\":[\"https:\/\/pournousdeux.be\/index.php\/members\/\"]}]},{\"@type\":\"ImageObject\",\"inLanguage\":\"fr-FR\",\"@id\":\"https:\/\/pournousdeux.be\/index.php\/members\/#primaryimage\",\"url\":\"https:\/\/pournousdeux.be\/wp-content\/uploads\/avatars\/12\/1713380465-bpthumb.jpg\",\"contentUrl\":\"https:\/\/pournousdeux.be\/wp-content\/uploads\/avatars\/12\/1713380465-bpthumb.jpg\"},{\"@type\":\"BreadcrumbList\",\"@id\":\"https:\/\/pournousdeux.be\/index.php\/members\/#breadcrumb\",\"itemListElement\":[{\"@type\":\"ListItem\",\"position\":1,\"name\":\"Accueil\",\"item\":\"https:\/\/pournousdeux.be\/\"},{\"@type\":\"ListItem\",\"position\":2,\"name\":\"Liste des membres\"}]},{\"@type\":\"WebSite\",\"@id\":\"https:\/\/pournousdeux.be\/#website\",\"url\":\"https:\/\/pournousdeux.be\/\",\"name\":\"Pour Nous Deux\",\"description\":\"Site de rencontres\",\"publisher\":{\"@id\":\"https:\/\/pournousdeux.be\/#organization\"},\"alternateName\":\"PND\",\"potentialAction\":[{\"@type\":\"SearchAction\",\"target\":{\"@type\":\"EntryPoint\",\"urlTemplate\":\"https:\/\/pournousdeux.be\/?s={search_term_string}\"},\"query-input\":{\"@type\":\"PropertyValueSpecification\",\"valueRequired\":true,\"valueName\":\"search_term_string\"}}],\"inLanguage\":\"fr-FR\"},{\"@type\":\"Organization\",\"@id\":\"https:\/\/pournousdeux.be\/#organization\",\"name\":\"ProTech\",\"alternateName\":\"ProTech\",\"url\":\"https:\/\/pournousdeux.be\/\",\"logo\":{\"@type\":\"ImageObject\",\"inLanguage\":\"fr-FR\",\"@id\":\"https:\/\/pournousdeux.be\/#\/schema\/logo\/image\/\",\"url\":\"https:\/\/pournousdeux.be\/wp-content\/uploads\/2024\/03\/logo.png\",\"contentUrl\":\"https:\/\/pournousdeux.be\/wp-content\/uploads\/2024\/03\/logo.png\",\"width\":350,\"height\":100,\"caption\":\"ProTech\"},\"image\":{\"@id\":\"https:\/\/pournousdeux.be\/#\/schema\/logo\/image\/\"},\"sameAs\":[\"https:\/\/x.com\/PourNousDeux\"]}]}<\/script>\n<!-- \/ Yoast SEO plugin. -->","yoast_head_json":{"title":"Liste des membres - Pour Nous Deux","description":"Page de liste des","robots":{"index":"index","follow":"follow","max-snippet":"max-snippet:-1","max-image-preview":"max-image-preview:large","max-video-preview":"max-video-preview:-1"},"canonical":"https:\/\/pournousdeux.be\/index.php\/members\/","og_locale":"fr_FR","og_type":"article","og_title":"Liste des membres - Pour Nous Deux","og_description":"Page de liste des","og_url":"https:\/\/pournousdeux.be\/index.php\/members\/","og_site_name":"Pour Nous Deux","article_modified_time":"2024-05-02T20:29:40+00:00","og_image":[{"url":"https:\/\/pournousdeux.be\/wp-content\/uploads\/avatars\/12\/1713380465-bpthumb.jpg","type":"","width":"","height":""}],"twitter_card":"summary_large_image","twitter_site":"@PourNousDeux","twitter_misc":{"Dur\u00e9e de lecture estim\u00e9e":"6 minutes"},"schema":{"@context":"https:\/\/schema.org","@graph":[{"@type":"WebPage","@id":"https:\/\/pournousdeux.be\/index.php\/members\/","url":"https:\/\/pournousdeux.be\/index.php\/members\/","name":"Liste des membres - Pour Nous Deux","isPartOf":{"@id":"https:\/\/pournousdeux.be\/#website"},"primaryImageOfPage":{"@id":"https:\/\/pournousdeux.be\/index.php\/members\/#primaryimage"},"image":{"@id":"https:\/\/pournousdeux.be\/index.php\/members\/#primaryimage"},"thumbnailUrl":"https:\/\/pournousdeux.be\/wp-content\/uploads\/avatars\/12\/1713380465-bpthumb.jpg","datePublished":"2024-03-30T20:20:35+00:00","dateModified":"2024-05-02T20:29:40+00:00","description":"Page de liste des","breadcrumb":{"@id":"https:\/\/pournousdeux.be\/index.php\/members\/#breadcrumb"},"inLanguage":"fr-FR","potentialAction":[{"@type":"ReadAction","target":["https:\/\/pournousdeux.be\/index.php\/members\/"]}]},{"@type":"ImageObject","inLanguage":"fr-FR","@id":"https:\/\/pournousdeux.be\/index.php\/members\/#primaryimage","url":"https:\/\/pournousdeux.be\/wp-content\/uploads\/avatars\/12\/1713380465-bpthumb.jpg","contentUrl":"https:\/\/pournousdeux.be\/wp-content\/uploads\/avatars\/12\/1713380465-bpthumb.jpg"},{"@type":"BreadcrumbList","@id":"https:\/\/pournousdeux.be\/index.php\/members\/#breadcrumb","itemListElement":[{"@type":"ListItem","position":1,"name":"Accueil","item":"https:\/\/pournousdeux.be\/"},{"@type":"ListItem","position":2,"name":"Liste des membres"}]},{"@type":"WebSite","@id":"https:\/\/pournousdeux.be\/#website","url":"https:\/\/pournousdeux.be\/","name":"Pour Nous Deux","description":"Site de rencontres","publisher":{"@id":"https:\/\/pournousdeux.be\/#organization"},"alternateName":"PND","potentialAction":[{"@type":"SearchAction","target":{"@type":"EntryPoint","urlTemplate":"https:\/\/pournousdeux.be\/?s={search_term_string}"},"query-input":{"@type":"PropertyValueSpecification","valueRequired":true,"valueName":"search_term_string"}}],"inLanguage":"fr-FR"},{"@type":"Organization","@id":"https:\/\/pournousdeux.be\/#organization","name":"ProTech","alternateName":"ProTech","url":"https:\/\/pournousdeux.be\/","logo":{"@type":"ImageObject","inLanguage":"fr-FR","@id":"https:\/\/pournousdeux.be\/#\/schema\/logo\/image\/","url":"https:\/\/pournousdeux.be\/wp-content\/uploads\/2024\/03\/logo.png","contentUrl":"https:\/\/pournousdeux.be\/wp-content\/uploads\/2024\/03\/logo.png","width":350,"height":100,"caption":"ProTech"},"image":{"@id":"https:\/\/pournousdeux.be\/#\/schema\/logo\/image\/"},"sameAs":["https:\/\/x.com\/PourNousDeux"]}]}},"_links":{"self":[{"href":"https:\/\/pournousdeux.be\/index.php\/wp-json\/wp\/v2\/pages\/25","targetHints":{"allow":["GET"]}}],"collection":[{"href":"https:\/\/pournousdeux.be\/index.php\/wp-json\/wp\/v2\/pages"}],"about":[{"href":"https:\/\/pournousdeux.be\/index.php\/wp-json\/wp\/v2\/types\/page"}],"author":[{"embeddable":true,"href":"https:\/\/pournousdeux.be\/index.php\/wp-json\/wp\/v2\/users\/1"}],"replies":[{"embeddable":true,"href":"https:\/\/pournousdeux.be\/index.php\/wp-json\/wp\/v2\/comments?post=25"}],"version-history":[{"count":23,"href":"https:\/\/pournousdeux.be\/index.php\/wp-json\/wp\/v2\/pages\/25\/revisions"}],"predecessor-version":[{"id":1376,"href":"https:\/\/pournousdeux.be\/index.php\/wp-json\/wp\/v2\/pages\/25\/revisions\/1376"}],"wp:attachment":[{"href":"https:\/\/pournousdeux.be\/index.php\/wp-json\/wp\/v2\/media?parent=25"}],"curies":[{"name":"wp","href":"https:\/\/api.w.org\/{rel}","templated":true}]}}