{"id":1714,"date":"2025-10-28T16:04:47","date_gmt":"2025-10-28T15:04:47","guid":{"rendered":"https:\/\/pournousdeux.be\/?page_id=1714"},"modified":"2025-10-28T17:45:03","modified_gmt":"2025-10-28T16:45:03","slug":"videos-femmes-matures","status":"publish","type":"page","link":"https:\/\/pournousdeux.be\/index.php\/videos-femmes-matures\/","title":{"rendered":"Vid\u00e9os Femmes Matures"},"content":{"rendered":"\n<h1 class=\"wp-block-heading\">Plongez dans <strong>MatureX Vid\u00e9o<\/strong>                                 Le Plaisir Sans Limite !<\/h1>\n\n\n\n<p class=\"has-medium-font-size\">Imaginez : des courbes affolantes qui ondulent sans retenue, des g\u00e9missements rauques qui r\u00e9sonnent comme une invitation, des corps experts qui <mark style=\"background-color:rgba(0, 0, 0, 0)\" class=\"has-inline-color has-vivid-red-color\"><strong>exigent<\/strong> <\/mark>le plaisir le plus cru, le plus intense.<\/p>\n\n\n\n<p class=\"has-medium-font-size\">Ici, <strong><mark style=\"background-color:rgba(0, 0, 0, 0)\" class=\"has-inline-color has-vivid-red-color\">la maturit\u00e9 explose en hard pur<\/mark><\/strong>. Femmes de 40, 50, 60 ans et plus, film\u00e9es en full HD : fellations voraces, p\u00e9n\u00e9trations profondes, jeux interdits, orgasmes qui secouent l\u2019\u00e9cran. Rien n\u2019est simul\u00e9, tout est <strong><mark style=\"background-color:rgba(0, 0, 0, 0)\" class=\"has-inline-color has-vivid-red-color\">brut, r\u00e9el, addictif<\/mark><\/strong>.<\/p>\n\n\n\n<p class=\"has-medium-font-size\">Pr\u00eat \u00e0 <mark style=\"background-color:rgba(0, 0, 0, 0)\" class=\"has-inline-color has-vivid-red-color\"><strong>voir l\u2019exp\u00e9rience prendre le pouvoir<\/strong> <\/mark>? Acc\u00e8s instantan\u00e9, vid\u00e9os exclusives, mises \u00e0 jour quotidiennes.<\/p>\n\n\n\n<p class=\"has-medium-font-size\">\ud83d\udd25 <strong><mark style=\"background-color:rgba(0, 0, 0, 0)\" class=\"has-inline-color has-vivid-red-color\">MatureX Vid\u00e9o<\/mark><\/strong> \u2013 Parce que le vrai hard commence quand<mark style=\"background-color:rgba(0, 0, 0, 0)\" class=\"has-inline-color has-vivid-red-color\"> <strong>la femme mature l\u00e2che tout<\/strong><\/mark>.<\/p>\n\n\n\n<div class=\"wp-block-columns is-layout-flex wp-container-core-columns-is-layout-9d6595d7 wp-block-columns-is-layout-flex\">\n<div class=\"wp-block-column is-layout-flow wp-block-column-is-layout-flow\"><\/div>\n\n\n\n<div class=\"wp-block-column is-layout-flow wp-block-column-is-layout-flow\"><\/div>\n\n\n\n<div class=\"wp-block-column is-layout-flow wp-block-column-is-layout-flow\"><\/div>\n<\/div>\n\n\n\n<div class=\"wp-block-columns is-layout-flex wp-container-core-columns-is-layout-9d6595d7 wp-block-columns-is-layout-flex\">\n<div class=\"wp-block-column is-layout-flow wp-block-column-is-layout-flow\">\n<div class=\"wp-block-group is-nowrap is-layout-flex wp-container-core-group-is-layout-ad2f72ca wp-block-group-is-layout-flex\">\n<div class=\"wp-block-media-text is-stacked-on-mobile\" style=\"grid-template-columns:62% auto\"><figure class=\"wp-block-media-text__media\"><video controls src=\"https:\/\/pournousdeux.be\/wp-content\/uploads\/2025\/10\/Je-ne-sais-pas-pourquoi-mais-tout-le-monde-veut-baiser-cette-mam-3.mp4\"><\/video><\/figure><div class=\"wp-block-media-text__content\">\n<p><strong><mark style=\"background-color:rgba(0, 0, 0, 0)\" class=\"has-inline-color has-vivid-red-color\">Les Matures en l&#8217;action<\/mark><\/strong><\/p>\n<\/div><\/div>\n<\/div>\n<\/div>\n\n\n\n<div class=\"wp-block-column is-layout-flow wp-block-column-is-layout-flow\">\n<figure class=\"wp-block-video aligncenter\"><video height=\"1080\" style=\"aspect-ratio: 1920 \/ 1080;\" width=\"1920\" controls src=\"https:\/\/pournousdeux.be\/wp-content\/uploads\/2025\/10\/Une-grosse-mamie-rousse-se-fait-baiser-et-ejaculer-sur-les-seins-9.mp4\"><\/video><\/figure>\n<\/div>\n<\/div>\n\n\n\n<hr class=\"wp-block-separator has-alpha-channel-opacity\"\/>\n\n\n\n<figure class=\"wp-block-video\"><video height=\"480\" style=\"aspect-ratio: 852 \/ 480;\" width=\"852\" controls src=\"https:\/\/pournousdeux.be\/wp-content\/uploads\/2025\/10\/Grosse-bite-baise-mature-1.mp4\"><\/video><\/figure>\n\n\n\n<p><\/p>\n","protected":false},"excerpt":{"rendered":"<p>Plongez dans MatureX Vid\u00e9o Le Plaisir Sans Limite ! Imaginez : des courbes affolantes qui ondulent sans retenue, des g\u00e9missements rauques qui r\u00e9sonnent comme une invitation, des corps experts qui exigent le plaisir le plus cru, le plus intense. Ici, la maturit\u00e9 explose en hard pur. Femmes de 40, 50, 60 ans et plus, film\u00e9es [&hellip;]<\/p>\n","protected":false},"author":1,"featured_media":0,"parent":0,"menu_order":0,"comment_status":"closed","ping_status":"closed","template":"page-templates\/full-width.php","meta":{"_bbp_topic_count":0,"_bbp_reply_count":0,"_bbp_total_topic_count":0,"_bbp_total_reply_count":0,"_bbp_voice_count":0,"_bbp_anonymous_reply_count":0,"_bbp_topic_count_hidden":0,"_bbp_reply_count_hidden":0,"_bbp_forum_subforum_count":0,"content-type":"","footnotes":""},"class_list":["post-1714","page","type-page","status-publish","hentry"],"yoast_head":"<!-- This site is optimized with the Yoast SEO plugin v26.6 - https:\/\/yoast.com\/wordpress\/plugins\/seo\/ -->\n<title>Vid\u00e9os Femmes Matures - Pour Nous Deux<\/title>\n<meta name=\"robots\" content=\"index, follow, max-snippet:-1, max-image-preview:large, max-video-preview:-1\" \/>\n<link rel=\"canonical\" href=\"https:\/\/pournousdeux.be\/index.php\/videos-femmes-matures\/\" \/>\n<meta property=\"og:locale\" content=\"fr_FR\" \/>\n<meta property=\"og:type\" content=\"article\" \/>\n<meta property=\"og:title\" content=\"Vid\u00e9os Femmes Matures - Pour Nous Deux\" \/>\n<meta property=\"og:description\" content=\"Plongez dans MatureX Vid\u00e9o Le Plaisir Sans Limite ! Imaginez : des courbes affolantes qui ondulent sans retenue, des g\u00e9missements rauques qui r\u00e9sonnent comme une invitation, des corps experts qui exigent le plaisir le plus cru, le plus intense. Ici, la maturit\u00e9 explose en hard pur. Femmes de 40, 50, 60 ans et plus, film\u00e9es [&hellip;]\" \/>\n<meta property=\"og:url\" content=\"https:\/\/pournousdeux.be\/index.php\/videos-femmes-matures\/\" \/>\n<meta property=\"og:site_name\" content=\"Pour Nous Deux\" \/>\n<meta property=\"article:modified_time\" content=\"2025-10-28T16:45:03+00:00\" \/>\n<meta property=\"og:image\" content=\"https:\/\/pournousdeux.be\/wp-content\/uploads\/2024\/04\/logo.png\" \/>\n\t<meta property=\"og:image:width\" content=\"350\" \/>\n\t<meta property=\"og:image:height\" content=\"100\" \/>\n\t<meta property=\"og:image:type\" content=\"image\/png\" \/>\n<meta name=\"twitter:card\" content=\"summary_large_image\" \/>\n<meta name=\"twitter:site\" content=\"@PourNousDeux\" \/>\n<meta name=\"twitter:label1\" content=\"Dur\u00e9e de lecture estim\u00e9e\" \/>\n\t<meta name=\"twitter:data1\" content=\"1 minute\" \/>\n<script type=\"application\/ld+json\" class=\"yoast-schema-graph\">{\"@context\":\"https:\/\/schema.org\",\"@graph\":[{\"@type\":\"WebPage\",\"@id\":\"https:\/\/pournousdeux.be\/index.php\/videos-femmes-matures\/\",\"url\":\"https:\/\/pournousdeux.be\/index.php\/videos-femmes-matures\/\",\"name\":\"Vid\u00e9os Femmes Matures - Pour Nous Deux\",\"isPartOf\":{\"@id\":\"https:\/\/pournousdeux.be\/#website\"},\"datePublished\":\"2025-10-28T15:04:47+00:00\",\"dateModified\":\"2025-10-28T16:45:03+00:00\",\"breadcrumb\":{\"@id\":\"https:\/\/pournousdeux.be\/index.php\/videos-femmes-matures\/#breadcrumb\"},\"inLanguage\":\"fr-FR\",\"potentialAction\":[{\"@type\":\"ReadAction\",\"target\":[\"https:\/\/pournousdeux.be\/index.php\/videos-femmes-matures\/\"]}]},{\"@type\":\"BreadcrumbList\",\"@id\":\"https:\/\/pournousdeux.be\/index.php\/videos-femmes-matures\/#breadcrumb\",\"itemListElement\":[{\"@type\":\"ListItem\",\"position\":1,\"name\":\"Accueil\",\"item\":\"https:\/\/pournousdeux.be\/\"},{\"@type\":\"ListItem\",\"position\":2,\"name\":\"Vid\u00e9os Femmes Matures\"}]},{\"@type\":\"WebSite\",\"@id\":\"https:\/\/pournousdeux.be\/#website\",\"url\":\"https:\/\/pournousdeux.be\/\",\"name\":\"Pour Nous Deux\",\"description\":\"Site de rencontres\",\"publisher\":{\"@id\":\"https:\/\/pournousdeux.be\/#organization\"},\"alternateName\":\"PND\",\"potentialAction\":[{\"@type\":\"SearchAction\",\"target\":{\"@type\":\"EntryPoint\",\"urlTemplate\":\"https:\/\/pournousdeux.be\/?s={search_term_string}\"},\"query-input\":{\"@type\":\"PropertyValueSpecification\",\"valueRequired\":true,\"valueName\":\"search_term_string\"}}],\"inLanguage\":\"fr-FR\"},{\"@type\":\"Organization\",\"@id\":\"https:\/\/pournousdeux.be\/#organization\",\"name\":\"ProTech\",\"alternateName\":\"ProTech\",\"url\":\"https:\/\/pournousdeux.be\/\",\"logo\":{\"@type\":\"ImageObject\",\"inLanguage\":\"fr-FR\",\"@id\":\"https:\/\/pournousdeux.be\/#\/schema\/logo\/image\/\",\"url\":\"https:\/\/pournousdeux.be\/wp-content\/uploads\/2024\/03\/logo.png\",\"contentUrl\":\"https:\/\/pournousdeux.be\/wp-content\/uploads\/2024\/03\/logo.png\",\"width\":350,\"height\":100,\"caption\":\"ProTech\"},\"image\":{\"@id\":\"https:\/\/pournousdeux.be\/#\/schema\/logo\/image\/\"},\"sameAs\":[\"https:\/\/x.com\/PourNousDeux\"]}]}<\/script>\n<!-- \/ Yoast SEO plugin. -->","yoast_head_json":{"title":"Vid\u00e9os Femmes Matures - Pour Nous Deux","robots":{"index":"index","follow":"follow","max-snippet":"max-snippet:-1","max-image-preview":"max-image-preview:large","max-video-preview":"max-video-preview:-1"},"canonical":"https:\/\/pournousdeux.be\/index.php\/videos-femmes-matures\/","og_locale":"fr_FR","og_type":"article","og_title":"Vid\u00e9os Femmes Matures - Pour Nous Deux","og_description":"Plongez dans MatureX Vid\u00e9o Le Plaisir Sans Limite ! Imaginez : des courbes affolantes qui ondulent sans retenue, des g\u00e9missements rauques qui r\u00e9sonnent comme une invitation, des corps experts qui exigent le plaisir le plus cru, le plus intense. Ici, la maturit\u00e9 explose en hard pur. Femmes de 40, 50, 60 ans et plus, film\u00e9es [&hellip;]","og_url":"https:\/\/pournousdeux.be\/index.php\/videos-femmes-matures\/","og_site_name":"Pour Nous Deux","article_modified_time":"2025-10-28T16:45:03+00:00","og_image":[{"width":350,"height":100,"url":"https:\/\/pournousdeux.be\/wp-content\/uploads\/2024\/04\/logo.png","type":"image\/png"}],"twitter_card":"summary_large_image","twitter_site":"@PourNousDeux","twitter_misc":{"Dur\u00e9e de lecture estim\u00e9e":"1 minute"},"schema":{"@context":"https:\/\/schema.org","@graph":[{"@type":"WebPage","@id":"https:\/\/pournousdeux.be\/index.php\/videos-femmes-matures\/","url":"https:\/\/pournousdeux.be\/index.php\/videos-femmes-matures\/","name":"Vid\u00e9os Femmes Matures - Pour Nous Deux","isPartOf":{"@id":"https:\/\/pournousdeux.be\/#website"},"datePublished":"2025-10-28T15:04:47+00:00","dateModified":"2025-10-28T16:45:03+00:00","breadcrumb":{"@id":"https:\/\/pournousdeux.be\/index.php\/videos-femmes-matures\/#breadcrumb"},"inLanguage":"fr-FR","potentialAction":[{"@type":"ReadAction","target":["https:\/\/pournousdeux.be\/index.php\/videos-femmes-matures\/"]}]},{"@type":"BreadcrumbList","@id":"https:\/\/pournousdeux.be\/index.php\/videos-femmes-matures\/#breadcrumb","itemListElement":[{"@type":"ListItem","position":1,"name":"Accueil","item":"https:\/\/pournousdeux.be\/"},{"@type":"ListItem","position":2,"name":"Vid\u00e9os Femmes Matures"}]},{"@type":"WebSite","@id":"https:\/\/pournousdeux.be\/#website","url":"https:\/\/pournousdeux.be\/","name":"Pour Nous Deux","description":"Site de rencontres","publisher":{"@id":"https:\/\/pournousdeux.be\/#organization"},"alternateName":"PND","potentialAction":[{"@type":"SearchAction","target":{"@type":"EntryPoint","urlTemplate":"https:\/\/pournousdeux.be\/?s={search_term_string}"},"query-input":{"@type":"PropertyValueSpecification","valueRequired":true,"valueName":"search_term_string"}}],"inLanguage":"fr-FR"},{"@type":"Organization","@id":"https:\/\/pournousdeux.be\/#organization","name":"ProTech","alternateName":"ProTech","url":"https:\/\/pournousdeux.be\/","logo":{"@type":"ImageObject","inLanguage":"fr-FR","@id":"https:\/\/pournousdeux.be\/#\/schema\/logo\/image\/","url":"https:\/\/pournousdeux.be\/wp-content\/uploads\/2024\/03\/logo.png","contentUrl":"https:\/\/pournousdeux.be\/wp-content\/uploads\/2024\/03\/logo.png","width":350,"height":100,"caption":"ProTech"},"image":{"@id":"https:\/\/pournousdeux.be\/#\/schema\/logo\/image\/"},"sameAs":["https:\/\/x.com\/PourNousDeux"]}]}},"_links":{"self":[{"href":"https:\/\/pournousdeux.be\/index.php\/wp-json\/wp\/v2\/pages\/1714","targetHints":{"allow":["GET"]}}],"collection":[{"href":"https:\/\/pournousdeux.be\/index.php\/wp-json\/wp\/v2\/pages"}],"about":[{"href":"https:\/\/pournousdeux.be\/index.php\/wp-json\/wp\/v2\/types\/page"}],"author":[{"embeddable":true,"href":"https:\/\/pournousdeux.be\/index.php\/wp-json\/wp\/v2\/users\/1"}],"replies":[{"embeddable":true,"href":"https:\/\/pournousdeux.be\/index.php\/wp-json\/wp\/v2\/comments?post=1714"}],"version-history":[{"count":6,"href":"https:\/\/pournousdeux.be\/index.php\/wp-json\/wp\/v2\/pages\/1714\/revisions"}],"predecessor-version":[{"id":1744,"href":"https:\/\/pournousdeux.be\/index.php\/wp-json\/wp\/v2\/pages\/1714\/revisions\/1744"}],"wp:attachment":[{"href":"https:\/\/pournousdeux.be\/index.php\/wp-json\/wp\/v2\/media?parent=1714"}],"curies":[{"name":"wp","href":"https:\/\/api.w.org\/{rel}","templated":true}]}}