{"id":1693,"date":"2025-10-28T15:21:40","date_gmt":"2025-10-28T14:21:40","guid":{"rendered":"https:\/\/pournousdeux.be\/?page_id=1693"},"modified":"2025-10-28T15:22:06","modified_gmt":"2025-10-28T14:22:06","slug":"lgbtqia","status":"publish","type":"page","link":"https:\/\/pournousdeux.be\/index.php\/lgbtqia\/","title":{"rendered":"LGBTQIA+"},"content":{"rendered":"\n<h1 class=\"wp-block-heading\">Bienvenue sur <strong>Arc-en-Ciel<\/strong>                            L\u2019Amour Sans Fronti\u00e8res !<\/h1>\n\n\n\n<p>Imaginez : un frisson qui ignore les \u00e9tiquettes, un baiser qui d\u00e9fie les cases, un c\u0153ur qui bat au rythme de <strong>toutes<\/strong> les couleurs.<\/p>\n\n\n\n<p>Ici, <strong>l\u2019identit\u00e9 n\u2019est pas un obstacle, c\u2019est un feu d\u2019artifice<\/strong>. Des \u00e2mes vibrantes \u2013 queer, trans, non-binaires, bi, pan, asexuelles, intersexes, alli\u00e9es \u2013 pr\u00eates \u00e0 \u00e9crire leur propre histoire d\u2019amour, de d\u00e9sir ou de complicit\u00e9.<\/p>\n\n\n\n<p>Pr\u00eat \u00e0 <strong>vivre l\u2019amour en grand, en vrai, en libre<\/strong> ? Inscrivez-vous gratuitement et laissez la magie op\u00e9rer\u2026 sans filtre.<\/p>\n\n\n\n<p>\ud83c\udf08 <strong>Arc-en-Ciel<\/strong> \u2013 Parce que l\u2019amour v\u00e9ritable est <strong>infiniment inclusif<\/strong>.<\/p>\n\n\n<div class=\"wp-block-image\">\n<figure class=\"aligncenter size-full\"><img decoding=\"async\" width=\"241\" height=\"148\" src=\"https:\/\/pournousdeux.be\/wp-content\/uploads\/2025\/07\/lgbtqia-logo1.png\" alt=\"\" class=\"wp-image-1660\"\/><\/figure>\n<\/div>","protected":false},"excerpt":{"rendered":"<p>Bienvenue sur Arc-en-Ciel L\u2019Amour Sans Fronti\u00e8res ! Imaginez : un frisson qui ignore les \u00e9tiquettes, un baiser qui d\u00e9fie les cases, un c\u0153ur qui bat au rythme de toutes les couleurs. Ici, l\u2019identit\u00e9 n\u2019est pas un obstacle, c\u2019est un feu d\u2019artifice. Des \u00e2mes vibrantes \u2013 queer, trans, non-binaires, bi, pan, asexuelles, intersexes, alli\u00e9es \u2013 pr\u00eates [&hellip;]<\/p>\n","protected":false},"author":1,"featured_media":0,"parent":0,"menu_order":0,"comment_status":"closed","ping_status":"closed","template":"page-templates\/full-width.php","meta":{"_bbp_topic_count":0,"_bbp_reply_count":0,"_bbp_total_topic_count":0,"_bbp_total_reply_count":0,"_bbp_voice_count":0,"_bbp_anonymous_reply_count":0,"_bbp_topic_count_hidden":0,"_bbp_reply_count_hidden":0,"_bbp_forum_subforum_count":0,"content-type":"","footnotes":""},"class_list":["post-1693","page","type-page","status-publish","hentry"],"yoast_head":"<!-- This site is optimized with the Yoast SEO plugin v26.6 - https:\/\/yoast.com\/wordpress\/plugins\/seo\/ -->\n<title>LGBTQIA+ - Pour Nous Deux<\/title>\n<meta name=\"robots\" content=\"index, follow, max-snippet:-1, max-image-preview:large, max-video-preview:-1\" \/>\n<link rel=\"canonical\" href=\"https:\/\/pournousdeux.be\/index.php\/lgbtqia\/\" \/>\n<meta property=\"og:locale\" content=\"fr_FR\" \/>\n<meta property=\"og:type\" content=\"article\" \/>\n<meta property=\"og:title\" content=\"LGBTQIA+ - Pour Nous Deux\" \/>\n<meta property=\"og:description\" content=\"Bienvenue sur Arc-en-Ciel L\u2019Amour Sans Fronti\u00e8res ! Imaginez : un frisson qui ignore les \u00e9tiquettes, un baiser qui d\u00e9fie les cases, un c\u0153ur qui bat au rythme de toutes les couleurs. Ici, l\u2019identit\u00e9 n\u2019est pas un obstacle, c\u2019est un feu d\u2019artifice. Des \u00e2mes vibrantes \u2013 queer, trans, non-binaires, bi, pan, asexuelles, intersexes, alli\u00e9es \u2013 pr\u00eates [&hellip;]\" \/>\n<meta property=\"og:url\" content=\"https:\/\/pournousdeux.be\/index.php\/lgbtqia\/\" \/>\n<meta property=\"og:site_name\" content=\"Pour Nous Deux\" \/>\n<meta property=\"article:modified_time\" content=\"2025-10-28T14:22:06+00:00\" \/>\n<meta property=\"og:image\" content=\"https:\/\/pournousdeux.be\/wp-content\/uploads\/2025\/07\/lgbtqia-logo1.png\" \/>\n\t<meta property=\"og:image:width\" content=\"241\" \/>\n\t<meta property=\"og:image:height\" content=\"148\" \/>\n\t<meta property=\"og:image:type\" content=\"image\/png\" \/>\n<meta name=\"twitter:card\" content=\"summary_large_image\" \/>\n<meta name=\"twitter:site\" content=\"@PourNousDeux\" \/>\n<meta name=\"twitter:label1\" content=\"Dur\u00e9e de lecture estim\u00e9e\" \/>\n\t<meta name=\"twitter:data1\" content=\"1 minute\" \/>\n<script type=\"application\/ld+json\" class=\"yoast-schema-graph\">{\"@context\":\"https:\/\/schema.org\",\"@graph\":[{\"@type\":\"WebPage\",\"@id\":\"https:\/\/pournousdeux.be\/index.php\/lgbtqia\/\",\"url\":\"https:\/\/pournousdeux.be\/index.php\/lgbtqia\/\",\"name\":\"LGBTQIA+ - Pour Nous Deux\",\"isPartOf\":{\"@id\":\"https:\/\/pournousdeux.be\/#website\"},\"primaryImageOfPage\":{\"@id\":\"https:\/\/pournousdeux.be\/index.php\/lgbtqia\/#primaryimage\"},\"image\":{\"@id\":\"https:\/\/pournousdeux.be\/index.php\/lgbtqia\/#primaryimage\"},\"thumbnailUrl\":\"https:\/\/pournousdeux.be\/wp-content\/uploads\/2025\/07\/lgbtqia-logo1.png\",\"datePublished\":\"2025-10-28T14:21:40+00:00\",\"dateModified\":\"2025-10-28T14:22:06+00:00\",\"breadcrumb\":{\"@id\":\"https:\/\/pournousdeux.be\/index.php\/lgbtqia\/#breadcrumb\"},\"inLanguage\":\"fr-FR\",\"potentialAction\":[{\"@type\":\"ReadAction\",\"target\":[\"https:\/\/pournousdeux.be\/index.php\/lgbtqia\/\"]}]},{\"@type\":\"ImageObject\",\"inLanguage\":\"fr-FR\",\"@id\":\"https:\/\/pournousdeux.be\/index.php\/lgbtqia\/#primaryimage\",\"url\":\"https:\/\/pournousdeux.be\/wp-content\/uploads\/2025\/07\/lgbtqia-logo1.png\",\"contentUrl\":\"https:\/\/pournousdeux.be\/wp-content\/uploads\/2025\/07\/lgbtqia-logo1.png\",\"width\":241,\"height\":148},{\"@type\":\"BreadcrumbList\",\"@id\":\"https:\/\/pournousdeux.be\/index.php\/lgbtqia\/#breadcrumb\",\"itemListElement\":[{\"@type\":\"ListItem\",\"position\":1,\"name\":\"Accueil\",\"item\":\"https:\/\/pournousdeux.be\/\"},{\"@type\":\"ListItem\",\"position\":2,\"name\":\"LGBTQIA+\"}]},{\"@type\":\"WebSite\",\"@id\":\"https:\/\/pournousdeux.be\/#website\",\"url\":\"https:\/\/pournousdeux.be\/\",\"name\":\"Pour Nous Deux\",\"description\":\"Site de rencontres\",\"publisher\":{\"@id\":\"https:\/\/pournousdeux.be\/#organization\"},\"alternateName\":\"PND\",\"potentialAction\":[{\"@type\":\"SearchAction\",\"target\":{\"@type\":\"EntryPoint\",\"urlTemplate\":\"https:\/\/pournousdeux.be\/?s={search_term_string}\"},\"query-input\":{\"@type\":\"PropertyValueSpecification\",\"valueRequired\":true,\"valueName\":\"search_term_string\"}}],\"inLanguage\":\"fr-FR\"},{\"@type\":\"Organization\",\"@id\":\"https:\/\/pournousdeux.be\/#organization\",\"name\":\"ProTech\",\"alternateName\":\"ProTech\",\"url\":\"https:\/\/pournousdeux.be\/\",\"logo\":{\"@type\":\"ImageObject\",\"inLanguage\":\"fr-FR\",\"@id\":\"https:\/\/pournousdeux.be\/#\/schema\/logo\/image\/\",\"url\":\"https:\/\/pournousdeux.be\/wp-content\/uploads\/2024\/03\/logo.png\",\"contentUrl\":\"https:\/\/pournousdeux.be\/wp-content\/uploads\/2024\/03\/logo.png\",\"width\":350,\"height\":100,\"caption\":\"ProTech\"},\"image\":{\"@id\":\"https:\/\/pournousdeux.be\/#\/schema\/logo\/image\/\"},\"sameAs\":[\"https:\/\/x.com\/PourNousDeux\"]}]}<\/script>\n<!-- \/ Yoast SEO plugin. -->","yoast_head_json":{"title":"LGBTQIA+ - Pour Nous Deux","robots":{"index":"index","follow":"follow","max-snippet":"max-snippet:-1","max-image-preview":"max-image-preview:large","max-video-preview":"max-video-preview:-1"},"canonical":"https:\/\/pournousdeux.be\/index.php\/lgbtqia\/","og_locale":"fr_FR","og_type":"article","og_title":"LGBTQIA+ - Pour Nous Deux","og_description":"Bienvenue sur Arc-en-Ciel L\u2019Amour Sans Fronti\u00e8res ! Imaginez : un frisson qui ignore les \u00e9tiquettes, un baiser qui d\u00e9fie les cases, un c\u0153ur qui bat au rythme de toutes les couleurs. Ici, l\u2019identit\u00e9 n\u2019est pas un obstacle, c\u2019est un feu d\u2019artifice. Des \u00e2mes vibrantes \u2013 queer, trans, non-binaires, bi, pan, asexuelles, intersexes, alli\u00e9es \u2013 pr\u00eates [&hellip;]","og_url":"https:\/\/pournousdeux.be\/index.php\/lgbtqia\/","og_site_name":"Pour Nous Deux","article_modified_time":"2025-10-28T14:22:06+00:00","og_image":[{"width":241,"height":148,"url":"https:\/\/pournousdeux.be\/wp-content\/uploads\/2025\/07\/lgbtqia-logo1.png","type":"image\/png"}],"twitter_card":"summary_large_image","twitter_site":"@PourNousDeux","twitter_misc":{"Dur\u00e9e de lecture estim\u00e9e":"1 minute"},"schema":{"@context":"https:\/\/schema.org","@graph":[{"@type":"WebPage","@id":"https:\/\/pournousdeux.be\/index.php\/lgbtqia\/","url":"https:\/\/pournousdeux.be\/index.php\/lgbtqia\/","name":"LGBTQIA+ - Pour Nous Deux","isPartOf":{"@id":"https:\/\/pournousdeux.be\/#website"},"primaryImageOfPage":{"@id":"https:\/\/pournousdeux.be\/index.php\/lgbtqia\/#primaryimage"},"image":{"@id":"https:\/\/pournousdeux.be\/index.php\/lgbtqia\/#primaryimage"},"thumbnailUrl":"https:\/\/pournousdeux.be\/wp-content\/uploads\/2025\/07\/lgbtqia-logo1.png","datePublished":"2025-10-28T14:21:40+00:00","dateModified":"2025-10-28T14:22:06+00:00","breadcrumb":{"@id":"https:\/\/pournousdeux.be\/index.php\/lgbtqia\/#breadcrumb"},"inLanguage":"fr-FR","potentialAction":[{"@type":"ReadAction","target":["https:\/\/pournousdeux.be\/index.php\/lgbtqia\/"]}]},{"@type":"ImageObject","inLanguage":"fr-FR","@id":"https:\/\/pournousdeux.be\/index.php\/lgbtqia\/#primaryimage","url":"https:\/\/pournousdeux.be\/wp-content\/uploads\/2025\/07\/lgbtqia-logo1.png","contentUrl":"https:\/\/pournousdeux.be\/wp-content\/uploads\/2025\/07\/lgbtqia-logo1.png","width":241,"height":148},{"@type":"BreadcrumbList","@id":"https:\/\/pournousdeux.be\/index.php\/lgbtqia\/#breadcrumb","itemListElement":[{"@type":"ListItem","position":1,"name":"Accueil","item":"https:\/\/pournousdeux.be\/"},{"@type":"ListItem","position":2,"name":"LGBTQIA+"}]},{"@type":"WebSite","@id":"https:\/\/pournousdeux.be\/#website","url":"https:\/\/pournousdeux.be\/","name":"Pour Nous Deux","description":"Site de rencontres","publisher":{"@id":"https:\/\/pournousdeux.be\/#organization"},"alternateName":"PND","potentialAction":[{"@type":"SearchAction","target":{"@type":"EntryPoint","urlTemplate":"https:\/\/pournousdeux.be\/?s={search_term_string}"},"query-input":{"@type":"PropertyValueSpecification","valueRequired":true,"valueName":"search_term_string"}}],"inLanguage":"fr-FR"},{"@type":"Organization","@id":"https:\/\/pournousdeux.be\/#organization","name":"ProTech","alternateName":"ProTech","url":"https:\/\/pournousdeux.be\/","logo":{"@type":"ImageObject","inLanguage":"fr-FR","@id":"https:\/\/pournousdeux.be\/#\/schema\/logo\/image\/","url":"https:\/\/pournousdeux.be\/wp-content\/uploads\/2024\/03\/logo.png","contentUrl":"https:\/\/pournousdeux.be\/wp-content\/uploads\/2024\/03\/logo.png","width":350,"height":100,"caption":"ProTech"},"image":{"@id":"https:\/\/pournousdeux.be\/#\/schema\/logo\/image\/"},"sameAs":["https:\/\/x.com\/PourNousDeux"]}]}},"_links":{"self":[{"href":"https:\/\/pournousdeux.be\/index.php\/wp-json\/wp\/v2\/pages\/1693","targetHints":{"allow":["GET"]}}],"collection":[{"href":"https:\/\/pournousdeux.be\/index.php\/wp-json\/wp\/v2\/pages"}],"about":[{"href":"https:\/\/pournousdeux.be\/index.php\/wp-json\/wp\/v2\/types\/page"}],"author":[{"embeddable":true,"href":"https:\/\/pournousdeux.be\/index.php\/wp-json\/wp\/v2\/users\/1"}],"replies":[{"embeddable":true,"href":"https:\/\/pournousdeux.be\/index.php\/wp-json\/wp\/v2\/comments?post=1693"}],"version-history":[{"count":1,"href":"https:\/\/pournousdeux.be\/index.php\/wp-json\/wp\/v2\/pages\/1693\/revisions"}],"predecessor-version":[{"id":1694,"href":"https:\/\/pournousdeux.be\/index.php\/wp-json\/wp\/v2\/pages\/1693\/revisions\/1694"}],"wp:attachment":[{"href":"https:\/\/pournousdeux.be\/index.php\/wp-json\/wp\/v2\/media?parent=1693"}],"curies":[{"name":"wp","href":"https:\/\/api.w.org\/{rel}","templated":true}]}}