{"id":1671,"date":"2025-10-28T14:58:53","date_gmt":"2025-10-28T13:58:53","guid":{"rendered":"https:\/\/pournousdeux.be\/?page_id=1671"},"modified":"2025-10-28T17:46:52","modified_gmt":"2025-10-28T16:46:52","slug":"femmes-matures-2","status":"publish","type":"page","link":"https:\/\/pournousdeux.be\/index.php\/femmes-matures-2\/","title":{"rendered":"Femmes matures"},"content":{"rendered":"\n<h1 class=\"wp-block-heading\">Bienvenue sur <strong>Femme Mature<\/strong> \u2013 <strong><mark style=\"background-color:rgba(0, 0, 0, 0)\" class=\"has-inline-color has-vivid-red-color\">L&#8217;\u00c9tincelle Interdite !<\/mark><\/strong><\/h1>\n\n\n\n<blockquote class=\"wp-block-quote has-medium-font-size is-layout-flow wp-block-quote-is-layout-flow\">\n<p><strong><mark style=\"background-color:rgba(0, 0, 0, 0)\" class=\"has-inline-color has-vivid-red-color\">Imaginez<\/mark> <\/strong>: un regard complice qui traverse les ann\u00e9es, une main experte qui sait exactement o\u00f9 poser ses doigts, un murmure rauque qui fait fondre les inhibitions.<\/p>\n\n\n\n<p>Ici, <strong>l&#8217;exp\u00e9rience n&#8217;est pas un chiffre, c&#8217;est un <mark style=\"background-color:rgba(0, 0, 0, 0)\" class=\"has-inline-color has-vivid-red-color\">aphrodisiaque<\/mark><\/strong>. Des femmes sublimes de 40, 50, 60 ans et plus, qui assument leurs courbes, leurs d\u00e9sirs, leur pouvoir de s\u00e9duction absolu.<\/p>\n\n\n\n<p>Pr\u00eat \u00e0 succomber \u00e0 la <strong><mark style=\"background-color:rgba(0, 0, 0, 0)\" class=\"has-inline-color has-vivid-red-color\">maturit\u00e9 enivrante<\/mark><\/strong> ?<\/p>\n\n\n\n<p>Inscrivez vous gratuitement et laissez la passion vous rattraper.<\/p>\n\n\n\n<p>\ud83d\udd25<strong><mark style=\"background-color:rgba(0, 0, 0, 0)\" class=\"has-inline-color has-vivid-red-color\"> Femme Mature<\/mark><\/strong> \u2013 Parce que le vrai plaisir n&#8217;a pas d&#8217;\u00e2ge.<\/p>\n\n\n\n<p><\/p>\n<\/blockquote>\n\n\n\n<hr class=\"wp-block-separator has-alpha-channel-opacity\"\/>\n\n\n\n<p class=\"has-medium-font-size\"><strong>Une exp\u00e9rience photos !<\/strong><\/p>\n\n\n\t\t<div class=\"fotorama responsive-image-silder\" data-width=\"55%\"\n\t\t\tdata-height=\"\" data-nav=\"dots\"\n\t\t\tdata-navwidth=\"\" data-allowfullscreen=\"true\"\n\t\t\tdata-fit=\"cover\"\n\t\t\tdata-transitionduration=\"300\"\n\t\t\tdata-autoplay=\"true\" data-loop=\"true\"\n\t\t\tdata-arrows=\"true\" data-swipe=\"true\"\n\t\t\tdata-spinner=\"true\" data-transition=\"slide\">\n\t\t\t\t\t\t\t\t<img decoding=\"async\" src=\"https:\/\/pournousdeux.be\/wp-content\/uploads\/2025\/10\/525335737_122100893792957089_4947207935546769944_n.jpg\" data-caption=\"\">\n\t\t\t\t\t\t\t\t\t\t<img decoding=\"async\" src=\"https:\/\/pournousdeux.be\/wp-content\/uploads\/2025\/10\/531726767_122106436676968397_1865941943857975211_n.jpg\" data-caption=\"\">\n\t\t\t\t\t\t\t\t\t\t<img decoding=\"async\" src=\"https:\/\/pournousdeux.be\/wp-content\/uploads\/2025\/10\/528861038_122107045430963466_2182862798818746583_n.jpg\" data-caption=\"\">\n\t\t\t\t\t\t\t\t\t\t<img decoding=\"async\" src=\"https:\/\/pournousdeux.be\/wp-content\/uploads\/2025\/10\/536272654_122104961852981420_6310650359449134005_n.jpg\" data-caption=\"\">\n\t\t\t\t\t\t\t\t\t\t<img decoding=\"async\" src=\"https:\/\/pournousdeux.be\/wp-content\/uploads\/2025\/10\/536271811_122109033848971001_1870220787519633267_n.jpg\" data-caption=\"\">\n\t\t\t\t\t\t\t\t\t\t<img decoding=\"async\" src=\"https:\/\/pournousdeux.be\/wp-content\/uploads\/2025\/10\/528625538_122120035988932190_2752403466592730846_n.jpg\" data-caption=\"\">\n\t\t\t\t\t\t\t\t\t\t<img decoding=\"async\" src=\"https:\/\/pournousdeux.be\/wp-content\/uploads\/2025\/10\/524242469_122104355432953737_5808988834217266561_n.jpg\" data-caption=\"\">\n\t\t\t\t\t\t\t\t\t\t<img decoding=\"async\" src=\"https:\/\/pournousdeux.be\/wp-content\/uploads\/2025\/10\/540308670_122107441910986263_118037432572590205_n.jpg\" data-caption=\"\">\n\t\t\t\t\t\t\t\t\t\t<img decoding=\"async\" src=\"https:\/\/pournousdeux.be\/wp-content\/uploads\/2025\/10\/540464279_122093228295005143_7861996146367954977_n.jpg\" data-caption=\"\">\n\t\t\t\t\t\t\t\t\t\t<img decoding=\"async\" src=\"https:\/\/pournousdeux.be\/wp-content\/uploads\/2025\/10\/540897250_122106516644987459_7664895775051016095_n.jpg\" data-caption=\"\">\n\t\t\t\t\t\t\t\t\t\t<img decoding=\"async\" src=\"https:\/\/pournousdeux.be\/wp-content\/uploads\/2025\/10\/545409972_122099274519014064_4743751565824383215_n.jpg\" data-caption=\"\">\n\t\t\t\t\t\t\t\t\t\t<img decoding=\"async\" src=\"https:\/\/pournousdeux.be\/wp-content\/uploads\/2025\/10\/542485489_122094835083014128_5055222370162831520_n.jpg\" data-caption=\"\">\n\t\t\t\t\t\t\t\t\t\t<img decoding=\"async\" src=\"https:\/\/pournousdeux.be\/wp-content\/uploads\/2025\/10\/552413964_782123491325833_4165679124605845758_n.jpg\" data-caption=\"\">\n\t\t\t\t\t\t\t\t\t\t<img decoding=\"async\" src=\"https:\/\/pournousdeux.be\/wp-content\/uploads\/2025\/10\/547747740_122116797458972145_9219980853775032467_n.jpg\" data-caption=\"\">\n\t\t\t\t\t\t\t\t\t\t<img decoding=\"async\" src=\"https:\/\/pournousdeux.be\/wp-content\/uploads\/2025\/10\/545690400_122100102333009570_6034859909549646742_n.jpg\" data-caption=\"\">\n\t\t\t\t\t\t\t\t\t\t<img decoding=\"async\" src=\"https:\/\/pournousdeux.be\/wp-content\/uploads\/2025\/10\/549567831_122100413751029800_3231902370850247102_n.jpg\" data-caption=\"\">\n\t\t\t\t\t\t\t<\/div>\n\t\t\n\n\n\n<p>Suivez moi pour obtenir les derni\u00e8res vid\u00e9os plus HARD que HOT, \u00e0 vous de juger !<\/p>\n\n\n\n<ul class=\"wp-block-list\">\n<li>Liens : <strong><mark style=\"background-color:rgba(0, 0, 0, 0)\" class=\"has-inline-color has-vivid-red-color\"><a href=\"https:\/\/pournousdeux.be\/index.php\/videos-femmes-matures\/\">Vid\u00e9os Femmes matures<\/a><\/mark><\/strong><\/li>\n<\/ul>\n\n\n\n<figure class=\"wp-block-video aligncenter\"><video height=\"720\" style=\"aspect-ratio: 1280 \/ 720;\" width=\"1280\" controls src=\"https:\/\/pournousdeux.be\/wp-content\/uploads\/2025\/07\/Horny-old-Granny-Montre-a-Une-Femme-Inexperimentee-Comment-Mange.mp4\"><\/video><figcaption class=\"wp-element-caption\"><strong><mark style=\"background-color:rgba(0, 0, 0, 0)\" class=\"has-inline-color has-vivid-red-color\"><a href=\"https:\/\/pournousdeux.be\/index.php\/videos-femmes-matures\/\">Les plaisirs interdits !<\/a><\/mark><\/strong><\/figcaption><\/figure>\n\n\n\n<p><\/p>\n","protected":false},"excerpt":{"rendered":"<p>Bienvenue sur Femme Mature \u2013 L&#8217;\u00c9tincelle Interdite ! Imaginez : un regard complice qui traverse les ann\u00e9es, une main experte qui sait exactement o\u00f9 poser ses doigts, un murmure rauque qui fait fondre les inhibitions. Ici, l&#8217;exp\u00e9rience n&#8217;est pas un chiffre, c&#8217;est un aphrodisiaque. Des femmes sublimes de 40, 50, 60 ans et plus, qui [&hellip;]<\/p>\n","protected":false},"author":1,"featured_media":0,"parent":0,"menu_order":0,"comment_status":"closed","ping_status":"closed","template":"page-templates\/full-width.php","meta":{"_bbp_topic_count":0,"_bbp_reply_count":0,"_bbp_total_topic_count":0,"_bbp_total_reply_count":0,"_bbp_voice_count":0,"_bbp_anonymous_reply_count":0,"_bbp_topic_count_hidden":0,"_bbp_reply_count_hidden":0,"_bbp_forum_subforum_count":0,"content-type":"","footnotes":""},"class_list":["post-1671","page","type-page","status-publish","hentry"],"yoast_head":"<!-- This site is optimized with the Yoast SEO plugin v26.6 - https:\/\/yoast.com\/wordpress\/plugins\/seo\/ -->\n<title>Femmes matures - Pour Nous Deux<\/title>\n<meta name=\"robots\" content=\"index, follow, max-snippet:-1, max-image-preview:large, max-video-preview:-1\" \/>\n<link rel=\"canonical\" href=\"https:\/\/pournousdeux.be\/index.php\/femmes-matures-2\/\" \/>\n<meta property=\"og:locale\" content=\"fr_FR\" \/>\n<meta property=\"og:type\" content=\"article\" \/>\n<meta property=\"og:title\" content=\"Femmes matures - Pour Nous Deux\" \/>\n<meta property=\"og:description\" content=\"Bienvenue sur Femme Mature \u2013 L&#8217;\u00c9tincelle Interdite ! Imaginez : un regard complice qui traverse les ann\u00e9es, une main experte qui sait exactement o\u00f9 poser ses doigts, un murmure rauque qui fait fondre les inhibitions. Ici, l&#8217;exp\u00e9rience n&#8217;est pas un chiffre, c&#8217;est un aphrodisiaque. Des femmes sublimes de 40, 50, 60 ans et plus, qui [&hellip;]\" \/>\n<meta property=\"og:url\" content=\"https:\/\/pournousdeux.be\/index.php\/femmes-matures-2\/\" \/>\n<meta property=\"og:site_name\" content=\"Pour Nous Deux\" \/>\n<meta property=\"article:modified_time\" content=\"2025-10-28T16:46:52+00:00\" \/>\n<meta property=\"og:image\" content=\"https:\/\/pournousdeux.be\/wp-content\/uploads\/2024\/04\/logo.png\" \/>\n\t<meta property=\"og:image:width\" content=\"350\" \/>\n\t<meta property=\"og:image:height\" content=\"100\" \/>\n\t<meta property=\"og:image:type\" content=\"image\/png\" \/>\n<meta name=\"twitter:card\" content=\"summary_large_image\" \/>\n<meta name=\"twitter:site\" content=\"@PourNousDeux\" \/>\n<meta name=\"twitter:label1\" content=\"Dur\u00e9e de lecture estim\u00e9e\" \/>\n\t<meta name=\"twitter:data1\" content=\"1 minute\" \/>\n<script type=\"application\/ld+json\" class=\"yoast-schema-graph\">{\"@context\":\"https:\/\/schema.org\",\"@graph\":[{\"@type\":\"WebPage\",\"@id\":\"https:\/\/pournousdeux.be\/index.php\/femmes-matures-2\/\",\"url\":\"https:\/\/pournousdeux.be\/index.php\/femmes-matures-2\/\",\"name\":\"Femmes matures - Pour Nous Deux\",\"isPartOf\":{\"@id\":\"https:\/\/pournousdeux.be\/#website\"},\"datePublished\":\"2025-10-28T13:58:53+00:00\",\"dateModified\":\"2025-10-28T16:46:52+00:00\",\"breadcrumb\":{\"@id\":\"https:\/\/pournousdeux.be\/index.php\/femmes-matures-2\/#breadcrumb\"},\"inLanguage\":\"fr-FR\",\"potentialAction\":[{\"@type\":\"ReadAction\",\"target\":[\"https:\/\/pournousdeux.be\/index.php\/femmes-matures-2\/\"]}]},{\"@type\":\"BreadcrumbList\",\"@id\":\"https:\/\/pournousdeux.be\/index.php\/femmes-matures-2\/#breadcrumb\",\"itemListElement\":[{\"@type\":\"ListItem\",\"position\":1,\"name\":\"Accueil\",\"item\":\"https:\/\/pournousdeux.be\/\"},{\"@type\":\"ListItem\",\"position\":2,\"name\":\"Femmes matures\"}]},{\"@type\":\"WebSite\",\"@id\":\"https:\/\/pournousdeux.be\/#website\",\"url\":\"https:\/\/pournousdeux.be\/\",\"name\":\"Pour Nous Deux\",\"description\":\"Site de rencontres\",\"publisher\":{\"@id\":\"https:\/\/pournousdeux.be\/#organization\"},\"alternateName\":\"PND\",\"potentialAction\":[{\"@type\":\"SearchAction\",\"target\":{\"@type\":\"EntryPoint\",\"urlTemplate\":\"https:\/\/pournousdeux.be\/?s={search_term_string}\"},\"query-input\":{\"@type\":\"PropertyValueSpecification\",\"valueRequired\":true,\"valueName\":\"search_term_string\"}}],\"inLanguage\":\"fr-FR\"},{\"@type\":\"Organization\",\"@id\":\"https:\/\/pournousdeux.be\/#organization\",\"name\":\"ProTech\",\"alternateName\":\"ProTech\",\"url\":\"https:\/\/pournousdeux.be\/\",\"logo\":{\"@type\":\"ImageObject\",\"inLanguage\":\"fr-FR\",\"@id\":\"https:\/\/pournousdeux.be\/#\/schema\/logo\/image\/\",\"url\":\"https:\/\/pournousdeux.be\/wp-content\/uploads\/2024\/03\/logo.png\",\"contentUrl\":\"https:\/\/pournousdeux.be\/wp-content\/uploads\/2024\/03\/logo.png\",\"width\":350,\"height\":100,\"caption\":\"ProTech\"},\"image\":{\"@id\":\"https:\/\/pournousdeux.be\/#\/schema\/logo\/image\/\"},\"sameAs\":[\"https:\/\/x.com\/PourNousDeux\"]}]}<\/script>\n<!-- \/ Yoast SEO plugin. -->","yoast_head_json":{"title":"Femmes matures - Pour Nous Deux","robots":{"index":"index","follow":"follow","max-snippet":"max-snippet:-1","max-image-preview":"max-image-preview:large","max-video-preview":"max-video-preview:-1"},"canonical":"https:\/\/pournousdeux.be\/index.php\/femmes-matures-2\/","og_locale":"fr_FR","og_type":"article","og_title":"Femmes matures - Pour Nous Deux","og_description":"Bienvenue sur Femme Mature \u2013 L&#8217;\u00c9tincelle Interdite ! Imaginez : un regard complice qui traverse les ann\u00e9es, une main experte qui sait exactement o\u00f9 poser ses doigts, un murmure rauque qui fait fondre les inhibitions. Ici, l&#8217;exp\u00e9rience n&#8217;est pas un chiffre, c&#8217;est un aphrodisiaque. Des femmes sublimes de 40, 50, 60 ans et plus, qui [&hellip;]","og_url":"https:\/\/pournousdeux.be\/index.php\/femmes-matures-2\/","og_site_name":"Pour Nous Deux","article_modified_time":"2025-10-28T16:46:52+00:00","og_image":[{"width":350,"height":100,"url":"https:\/\/pournousdeux.be\/wp-content\/uploads\/2024\/04\/logo.png","type":"image\/png"}],"twitter_card":"summary_large_image","twitter_site":"@PourNousDeux","twitter_misc":{"Dur\u00e9e de lecture estim\u00e9e":"1 minute"},"schema":{"@context":"https:\/\/schema.org","@graph":[{"@type":"WebPage","@id":"https:\/\/pournousdeux.be\/index.php\/femmes-matures-2\/","url":"https:\/\/pournousdeux.be\/index.php\/femmes-matures-2\/","name":"Femmes matures - Pour Nous Deux","isPartOf":{"@id":"https:\/\/pournousdeux.be\/#website"},"datePublished":"2025-10-28T13:58:53+00:00","dateModified":"2025-10-28T16:46:52+00:00","breadcrumb":{"@id":"https:\/\/pournousdeux.be\/index.php\/femmes-matures-2\/#breadcrumb"},"inLanguage":"fr-FR","potentialAction":[{"@type":"ReadAction","target":["https:\/\/pournousdeux.be\/index.php\/femmes-matures-2\/"]}]},{"@type":"BreadcrumbList","@id":"https:\/\/pournousdeux.be\/index.php\/femmes-matures-2\/#breadcrumb","itemListElement":[{"@type":"ListItem","position":1,"name":"Accueil","item":"https:\/\/pournousdeux.be\/"},{"@type":"ListItem","position":2,"name":"Femmes matures"}]},{"@type":"WebSite","@id":"https:\/\/pournousdeux.be\/#website","url":"https:\/\/pournousdeux.be\/","name":"Pour Nous Deux","description":"Site de rencontres","publisher":{"@id":"https:\/\/pournousdeux.be\/#organization"},"alternateName":"PND","potentialAction":[{"@type":"SearchAction","target":{"@type":"EntryPoint","urlTemplate":"https:\/\/pournousdeux.be\/?s={search_term_string}"},"query-input":{"@type":"PropertyValueSpecification","valueRequired":true,"valueName":"search_term_string"}}],"inLanguage":"fr-FR"},{"@type":"Organization","@id":"https:\/\/pournousdeux.be\/#organization","name":"ProTech","alternateName":"ProTech","url":"https:\/\/pournousdeux.be\/","logo":{"@type":"ImageObject","inLanguage":"fr-FR","@id":"https:\/\/pournousdeux.be\/#\/schema\/logo\/image\/","url":"https:\/\/pournousdeux.be\/wp-content\/uploads\/2024\/03\/logo.png","contentUrl":"https:\/\/pournousdeux.be\/wp-content\/uploads\/2024\/03\/logo.png","width":350,"height":100,"caption":"ProTech"},"image":{"@id":"https:\/\/pournousdeux.be\/#\/schema\/logo\/image\/"},"sameAs":["https:\/\/x.com\/PourNousDeux"]}]}},"_links":{"self":[{"href":"https:\/\/pournousdeux.be\/index.php\/wp-json\/wp\/v2\/pages\/1671","targetHints":{"allow":["GET"]}}],"collection":[{"href":"https:\/\/pournousdeux.be\/index.php\/wp-json\/wp\/v2\/pages"}],"about":[{"href":"https:\/\/pournousdeux.be\/index.php\/wp-json\/wp\/v2\/types\/page"}],"author":[{"embeddable":true,"href":"https:\/\/pournousdeux.be\/index.php\/wp-json\/wp\/v2\/users\/1"}],"replies":[{"embeddable":true,"href":"https:\/\/pournousdeux.be\/index.php\/wp-json\/wp\/v2\/comments?post=1671"}],"version-history":[{"count":9,"href":"https:\/\/pournousdeux.be\/index.php\/wp-json\/wp\/v2\/pages\/1671\/revisions"}],"predecessor-version":[{"id":1742,"href":"https:\/\/pournousdeux.be\/index.php\/wp-json\/wp\/v2\/pages\/1671\/revisions\/1742"}],"wp:attachment":[{"href":"https:\/\/pournousdeux.be\/index.php\/wp-json\/wp\/v2\/media?parent=1671"}],"curies":[{"name":"wp","href":"https:\/\/api.w.org\/{rel}","templated":true}]}}