{"id":1295,"date":"2024-04-25T17:44:04","date_gmt":"2024-04-25T15:44:04","guid":{"rendered":"https:\/\/pournousdeux.com\/?page_id=1295"},"modified":"2024-05-22T11:24:22","modified_gmt":"2024-05-22T09:24:22","slug":"nos-audios-dhistoires","status":"publish","type":"page","link":"https:\/\/pournousdeux.be\/index.php\/nos-audios-dhistoires\/","title":{"rendered":"Nos audios"},"content":{"rendered":"\n<h2 class=\"wp-block-heading\">Des histoires terribles, folle mais tellement vrais !<\/h2>\n\n\n<div class=\"wp-block-image is-style-rounded\">\n<figure class=\"aligncenter size-full is-resized\"><img fetchpriority=\"high\" decoding=\"async\" width=\"1024\" height=\"1024\" src=\"https:\/\/pournousdeux.be\/wp-content\/uploads\/2024\/05\/97216c7b68a36b5b73301ff278e717f3_1024_1024.webp\" alt=\"\" class=\"wp-image-1458\" style=\"width:284px;height:auto\" srcset=\"https:\/\/pournousdeux.be\/wp-content\/uploads\/2024\/05\/97216c7b68a36b5b73301ff278e717f3_1024_1024.webp 1024w, https:\/\/pournousdeux.be\/wp-content\/uploads\/2024\/05\/97216c7b68a36b5b73301ff278e717f3_1024_1024-300x300.webp 300w, https:\/\/pournousdeux.be\/wp-content\/uploads\/2024\/05\/97216c7b68a36b5b73301ff278e717f3_1024_1024-150x150.webp 150w, https:\/\/pournousdeux.be\/wp-content\/uploads\/2024\/05\/97216c7b68a36b5b73301ff278e717f3_1024_1024-768x768.webp 768w, https:\/\/pournousdeux.be\/wp-content\/uploads\/2024\/05\/97216c7b68a36b5b73301ff278e717f3_1024_1024-800x800.webp 800w, https:\/\/pournousdeux.be\/wp-content\/uploads\/2024\/05\/97216c7b68a36b5b73301ff278e717f3_1024_1024-100x100.webp 100w, https:\/\/pournousdeux.be\/wp-content\/uploads\/2024\/05\/97216c7b68a36b5b73301ff278e717f3_1024_1024-938x938.webp 938w, https:\/\/pournousdeux.be\/wp-content\/uploads\/2024\/05\/97216c7b68a36b5b73301ff278e717f3_1024_1024-600x600.webp 600w\" sizes=\"(max-width: 1024px) 100vw, 1024px\" \/><\/figure>\n<\/div>\n\n\n<figure class=\"wp-block-audio\"><audio controls src=\"https:\/\/pournousdeux.be\/wp-content\/uploads\/2024\/05\/Jai-fait-lamour-a-trois-dans-le-train-Venise-Paris.mp3\"><\/audio><\/figure>\n\n\n\n<hr class=\"wp-block-separator has-alpha-channel-opacity\"\/>\n\n\n\n<h2 class=\"wp-block-heading\">&#8220;J\u2019ai enfin connu l\u2019orgasme&#8230;&#8221;<\/h2>\n\n\n<div class=\"wp-block-image is-style-rounded\">\n<figure class=\"aligncenter size-full is-resized\"><img decoding=\"async\" width=\"1024\" height=\"1024\" src=\"https:\/\/pournousdeux.be\/wp-content\/uploads\/2024\/05\/7d025b51e69281e0e4fd0de338fac7b3_1024_1024.webp\" alt=\"\" class=\"wp-image-1462\" style=\"width:331px;height:auto\" srcset=\"https:\/\/pournousdeux.be\/wp-content\/uploads\/2024\/05\/7d025b51e69281e0e4fd0de338fac7b3_1024_1024.webp 1024w, https:\/\/pournousdeux.be\/wp-content\/uploads\/2024\/05\/7d025b51e69281e0e4fd0de338fac7b3_1024_1024-300x300.webp 300w, https:\/\/pournousdeux.be\/wp-content\/uploads\/2024\/05\/7d025b51e69281e0e4fd0de338fac7b3_1024_1024-150x150.webp 150w, https:\/\/pournousdeux.be\/wp-content\/uploads\/2024\/05\/7d025b51e69281e0e4fd0de338fac7b3_1024_1024-768x768.webp 768w, https:\/\/pournousdeux.be\/wp-content\/uploads\/2024\/05\/7d025b51e69281e0e4fd0de338fac7b3_1024_1024-800x800.webp 800w, https:\/\/pournousdeux.be\/wp-content\/uploads\/2024\/05\/7d025b51e69281e0e4fd0de338fac7b3_1024_1024-100x100.webp 100w, https:\/\/pournousdeux.be\/wp-content\/uploads\/2024\/05\/7d025b51e69281e0e4fd0de338fac7b3_1024_1024-938x938.webp 938w, https:\/\/pournousdeux.be\/wp-content\/uploads\/2024\/05\/7d025b51e69281e0e4fd0de338fac7b3_1024_1024-600x600.webp 600w\" sizes=\"(max-width: 1024px) 100vw, 1024px\" \/><\/figure>\n<\/div>\n\n\n<figure class=\"wp-block-audio\"><audio controls src=\"https:\/\/pournousdeux.be\/wp-content\/uploads\/2024\/05\/Jai-enfin-connu-lorgasme.mp3\"><\/audio><\/figure>\n\n\n\n<hr class=\"wp-block-separator has-alpha-channel-opacity\"\/>\n\n\n\n<h2 class=\"wp-block-heading\">&#8220;J&#8217;ai vu ma fianc\u00e9e laisser entrer 10 hommes&#8230;&#8221;<\/h2>\n\n\n<div class=\"wp-block-image is-style-rounded\">\n<figure class=\"aligncenter size-full is-resized\"><img decoding=\"async\" width=\"1024\" height=\"1024\" src=\"https:\/\/pournousdeux.be\/wp-content\/uploads\/2024\/05\/e0baac03b052841974d77464da8515df_1024_1024.webp\" alt=\"\" class=\"wp-image-1466\" style=\"width:335px;height:auto\" srcset=\"https:\/\/pournousdeux.be\/wp-content\/uploads\/2024\/05\/e0baac03b052841974d77464da8515df_1024_1024.webp 1024w, https:\/\/pournousdeux.be\/wp-content\/uploads\/2024\/05\/e0baac03b052841974d77464da8515df_1024_1024-300x300.webp 300w, https:\/\/pournousdeux.be\/wp-content\/uploads\/2024\/05\/e0baac03b052841974d77464da8515df_1024_1024-150x150.webp 150w, https:\/\/pournousdeux.be\/wp-content\/uploads\/2024\/05\/e0baac03b052841974d77464da8515df_1024_1024-768x768.webp 768w, https:\/\/pournousdeux.be\/wp-content\/uploads\/2024\/05\/e0baac03b052841974d77464da8515df_1024_1024-800x800.webp 800w, https:\/\/pournousdeux.be\/wp-content\/uploads\/2024\/05\/e0baac03b052841974d77464da8515df_1024_1024-100x100.webp 100w, https:\/\/pournousdeux.be\/wp-content\/uploads\/2024\/05\/e0baac03b052841974d77464da8515df_1024_1024-938x938.webp 938w, https:\/\/pournousdeux.be\/wp-content\/uploads\/2024\/05\/e0baac03b052841974d77464da8515df_1024_1024-600x600.webp 600w\" sizes=\"(max-width: 1024px) 100vw, 1024px\" \/><\/figure>\n<\/div>\n\n\n<figure class=\"wp-block-audio\"><audio controls src=\"https:\/\/pournousdeux.be\/wp-content\/uploads\/2024\/05\/Jai-vu-ma-fiancee-laisser-entrer-10-hommes-\ud83d\udea8\ud83d\udea8\ud83d\udea8.mp3\"><\/audio><\/figure>\n\n\n\n<hr class=\"wp-block-separator has-alpha-channel-opacity\"\/>\n\n\n\n<h2 class=\"wp-block-heading\">&#8220;Elle trompe sans arr\u00eat d\u00e8s qu&#8217;elle peut&#8230;&#8221;<\/h2>\n\n\n<div class=\"wp-block-image is-style-rounded\">\n<figure class=\"aligncenter size-full is-resized\"><img loading=\"lazy\" decoding=\"async\" width=\"1024\" height=\"1024\" src=\"https:\/\/pournousdeux.be\/wp-content\/uploads\/2024\/05\/9514e61fa1fa251dc00ffda55c1a34f0_1024_1024.webp\" alt=\"\" class=\"wp-image-1470\" style=\"width:315px;height:auto\" srcset=\"https:\/\/pournousdeux.be\/wp-content\/uploads\/2024\/05\/9514e61fa1fa251dc00ffda55c1a34f0_1024_1024.webp 1024w, https:\/\/pournousdeux.be\/wp-content\/uploads\/2024\/05\/9514e61fa1fa251dc00ffda55c1a34f0_1024_1024-300x300.webp 300w, https:\/\/pournousdeux.be\/wp-content\/uploads\/2024\/05\/9514e61fa1fa251dc00ffda55c1a34f0_1024_1024-150x150.webp 150w, https:\/\/pournousdeux.be\/wp-content\/uploads\/2024\/05\/9514e61fa1fa251dc00ffda55c1a34f0_1024_1024-768x768.webp 768w, https:\/\/pournousdeux.be\/wp-content\/uploads\/2024\/05\/9514e61fa1fa251dc00ffda55c1a34f0_1024_1024-800x800.webp 800w, https:\/\/pournousdeux.be\/wp-content\/uploads\/2024\/05\/9514e61fa1fa251dc00ffda55c1a34f0_1024_1024-100x100.webp 100w, https:\/\/pournousdeux.be\/wp-content\/uploads\/2024\/05\/9514e61fa1fa251dc00ffda55c1a34f0_1024_1024-938x938.webp 938w, https:\/\/pournousdeux.be\/wp-content\/uploads\/2024\/05\/9514e61fa1fa251dc00ffda55c1a34f0_1024_1024-600x600.webp 600w\" sizes=\"(max-width: 1024px) 100vw, 1024px\" \/><\/figure>\n<\/div>\n\n\n<figure class=\"wp-block-audio\"><audio controls src=\"https:\/\/pournousdeux.be\/wp-content\/uploads\/2024\/05\/Elle-trompe-sans-arret-des-quelle-peut\ud83d\udea8\ud83d\udea8\ud83d\udea8.mp3\"><\/audio><\/figure>\n","protected":false},"excerpt":{"rendered":"<p>Des histoires terribles, folle mais tellement vrais ! &#8220;J\u2019ai enfin connu l\u2019orgasme&#8230;&#8221; &#8220;J&#8217;ai vu ma fianc\u00e9e laisser entrer 10 hommes&#8230;&#8221; &#8220;Elle trompe sans arr\u00eat d\u00e8s qu&#8217;elle peut&#8230;&#8221;<\/p>\n","protected":false},"author":1,"featured_media":0,"parent":0,"menu_order":0,"comment_status":"closed","ping_status":"closed","template":"page-templates\/full-width.php","meta":{"_bbp_topic_count":0,"_bbp_reply_count":0,"_bbp_total_topic_count":0,"_bbp_total_reply_count":0,"_bbp_voice_count":0,"_bbp_anonymous_reply_count":0,"_bbp_topic_count_hidden":0,"_bbp_reply_count_hidden":0,"_bbp_forum_subforum_count":0,"content-type":"","footnotes":""},"class_list":["post-1295","page","type-page","status-publish","hentry"],"yoast_head":"<!-- This site is optimized with the Yoast SEO plugin v26.6 - https:\/\/yoast.com\/wordpress\/plugins\/seo\/ -->\n<title>Nos audios - Pour Nous Deux<\/title>\n<meta name=\"robots\" content=\"index, follow, max-snippet:-1, max-image-preview:large, max-video-preview:-1\" \/>\n<link rel=\"canonical\" href=\"https:\/\/pournousdeux.be\/index.php\/nos-audios-dhistoires\/\" \/>\n<meta property=\"og:locale\" content=\"fr_FR\" \/>\n<meta property=\"og:type\" content=\"article\" \/>\n<meta property=\"og:title\" content=\"Nos audios - Pour Nous Deux\" \/>\n<meta property=\"og:description\" content=\"Des histoires terribles, folle mais tellement vrais ! &#8220;J\u2019ai enfin connu l\u2019orgasme&#8230;&#8221; &#8220;J&#8217;ai vu ma fianc\u00e9e laisser entrer 10 hommes&#8230;&#8221; &#8220;Elle trompe sans arr\u00eat d\u00e8s qu&#8217;elle peut&#8230;&#8221;\" \/>\n<meta property=\"og:url\" content=\"https:\/\/pournousdeux.be\/index.php\/nos-audios-dhistoires\/\" \/>\n<meta property=\"og:site_name\" content=\"Pour Nous Deux\" \/>\n<meta property=\"article:modified_time\" content=\"2024-05-22T09:24:22+00:00\" \/>\n<meta property=\"og:image\" content=\"https:\/\/pournousdeux.be\/wp-content\/uploads\/2024\/05\/97216c7b68a36b5b73301ff278e717f3_1024_1024.webp\" \/>\n<meta name=\"twitter:card\" content=\"summary_large_image\" \/>\n<meta name=\"twitter:site\" content=\"@PourNousDeux\" \/>\n<meta name=\"twitter:label1\" content=\"Dur\u00e9e de lecture estim\u00e9e\" \/>\n\t<meta name=\"twitter:data1\" content=\"1 minute\" \/>\n<script type=\"application\/ld+json\" class=\"yoast-schema-graph\">{\"@context\":\"https:\/\/schema.org\",\"@graph\":[{\"@type\":\"WebPage\",\"@id\":\"https:\/\/pournousdeux.be\/index.php\/nos-audios-dhistoires\/\",\"url\":\"https:\/\/pournousdeux.be\/index.php\/nos-audios-dhistoires\/\",\"name\":\"Nos audios - Pour Nous Deux\",\"isPartOf\":{\"@id\":\"https:\/\/pournousdeux.be\/#website\"},\"primaryImageOfPage\":{\"@id\":\"https:\/\/pournousdeux.be\/index.php\/nos-audios-dhistoires\/#primaryimage\"},\"image\":{\"@id\":\"https:\/\/pournousdeux.be\/index.php\/nos-audios-dhistoires\/#primaryimage\"},\"thumbnailUrl\":\"https:\/\/pournousdeux.be\/wp-content\/uploads\/2024\/05\/97216c7b68a36b5b73301ff278e717f3_1024_1024.webp\",\"datePublished\":\"2024-04-25T15:44:04+00:00\",\"dateModified\":\"2024-05-22T09:24:22+00:00\",\"breadcrumb\":{\"@id\":\"https:\/\/pournousdeux.be\/index.php\/nos-audios-dhistoires\/#breadcrumb\"},\"inLanguage\":\"fr-FR\",\"potentialAction\":[{\"@type\":\"ReadAction\",\"target\":[\"https:\/\/pournousdeux.be\/index.php\/nos-audios-dhistoires\/\"]}]},{\"@type\":\"ImageObject\",\"inLanguage\":\"fr-FR\",\"@id\":\"https:\/\/pournousdeux.be\/index.php\/nos-audios-dhistoires\/#primaryimage\",\"url\":\"https:\/\/pournousdeux.be\/wp-content\/uploads\/2024\/05\/97216c7b68a36b5b73301ff278e717f3_1024_1024.webp\",\"contentUrl\":\"https:\/\/pournousdeux.be\/wp-content\/uploads\/2024\/05\/97216c7b68a36b5b73301ff278e717f3_1024_1024.webp\",\"width\":1024,\"height\":1024},{\"@type\":\"BreadcrumbList\",\"@id\":\"https:\/\/pournousdeux.be\/index.php\/nos-audios-dhistoires\/#breadcrumb\",\"itemListElement\":[{\"@type\":\"ListItem\",\"position\":1,\"name\":\"Accueil\",\"item\":\"https:\/\/pournousdeux.be\/\"},{\"@type\":\"ListItem\",\"position\":2,\"name\":\"Nos audios\"}]},{\"@type\":\"WebSite\",\"@id\":\"https:\/\/pournousdeux.be\/#website\",\"url\":\"https:\/\/pournousdeux.be\/\",\"name\":\"Pour Nous Deux\",\"description\":\"Site de rencontres\",\"publisher\":{\"@id\":\"https:\/\/pournousdeux.be\/#organization\"},\"alternateName\":\"PND\",\"potentialAction\":[{\"@type\":\"SearchAction\",\"target\":{\"@type\":\"EntryPoint\",\"urlTemplate\":\"https:\/\/pournousdeux.be\/?s={search_term_string}\"},\"query-input\":{\"@type\":\"PropertyValueSpecification\",\"valueRequired\":true,\"valueName\":\"search_term_string\"}}],\"inLanguage\":\"fr-FR\"},{\"@type\":\"Organization\",\"@id\":\"https:\/\/pournousdeux.be\/#organization\",\"name\":\"ProTech\",\"alternateName\":\"ProTech\",\"url\":\"https:\/\/pournousdeux.be\/\",\"logo\":{\"@type\":\"ImageObject\",\"inLanguage\":\"fr-FR\",\"@id\":\"https:\/\/pournousdeux.be\/#\/schema\/logo\/image\/\",\"url\":\"https:\/\/pournousdeux.be\/wp-content\/uploads\/2024\/03\/logo.png\",\"contentUrl\":\"https:\/\/pournousdeux.be\/wp-content\/uploads\/2024\/03\/logo.png\",\"width\":350,\"height\":100,\"caption\":\"ProTech\"},\"image\":{\"@id\":\"https:\/\/pournousdeux.be\/#\/schema\/logo\/image\/\"},\"sameAs\":[\"https:\/\/x.com\/PourNousDeux\"]}]}<\/script>\n<!-- \/ Yoast SEO plugin. -->","yoast_head_json":{"title":"Nos audios - Pour Nous Deux","robots":{"index":"index","follow":"follow","max-snippet":"max-snippet:-1","max-image-preview":"max-image-preview:large","max-video-preview":"max-video-preview:-1"},"canonical":"https:\/\/pournousdeux.be\/index.php\/nos-audios-dhistoires\/","og_locale":"fr_FR","og_type":"article","og_title":"Nos audios - Pour Nous Deux","og_description":"Des histoires terribles, folle mais tellement vrais ! &#8220;J\u2019ai enfin connu l\u2019orgasme&#8230;&#8221; &#8220;J&#8217;ai vu ma fianc\u00e9e laisser entrer 10 hommes&#8230;&#8221; &#8220;Elle trompe sans arr\u00eat d\u00e8s qu&#8217;elle peut&#8230;&#8221;","og_url":"https:\/\/pournousdeux.be\/index.php\/nos-audios-dhistoires\/","og_site_name":"Pour Nous Deux","article_modified_time":"2024-05-22T09:24:22+00:00","og_image":[{"url":"https:\/\/pournousdeux.be\/wp-content\/uploads\/2024\/05\/97216c7b68a36b5b73301ff278e717f3_1024_1024.webp","type":"","width":"","height":""}],"twitter_card":"summary_large_image","twitter_site":"@PourNousDeux","twitter_misc":{"Dur\u00e9e de lecture estim\u00e9e":"1 minute"},"schema":{"@context":"https:\/\/schema.org","@graph":[{"@type":"WebPage","@id":"https:\/\/pournousdeux.be\/index.php\/nos-audios-dhistoires\/","url":"https:\/\/pournousdeux.be\/index.php\/nos-audios-dhistoires\/","name":"Nos audios - Pour Nous Deux","isPartOf":{"@id":"https:\/\/pournousdeux.be\/#website"},"primaryImageOfPage":{"@id":"https:\/\/pournousdeux.be\/index.php\/nos-audios-dhistoires\/#primaryimage"},"image":{"@id":"https:\/\/pournousdeux.be\/index.php\/nos-audios-dhistoires\/#primaryimage"},"thumbnailUrl":"https:\/\/pournousdeux.be\/wp-content\/uploads\/2024\/05\/97216c7b68a36b5b73301ff278e717f3_1024_1024.webp","datePublished":"2024-04-25T15:44:04+00:00","dateModified":"2024-05-22T09:24:22+00:00","breadcrumb":{"@id":"https:\/\/pournousdeux.be\/index.php\/nos-audios-dhistoires\/#breadcrumb"},"inLanguage":"fr-FR","potentialAction":[{"@type":"ReadAction","target":["https:\/\/pournousdeux.be\/index.php\/nos-audios-dhistoires\/"]}]},{"@type":"ImageObject","inLanguage":"fr-FR","@id":"https:\/\/pournousdeux.be\/index.php\/nos-audios-dhistoires\/#primaryimage","url":"https:\/\/pournousdeux.be\/wp-content\/uploads\/2024\/05\/97216c7b68a36b5b73301ff278e717f3_1024_1024.webp","contentUrl":"https:\/\/pournousdeux.be\/wp-content\/uploads\/2024\/05\/97216c7b68a36b5b73301ff278e717f3_1024_1024.webp","width":1024,"height":1024},{"@type":"BreadcrumbList","@id":"https:\/\/pournousdeux.be\/index.php\/nos-audios-dhistoires\/#breadcrumb","itemListElement":[{"@type":"ListItem","position":1,"name":"Accueil","item":"https:\/\/pournousdeux.be\/"},{"@type":"ListItem","position":2,"name":"Nos audios"}]},{"@type":"WebSite","@id":"https:\/\/pournousdeux.be\/#website","url":"https:\/\/pournousdeux.be\/","name":"Pour Nous Deux","description":"Site de rencontres","publisher":{"@id":"https:\/\/pournousdeux.be\/#organization"},"alternateName":"PND","potentialAction":[{"@type":"SearchAction","target":{"@type":"EntryPoint","urlTemplate":"https:\/\/pournousdeux.be\/?s={search_term_string}"},"query-input":{"@type":"PropertyValueSpecification","valueRequired":true,"valueName":"search_term_string"}}],"inLanguage":"fr-FR"},{"@type":"Organization","@id":"https:\/\/pournousdeux.be\/#organization","name":"ProTech","alternateName":"ProTech","url":"https:\/\/pournousdeux.be\/","logo":{"@type":"ImageObject","inLanguage":"fr-FR","@id":"https:\/\/pournousdeux.be\/#\/schema\/logo\/image\/","url":"https:\/\/pournousdeux.be\/wp-content\/uploads\/2024\/03\/logo.png","contentUrl":"https:\/\/pournousdeux.be\/wp-content\/uploads\/2024\/03\/logo.png","width":350,"height":100,"caption":"ProTech"},"image":{"@id":"https:\/\/pournousdeux.be\/#\/schema\/logo\/image\/"},"sameAs":["https:\/\/x.com\/PourNousDeux"]}]}},"_links":{"self":[{"href":"https:\/\/pournousdeux.be\/index.php\/wp-json\/wp\/v2\/pages\/1295","targetHints":{"allow":["GET"]}}],"collection":[{"href":"https:\/\/pournousdeux.be\/index.php\/wp-json\/wp\/v2\/pages"}],"about":[{"href":"https:\/\/pournousdeux.be\/index.php\/wp-json\/wp\/v2\/types\/page"}],"author":[{"embeddable":true,"href":"https:\/\/pournousdeux.be\/index.php\/wp-json\/wp\/v2\/users\/1"}],"replies":[{"embeddable":true,"href":"https:\/\/pournousdeux.be\/index.php\/wp-json\/wp\/v2\/comments?post=1295"}],"version-history":[{"count":9,"href":"https:\/\/pournousdeux.be\/index.php\/wp-json\/wp\/v2\/pages\/1295\/revisions"}],"predecessor-version":[{"id":1502,"href":"https:\/\/pournousdeux.be\/index.php\/wp-json\/wp\/v2\/pages\/1295\/revisions\/1502"}],"wp:attachment":[{"href":"https:\/\/pournousdeux.be\/index.php\/wp-json\/wp\/v2\/media?parent=1295"}],"curies":[{"name":"wp","href":"https:\/\/api.w.org\/{rel}","templated":true}]}}