{"id":1128,"date":"2024-04-10T10:47:41","date_gmt":"2024-04-10T08:47:41","guid":{"rendered":"https:\/\/pournousdeux.com\/?page_id=1128"},"modified":"2024-06-17T12:39:37","modified_gmt":"2024-06-17T10:39:37","slug":"histoires","status":"publish","type":"page","link":"https:\/\/pournousdeux.be\/index.php\/histoires\/","title":{"rendered":"Histoires"},"content":{"rendered":"\t\t<div data-elementor-type=\"wp-page\" data-elementor-id=\"1128\" class=\"elementor elementor-1128\">\n\t\t\t\t<div class=\"elementor-element elementor-element-5ee74444 e-flex e-con-boxed e-con e-parent\" data-id=\"5ee74444\" data-element_type=\"container\" data-e-type=\"container\">\n\t\t\t\t\t<div class=\"e-con-inner\">\n\t\t\t\t<div class=\"elementor-element elementor-element-22b8952b elementor-widget elementor-widget-text-editor\" data-id=\"22b8952b\" data-element_type=\"widget\" data-e-type=\"widget\" data-widget_type=\"text-editor.default\">\n\t\t\t\t<div class=\"elementor-widget-container\">\n\t\t\t\t\t\t\t\t\t<p><\/p>\n<h2 class=\"wp-block-heading\">Histoires et t\u00e9moignages<\/h2>\n<p><\/p>\n<p><\/p>\n<p><strong><br \/>D\u00e9couvrez les Histoires et T\u00e9moignages Inspirants de Nos Membres<\/strong><\/p>\n<p><\/p>\n<p><\/p>\n<p>Sur notre site de rencontre, nous croyons en la puissance des histoires et des t\u00e9moignages pour inspirer, encourager et connecter nos membres. C&#8217;est pourquoi nous sommes fiers de pr\u00e9senter une collection vari\u00e9e d&#8217;histoires \u00e9crites et d&#8217;audios captivants de nos utilisateurs, partageant leurs exp\u00e9riences uniques de rencontres, d&#8217;amour et de connexion.<\/p>\n<p><\/p>\n<p><\/p>\n<p>Chaque histoire est une fen\u00eatre ouverte sur le monde des rencontres en ligne, offrant un aper\u00e7u authentique et personnel des hauts et des bas de la recherche du partenaire id\u00e9al. Que ce soit une rencontre inattendue dans un caf\u00e9, une connexion profonde \u00e0 travers des messages en ligne, ou une romance qui traverse les fronti\u00e8res, nos membres partagent leurs moments les plus m\u00e9morables et \u00e9mouvants avec vous.<\/p>\n<p><\/p>\n<p><\/p>\n<p>\u00c0 travers ces r\u00e9cits, vous d\u00e9couvrirez la diversit\u00e9 des exp\u00e9riences et des parcours de vie de nos membres. De la d\u00e9couverte de l&#8217;amour apr\u00e8s une longue p\u00e9riode de c\u00e9libat \u00e0 la reconnexion avec un amour de jeunesse, chaque histoire est un rappel que l&#8217;amour peut survenir \u00e0 tout moment et en tout lieu.<\/p>\n<p><\/p>\n<p><\/p>\n<p>Et pour ceux qui pr\u00e9f\u00e8rent \u00e9couter, notre collection d&#8217;audios vous permettra d&#8217;entendre directement la voix de nos membres, ajoutant une touche personnelle suppl\u00e9mentaire \u00e0 chaque r\u00e9cit.<\/p>\n<p><\/p>\n<p><\/p>\n<p>Que vous cherchiez l&#8217;inspiration, le r\u00e9confort ou simplement une belle histoire d&#8217;amour \u00e0 savourer, notre section Histoires et T\u00e9moignages est l\u00e0 pour vous. Plongez dans ces r\u00e9cits captivants et laissez-vous emporter par les \u00e9motions et les exp\u00e9riences de nos membres.<\/p>\n<p><\/p>\n<p><\/p>\n<p>Rejoignez notre communaut\u00e9 aujourd&#8217;hui et faites partie de cette belle collection d&#8217;histoires et de t\u00e9moignages qui c\u00e9l\u00e8brent l&#8217;amour sous toutes ses formes.<\/p>\n<p><\/p>\n<p><\/p>\n<h4 class=\"wp-block-heading\">Vos histoires savoureuse :<\/h4>\n<div>\n<p><\/p>\n<\/div>\n<p><!-- \/wp:buttons --><\/p>\n<p><!-- wp:bp\/active-members \/--><\/p>\n<p><!-- wp:bp\/online-members {\"title\":\"En ligne\u00a0\",\"maxMembers\":15} \/--><\/p>\n<p><!-- wp:search {\"label\":\"Recherche\",\"placeholder\":\"Recherche...\",\"buttonText\":\"Recherche\",\"query\":{\"post_type\":\"product\"}} \/--><\/p>\t\t\t\t\t\t\t\t<\/div>\n\t\t\t\t<\/div>\n\t\t\t\t<div class=\"elementor-element elementor-element-b0b070f elementor-button-info elementor-widget elementor-widget-button\" data-id=\"b0b070f\" data-element_type=\"widget\" data-e-type=\"widget\" data-widget_type=\"button.default\">\n\t\t\t\t<div class=\"elementor-widget-container\">\n\t\t\t\t\t\t\t\t\t<div class=\"elementor-button-wrapper\">\n\t\t\t\t\t<a class=\"elementor-button elementor-button-link elementor-size-sm\" href=\"https:\/\/pournousdeux.be\/index.php\/lecture-dhistoires\/\" id=\"lecture histoire\">\n\t\t\t\t\t\t<span class=\"elementor-button-content-wrapper\">\n\t\t\t\t\t\t\t\t\t<span class=\"elementor-button-text\">Lisez ici<\/span>\n\t\t\t\t\t<\/span>\n\t\t\t\t\t<\/a>\n\t\t\t\t<\/div>\n\t\t\t\t\t\t\t\t<\/div>\n\t\t\t\t<\/div>\n\t\t\t\t<div class=\"elementor-element elementor-element-effb0c1 elementor-button-info elementor-widget elementor-widget-button\" data-id=\"effb0c1\" data-element_type=\"widget\" data-e-type=\"widget\" data-widget_type=\"button.default\">\n\t\t\t\t<div class=\"elementor-widget-container\">\n\t\t\t\t\t\t\t\t\t<div class=\"elementor-button-wrapper\">\n\t\t\t\t\t<a class=\"elementor-button elementor-button-link elementor-size-sm\" href=\"https:\/\/pournousdeux.be\/index.php\/nos-audios-dhistoires\/\" id=\"Audio histoire\">\n\t\t\t\t\t\t<span class=\"elementor-button-content-wrapper\">\n\t\t\t\t\t\t\t\t\t<span class=\"elementor-button-text\">Ecoutez ici<\/span>\n\t\t\t\t\t<\/span>\n\t\t\t\t\t<\/a>\n\t\t\t\t<\/div>\n\t\t\t\t\t\t\t\t<\/div>\n\t\t\t\t<\/div>\n\t\t\t\t\t<\/div>\n\t\t\t\t<\/div>\n\t\t<div class=\"elementor-element elementor-element-8b242f7 e-flex e-con-boxed e-con e-parent\" data-id=\"8b242f7\" data-element_type=\"container\" data-e-type=\"container\">\n\t\t\t\t\t<div class=\"e-con-inner\">\n\t\t\t\t<div class=\"elementor-element elementor-element-172149a elementor-widget elementor-widget-accordion\" data-id=\"172149a\" data-element_type=\"widget\" data-e-type=\"widget\" data-widget_type=\"accordion.default\">\n\t\t\t\t<div class=\"elementor-widget-container\">\n\t\t\t\t\t\t\t<div class=\"elementor-accordion\">\n\t\t\t\t\t\t\t<div class=\"elementor-accordion-item\">\n\t\t\t\t\t<div id=\"elementor-tab-title-2421\" class=\"elementor-tab-title\" data-tab=\"1\" role=\"button\" aria-controls=\"elementor-tab-content-2421\" aria-expanded=\"false\">\n\t\t\t\t\t\t\t\t\t\t\t\t\t<span class=\"elementor-accordion-icon elementor-accordion-icon-left\" aria-hidden=\"true\">\n\t\t\t\t\t\t\t\t\t\t\t\t\t\t\t<span class=\"elementor-accordion-icon-closed\"><svg class=\"e-font-icon-svg e-fas-plus\" viewBox=\"0 0 448 512\" xmlns=\"http:\/\/www.w3.org\/2000\/svg\"><path d=\"M416 208H272V64c0-17.67-14.33-32-32-32h-32c-17.67 0-32 14.33-32 32v144H32c-17.67 0-32 14.33-32 32v32c0 17.67 14.33 32 32 32h144v144c0 17.67 14.33 32 32 32h32c17.67 0 32-14.33 32-32V304h144c17.67 0 32-14.33 32-32v-32c0-17.67-14.33-32-32-32z\"><\/path><\/svg><\/span>\n\t\t\t\t\t\t\t\t<span class=\"elementor-accordion-icon-opened\"><svg class=\"e-font-icon-svg e-fas-minus\" viewBox=\"0 0 448 512\" xmlns=\"http:\/\/www.w3.org\/2000\/svg\"><path d=\"M416 208H32c-17.67 0-32 14.33-32 32v32c0 17.67 14.33 32 32 32h384c17.67 0 32-14.33 32-32v-32c0-17.67-14.33-32-32-32z\"><\/path><\/svg><\/span>\n\t\t\t\t\t\t\t\t\t\t\t\t\t\t<\/span>\n\t\t\t\t\t\t\t\t\t\t\t\t<a class=\"elementor-accordion-title\" tabindex=\"0\">R\u00e8gles de publication \"Lecture\"<\/a>\n\t\t\t\t\t<\/div>\n\t\t\t\t\t<div id=\"elementor-tab-content-2421\" class=\"elementor-tab-content elementor-clearfix\" data-tab=\"1\" role=\"region\" aria-labelledby=\"elementor-tab-title-2421\"><ol>\n<li>\n<p><strong>Respect et Bienveillance<\/strong>:<\/p>\n<ul>\n<li>Les membres doivent respecter les opinions et les exp\u00e9riences des autres.<\/li>\n<li>Toute forme de haine, discrimination, ou langage offensant est strictement interdite.<\/li>\n<\/ul>\n<\/li>\n<li>\n<p><strong>Qualit\u00e9 du Contenu<\/strong>:<\/p>\n<ul>\n<li>Encouragez les membres \u00e0 partager des histoires bien \u00e9crites et int\u00e9ressantes.<\/li>\n<li>\u00c9vitez les contenus de mauvais go\u00fbt, les spams, et les messages incoh\u00e9rents.<\/li>\n<\/ul>\n<\/li>\n<li>\n<p><strong>V\u00e9rification des Sources<\/strong>:<\/p>\n<ul>\n<li>Si les membres partagent des informations factuelles, encouragez-les \u00e0 citer leurs sources.<\/li>\n<li>\u00c9vitez la propagation de fausses informations.<\/li>\n<\/ul>\n<\/li>\n<li>\n<p><strong>Droits d\u2019Auteur<\/strong>:<\/p>\n<ul>\n<li>Les membres doivent respecter les droits d\u2019auteur. Ils ne peuvent pas publier de contenu prot\u00e9g\u00e9 sans autorisation.<\/li>\n<\/ul>\n<\/li>\n<li>\n<p><strong>Mod\u00e9ration<\/strong>:<\/p>\n<ul>\n<li>Nommez des mod\u00e9rateurs pour surveiller les publications.<\/li>\n<li>Supprimez tout contenu inappropri\u00e9 ou enfreignant les r\u00e8gles.<\/li>\n<\/ul>\n<\/li>\n<li>\n<p><strong>Formats Accept\u00e9s<\/strong>:<\/p>\n<ul>\n<li>Pour les \u00e9crits : encouragez les membres \u00e0 utiliser une grammaire correcte et \u00e0 structurer leurs histoires.<\/li>\n<li>Pour les audios : assurez-vous qu\u2019ils sont de bonne qualit\u00e9 et pertinents.<\/li>\n<\/ul>\n<\/li>\n<li>\n<p><strong>Signalement<\/strong>:<\/p>\n<ul>\n<li>Mettez en place un syst\u00e8me de signalement pour que les membres puissent signaler tout contenu probl\u00e9matique.<\/li>\n<\/ul>\n<\/li>\n<\/ol><\/div>\n\t\t\t\t<\/div>\n\t\t\t\t\t\t\t<div class=\"elementor-accordion-item\">\n\t\t\t\t\t<div id=\"elementor-tab-title-2422\" class=\"elementor-tab-title\" data-tab=\"2\" role=\"button\" aria-controls=\"elementor-tab-content-2422\" aria-expanded=\"false\">\n\t\t\t\t\t\t\t\t\t\t\t\t\t<span class=\"elementor-accordion-icon elementor-accordion-icon-left\" aria-hidden=\"true\">\n\t\t\t\t\t\t\t\t\t\t\t\t\t\t\t<span class=\"elementor-accordion-icon-closed\"><svg class=\"e-font-icon-svg e-fas-plus\" viewBox=\"0 0 448 512\" xmlns=\"http:\/\/www.w3.org\/2000\/svg\"><path d=\"M416 208H272V64c0-17.67-14.33-32-32-32h-32c-17.67 0-32 14.33-32 32v144H32c-17.67 0-32 14.33-32 32v32c0 17.67 14.33 32 32 32h144v144c0 17.67 14.33 32 32 32h32c17.67 0 32-14.33 32-32V304h144c17.67 0 32-14.33 32-32v-32c0-17.67-14.33-32-32-32z\"><\/path><\/svg><\/span>\n\t\t\t\t\t\t\t\t<span class=\"elementor-accordion-icon-opened\"><svg class=\"e-font-icon-svg e-fas-minus\" viewBox=\"0 0 448 512\" xmlns=\"http:\/\/www.w3.org\/2000\/svg\"><path d=\"M416 208H32c-17.67 0-32 14.33-32 32v32c0 17.67 14.33 32 32 32h384c17.67 0 32-14.33 32-32v-32c0-17.67-14.33-32-32-32z\"><\/path><\/svg><\/span>\n\t\t\t\t\t\t\t\t\t\t\t\t\t\t<\/span>\n\t\t\t\t\t\t\t\t\t\t\t\t<a class=\"elementor-accordion-title\" tabindex=\"0\">R\u00e8gles de publications \"Audio\"<\/a>\n\t\t\t\t\t<\/div>\n\t\t\t\t\t<div id=\"elementor-tab-content-2422\" class=\"elementor-tab-content elementor-clearfix\" data-tab=\"2\" role=\"region\" aria-labelledby=\"elementor-tab-title-2422\"><ol>\n<li>\n<p><strong>Qualit\u00e9 Audio<\/strong>:<\/p>\n<ul>\n<li>Encouragez les membres \u00e0 enregistrer des audios de bonne qualit\u00e9. Le son doit \u00eatre clair et compr\u00e9hensible.<\/li>\n<li>\u00c9vitez les enregistrements avec des bruits de fond excessifs.<\/li>\n<\/ul>\n<\/li>\n<li>\n<p><strong>Dur\u00e9e<\/strong>:<\/p>\n<ul>\n<li>Fixez une limite de dur\u00e9e pour les audios. Cela peut varier en fonction du contenu, mais assurez-vous que les membres ne publient pas des enregistrements trop longs.<\/li>\n<\/ul>\n<\/li>\n<li>\n<p><strong>Contenu Respectueux<\/strong>:<\/p>\n<ul>\n<li>Les membres doivent respecter les opinions et les exp\u00e9riences des autres, m\u00eame dans les audios.<\/li>\n<li>Interdisez tout langage offensant, haineux ou discriminatoire.<\/li>\n<\/ul>\n<\/li>\n<li>\n<p><strong>Th\u00e8mes Acceptables<\/strong>:<\/p>\n<ul>\n<li>D\u00e9finissez les th\u00e8mes acceptables pour les audios. Par exemple, vous pouvez autoriser les histoires personnelles, les po\u00e8mes, les conseils, etc.<\/li>\n<li>\u00c9vitez les sujets ill\u00e9gaux ou dangereux.<\/li>\n<\/ul>\n<\/li>\n<li>\n<p><strong>Mod\u00e9ration<\/strong>:<\/p>\n<ul>\n<li>Nommez des mod\u00e9rateurs pour \u00e9couter les audios avant leur publication.<\/li>\n<li>Supprimez tout contenu inappropri\u00e9 ou enfreignant les r\u00e8gles.<\/li>\n<\/ul>\n<\/li>\n<li>\n<p><strong>Droits d\u2019Auteur<\/strong>:<\/p>\n<ul>\n<li>Les membres doivent respecter les droits d\u2019auteur. Ils ne peuvent pas publier d\u2019extraits musicaux ou d\u2019autres contenus prot\u00e9g\u00e9s sans autorisation.<\/li>\n<\/ul>\n<\/li>\n<li>\n<p><strong>Signalement<\/strong>:<\/p>\n<ul>\n<li>Mettez en place un syst\u00e8me de signalement pour que les membres puissent signaler tout contenu probl\u00e9matique.<\/li>\n<\/ul>\n<\/li>\n<\/ol><\/div>\n\t\t\t\t<\/div>\n\t\t\t\t\t\t\t<div class=\"elementor-accordion-item\">\n\t\t\t\t\t<div id=\"elementor-tab-title-2423\" class=\"elementor-tab-title\" data-tab=\"3\" role=\"button\" aria-controls=\"elementor-tab-content-2423\" aria-expanded=\"false\">\n\t\t\t\t\t\t\t\t\t\t\t\t\t<span class=\"elementor-accordion-icon elementor-accordion-icon-left\" aria-hidden=\"true\">\n\t\t\t\t\t\t\t\t\t\t\t\t\t\t\t<span class=\"elementor-accordion-icon-closed\"><svg class=\"e-font-icon-svg e-fas-plus\" viewBox=\"0 0 448 512\" xmlns=\"http:\/\/www.w3.org\/2000\/svg\"><path d=\"M416 208H272V64c0-17.67-14.33-32-32-32h-32c-17.67 0-32 14.33-32 32v144H32c-17.67 0-32 14.33-32 32v32c0 17.67 14.33 32 32 32h144v144c0 17.67 14.33 32 32 32h32c17.67 0 32-14.33 32-32V304h144c17.67 0 32-14.33 32-32v-32c0-17.67-14.33-32-32-32z\"><\/path><\/svg><\/span>\n\t\t\t\t\t\t\t\t<span class=\"elementor-accordion-icon-opened\"><svg class=\"e-font-icon-svg e-fas-minus\" viewBox=\"0 0 448 512\" xmlns=\"http:\/\/www.w3.org\/2000\/svg\"><path d=\"M416 208H32c-17.67 0-32 14.33-32 32v32c0 17.67 14.33 32 32 32h384c17.67 0 32-14.33 32-32v-32c0-17.67-14.33-32-32-32z\"><\/path><\/svg><\/span>\n\t\t\t\t\t\t\t\t\t\t\t\t\t\t<\/span>\n\t\t\t\t\t\t\t\t\t\t\t\t<a class=\"elementor-accordion-title\" tabindex=\"0\">Mod\u00e9rateur<\/a>\n\t\t\t\t\t<\/div>\n\t\t\t\t\t<div id=\"elementor-tab-content-2423\" class=\"elementor-tab-content elementor-clearfix\" data-tab=\"3\" role=\"region\" aria-labelledby=\"elementor-tab-title-2423\"><p>En cas de contenus ne respectant pas les r\u00e8gles de publications. Le mod\u00e9rateur aura le droit de suspendre la ou les publications posant probl\u00e8me, il pourra prendre des sanctions \u00e0 l&#8217;encontre des membres qui ne respecteraient pas ses r\u00e8gles. En cas de contestation, une demande doit \u00eatre envoy\u00e9 au mod\u00e9rateur : <a href=\"mailto:moderateur@pournousdeux.com\">moderateur@pournousdeux.com<\/a><\/p><\/div>\n\t\t\t\t<\/div>\n\t\t\t\t\t\t\t\t<\/div>\n\t\t\t\t\t\t<\/div>\n\t\t\t\t<\/div>\n\t\t\t\t\t<\/div>\n\t\t\t\t<\/div>\n\t\t\t\t<\/div>\n\t\t","protected":false},"excerpt":{"rendered":"<p>Histoires et t\u00e9moignages D\u00e9couvrez les Histoires et T\u00e9moignages Inspirants de Nos Membres Sur notre site de rencontre, nous croyons en la puissance des histoires et des t\u00e9moignages pour inspirer, encourager et connecter nos membres. C&#8217;est pourquoi nous sommes fiers de pr\u00e9senter une collection vari\u00e9e d&#8217;histoires \u00e9crites et d&#8217;audios captivants de nos utilisateurs, partageant leurs exp\u00e9riences [&hellip;]<\/p>\n","protected":false},"author":1,"featured_media":0,"parent":0,"menu_order":0,"comment_status":"closed","ping_status":"closed","template":"page-templates\/full-width.php","meta":{"_bbp_topic_count":0,"_bbp_reply_count":0,"_bbp_total_topic_count":0,"_bbp_total_reply_count":0,"_bbp_voice_count":0,"_bbp_anonymous_reply_count":0,"_bbp_topic_count_hidden":0,"_bbp_reply_count_hidden":0,"_bbp_forum_subforum_count":0,"content-type":"","footnotes":""},"class_list":["post-1128","page","type-page","status-publish","hentry"],"yoast_head":"<!-- This site is optimized with the Yoast SEO plugin v26.6 - https:\/\/yoast.com\/wordpress\/plugins\/seo\/ -->\n<title>Histoires - Pour Nous Deux<\/title>\n<meta name=\"description\" content=\"Pages de partages d&#039;histoires de membre ou de non membre. Il y a des articles textes et des audios. Deux liens vous est propos\u00e9s.\" \/>\n<meta name=\"robots\" content=\"index, follow, max-snippet:-1, max-image-preview:large, max-video-preview:-1\" \/>\n<link rel=\"canonical\" href=\"https:\/\/pournousdeux.be\/index.php\/histoires\/\" \/>\n<meta property=\"og:locale\" content=\"fr_FR\" \/>\n<meta property=\"og:type\" content=\"article\" \/>\n<meta property=\"og:title\" content=\"Histoires - Pour Nous Deux\" \/>\n<meta property=\"og:description\" content=\"Pages de partages d&#039;histoires de membre ou de non membre. Il y a des articles textes et des audios. Deux liens vous est propos\u00e9s.\" \/>\n<meta property=\"og:url\" content=\"https:\/\/pournousdeux.be\/index.php\/histoires\/\" \/>\n<meta property=\"og:site_name\" content=\"Pour Nous Deux\" \/>\n<meta property=\"article:modified_time\" content=\"2024-06-17T10:39:37+00:00\" \/>\n<meta property=\"og:image\" content=\"https:\/\/pournousdeux.be\/wp-content\/uploads\/2024\/04\/logo.png\" \/>\n\t<meta property=\"og:image:width\" content=\"350\" \/>\n\t<meta property=\"og:image:height\" content=\"100\" \/>\n\t<meta property=\"og:image:type\" content=\"image\/png\" \/>\n<meta name=\"twitter:card\" content=\"summary_large_image\" \/>\n<meta name=\"twitter:site\" content=\"@PourNousDeux\" \/>\n<meta name=\"twitter:label1\" content=\"Dur\u00e9e de lecture estim\u00e9e\" \/>\n\t<meta name=\"twitter:data1\" content=\"4 minutes\" \/>\n<script type=\"application\/ld+json\" class=\"yoast-schema-graph\">{\"@context\":\"https:\/\/schema.org\",\"@graph\":[{\"@type\":\"WebPage\",\"@id\":\"https:\/\/pournousdeux.be\/index.php\/histoires\/\",\"url\":\"https:\/\/pournousdeux.be\/index.php\/histoires\/\",\"name\":\"Histoires - Pour Nous Deux\",\"isPartOf\":{\"@id\":\"https:\/\/pournousdeux.be\/#website\"},\"datePublished\":\"2024-04-10T08:47:41+00:00\",\"dateModified\":\"2024-06-17T10:39:37+00:00\",\"description\":\"Pages de partages d'histoires de membre ou de non membre. Il y a des articles textes et des audios. Deux liens vous est propos\u00e9s.\",\"breadcrumb\":{\"@id\":\"https:\/\/pournousdeux.be\/index.php\/histoires\/#breadcrumb\"},\"inLanguage\":\"fr-FR\",\"potentialAction\":[{\"@type\":\"ReadAction\",\"target\":[\"https:\/\/pournousdeux.be\/index.php\/histoires\/\"]}]},{\"@type\":\"BreadcrumbList\",\"@id\":\"https:\/\/pournousdeux.be\/index.php\/histoires\/#breadcrumb\",\"itemListElement\":[{\"@type\":\"ListItem\",\"position\":1,\"name\":\"Accueil\",\"item\":\"https:\/\/pournousdeux.be\/\"},{\"@type\":\"ListItem\",\"position\":2,\"name\":\"Histoires\"}]},{\"@type\":\"WebSite\",\"@id\":\"https:\/\/pournousdeux.be\/#website\",\"url\":\"https:\/\/pournousdeux.be\/\",\"name\":\"Pour Nous Deux\",\"description\":\"Site de rencontres\",\"publisher\":{\"@id\":\"https:\/\/pournousdeux.be\/#organization\"},\"alternateName\":\"PND\",\"potentialAction\":[{\"@type\":\"SearchAction\",\"target\":{\"@type\":\"EntryPoint\",\"urlTemplate\":\"https:\/\/pournousdeux.be\/?s={search_term_string}\"},\"query-input\":{\"@type\":\"PropertyValueSpecification\",\"valueRequired\":true,\"valueName\":\"search_term_string\"}}],\"inLanguage\":\"fr-FR\"},{\"@type\":\"Organization\",\"@id\":\"https:\/\/pournousdeux.be\/#organization\",\"name\":\"ProTech\",\"alternateName\":\"ProTech\",\"url\":\"https:\/\/pournousdeux.be\/\",\"logo\":{\"@type\":\"ImageObject\",\"inLanguage\":\"fr-FR\",\"@id\":\"https:\/\/pournousdeux.be\/#\/schema\/logo\/image\/\",\"url\":\"https:\/\/pournousdeux.be\/wp-content\/uploads\/2024\/03\/logo.png\",\"contentUrl\":\"https:\/\/pournousdeux.be\/wp-content\/uploads\/2024\/03\/logo.png\",\"width\":350,\"height\":100,\"caption\":\"ProTech\"},\"image\":{\"@id\":\"https:\/\/pournousdeux.be\/#\/schema\/logo\/image\/\"},\"sameAs\":[\"https:\/\/x.com\/PourNousDeux\"]}]}<\/script>\n<!-- \/ Yoast SEO plugin. -->","yoast_head_json":{"title":"Histoires - Pour Nous Deux","description":"Pages de partages d'histoires de membre ou de non membre. Il y a des articles textes et des audios. Deux liens vous est propos\u00e9s.","robots":{"index":"index","follow":"follow","max-snippet":"max-snippet:-1","max-image-preview":"max-image-preview:large","max-video-preview":"max-video-preview:-1"},"canonical":"https:\/\/pournousdeux.be\/index.php\/histoires\/","og_locale":"fr_FR","og_type":"article","og_title":"Histoires - Pour Nous Deux","og_description":"Pages de partages d'histoires de membre ou de non membre. Il y a des articles textes et des audios. Deux liens vous est propos\u00e9s.","og_url":"https:\/\/pournousdeux.be\/index.php\/histoires\/","og_site_name":"Pour Nous Deux","article_modified_time":"2024-06-17T10:39:37+00:00","og_image":[{"width":350,"height":100,"url":"https:\/\/pournousdeux.be\/wp-content\/uploads\/2024\/04\/logo.png","type":"image\/png"}],"twitter_card":"summary_large_image","twitter_site":"@PourNousDeux","twitter_misc":{"Dur\u00e9e de lecture estim\u00e9e":"4 minutes"},"schema":{"@context":"https:\/\/schema.org","@graph":[{"@type":"WebPage","@id":"https:\/\/pournousdeux.be\/index.php\/histoires\/","url":"https:\/\/pournousdeux.be\/index.php\/histoires\/","name":"Histoires - Pour Nous Deux","isPartOf":{"@id":"https:\/\/pournousdeux.be\/#website"},"datePublished":"2024-04-10T08:47:41+00:00","dateModified":"2024-06-17T10:39:37+00:00","description":"Pages de partages d'histoires de membre ou de non membre. Il y a des articles textes et des audios. Deux liens vous est propos\u00e9s.","breadcrumb":{"@id":"https:\/\/pournousdeux.be\/index.php\/histoires\/#breadcrumb"},"inLanguage":"fr-FR","potentialAction":[{"@type":"ReadAction","target":["https:\/\/pournousdeux.be\/index.php\/histoires\/"]}]},{"@type":"BreadcrumbList","@id":"https:\/\/pournousdeux.be\/index.php\/histoires\/#breadcrumb","itemListElement":[{"@type":"ListItem","position":1,"name":"Accueil","item":"https:\/\/pournousdeux.be\/"},{"@type":"ListItem","position":2,"name":"Histoires"}]},{"@type":"WebSite","@id":"https:\/\/pournousdeux.be\/#website","url":"https:\/\/pournousdeux.be\/","name":"Pour Nous Deux","description":"Site de rencontres","publisher":{"@id":"https:\/\/pournousdeux.be\/#organization"},"alternateName":"PND","potentialAction":[{"@type":"SearchAction","target":{"@type":"EntryPoint","urlTemplate":"https:\/\/pournousdeux.be\/?s={search_term_string}"},"query-input":{"@type":"PropertyValueSpecification","valueRequired":true,"valueName":"search_term_string"}}],"inLanguage":"fr-FR"},{"@type":"Organization","@id":"https:\/\/pournousdeux.be\/#organization","name":"ProTech","alternateName":"ProTech","url":"https:\/\/pournousdeux.be\/","logo":{"@type":"ImageObject","inLanguage":"fr-FR","@id":"https:\/\/pournousdeux.be\/#\/schema\/logo\/image\/","url":"https:\/\/pournousdeux.be\/wp-content\/uploads\/2024\/03\/logo.png","contentUrl":"https:\/\/pournousdeux.be\/wp-content\/uploads\/2024\/03\/logo.png","width":350,"height":100,"caption":"ProTech"},"image":{"@id":"https:\/\/pournousdeux.be\/#\/schema\/logo\/image\/"},"sameAs":["https:\/\/x.com\/PourNousDeux"]}]}},"_links":{"self":[{"href":"https:\/\/pournousdeux.be\/index.php\/wp-json\/wp\/v2\/pages\/1128","targetHints":{"allow":["GET"]}}],"collection":[{"href":"https:\/\/pournousdeux.be\/index.php\/wp-json\/wp\/v2\/pages"}],"about":[{"href":"https:\/\/pournousdeux.be\/index.php\/wp-json\/wp\/v2\/types\/page"}],"author":[{"embeddable":true,"href":"https:\/\/pournousdeux.be\/index.php\/wp-json\/wp\/v2\/users\/1"}],"replies":[{"embeddable":true,"href":"https:\/\/pournousdeux.be\/index.php\/wp-json\/wp\/v2\/comments?post=1128"}],"version-history":[{"count":13,"href":"https:\/\/pournousdeux.be\/index.php\/wp-json\/wp\/v2\/pages\/1128\/revisions"}],"predecessor-version":[{"id":1309,"href":"https:\/\/pournousdeux.be\/index.php\/wp-json\/wp\/v2\/pages\/1128\/revisions\/1309"}],"wp:attachment":[{"href":"https:\/\/pournousdeux.be\/index.php\/wp-json\/wp\/v2\/media?parent=1128"}],"curies":[{"name":"wp","href":"https:\/\/api.w.org\/{rel}","templated":true}]}}