{"id":1079,"date":"2024-04-05T14:50:31","date_gmt":"2024-04-05T12:50:31","guid":{"rendered":"https:\/\/pournousdeux.com\/?page_id=1079"},"modified":"2024-05-08T17:39:58","modified_gmt":"2024-05-08T15:39:58","slug":"copyright","status":"publish","type":"page","link":"https:\/\/pournousdeux.be\/index.php\/copyright\/","title":{"rendered":"Copyright"},"content":{"rendered":"\n<p><\/p>\n\n\n\n<p>Toutes les images, vid\u00e9os, contenus audio et textes pr\u00e9sents sur le site web de Pour Nous Deux, ainsi que le design et le code source, sont prot\u00e9g\u00e9s par les lois sur le droit d&#8217;auteur et les conventions internationales. <\/p>\n\n\n\n<p>Il est strictement interdit de reproduire, distribuer, modifier, transmettre, r\u00e9utiliser, republier ou utiliser de quelque mani\u00e8re que ce soit le contenu pr\u00e9sent sur le site de Pour Nous Deux sans autorisation \u00e9crite pr\u00e9alable. <\/p>\n\n\n\n<p>Les marques, logos et noms commerciaux utilis\u00e9s sur ce site sont la propri\u00e9t\u00e9 de leurs propri\u00e9taires respectifs et ne peuvent \u00eatre utilis\u00e9s \u00e0 des fins commerciales sans autorisation expresse. Les utilisateurs sont autoris\u00e9s \u00e0 utiliser le contenu du site de Pour Nous Deux \u00e0 des fins personnelles et non commerciales, \u00e0 condition de respecter les droits d&#8217;auteur et de fournir une attribution appropri\u00e9e. Pour toute demande d&#8217;utilisation du contenu pr\u00e9sent sur le site de Pour Nous Deux \u00e0 des fins commerciales, de publication, de diffusion ou pour toute autre utilisation non autoris\u00e9e, veuillez contacter l&#8217;\u00e9quipe de &#8220;Pour Nous Deux&#8221; pour obtenir une autorisation \u00e9crite. <\/p>\n\n\n\n<p>Toute violation des droits d&#8217;auteur de Pour Nous Deux entra\u00eenera des poursuites judiciaires conform\u00e9ment aux lois en vigueur. Pour Nous Deux se r\u00e9serve le droit de modifier ou de mettre \u00e0 jour ce copyright \u00e0 tout moment et sans pr\u00e9avis. Pour toute question ou demande concernant le copyright de Pour Nous Deux, veuillez nous contacter \u00e0 l&#8217;adresse suivante : supports@pournousdeux.com.<\/p>\n\n\n\n<p>\u00a9 2024 Pour Nous Deux. Tous droits r\u00e9serv\u00e9s.<\/p>\n","protected":false},"excerpt":{"rendered":"<p>Toutes les images, vid\u00e9os, contenus audio et textes pr\u00e9sents sur le site web de Pour Nous Deux, ainsi que le design et le code source, sont prot\u00e9g\u00e9s par les lois sur le droit d&#8217;auteur et les conventions internationales. Il est strictement interdit de reproduire, distribuer, modifier, transmettre, r\u00e9utiliser, republier ou utiliser de quelque mani\u00e8re que [&hellip;]<\/p>\n","protected":false},"author":1,"featured_media":0,"parent":0,"menu_order":0,"comment_status":"closed","ping_status":"closed","template":"page-templates\/full-width.php","meta":{"_bbp_topic_count":0,"_bbp_reply_count":0,"_bbp_total_topic_count":0,"_bbp_total_reply_count":0,"_bbp_voice_count":0,"_bbp_anonymous_reply_count":0,"_bbp_topic_count_hidden":0,"_bbp_reply_count_hidden":0,"_bbp_forum_subforum_count":0,"content-type":"","footnotes":""},"class_list":["post-1079","page","type-page","status-publish","hentry"],"yoast_head":"<!-- This site is optimized with the Yoast SEO plugin v26.6 - https:\/\/yoast.com\/wordpress\/plugins\/seo\/ -->\n<title>Copyright - Pour Nous Deux<\/title>\n<meta name=\"description\" content=\"Page du copyright pour notre plate-forme pournousdeux.com\" \/>\n<meta name=\"robots\" content=\"index, follow, max-snippet:-1, max-image-preview:large, max-video-preview:-1\" \/>\n<link rel=\"canonical\" href=\"https:\/\/pournousdeux.be\/index.php\/copyright\/\" \/>\n<meta property=\"og:locale\" content=\"fr_FR\" \/>\n<meta property=\"og:type\" content=\"article\" \/>\n<meta property=\"og:title\" content=\"Copyright - Pour Nous Deux\" \/>\n<meta property=\"og:description\" content=\"Page du copyright pour notre plate-forme pournousdeux.com\" \/>\n<meta property=\"og:url\" content=\"https:\/\/pournousdeux.be\/index.php\/copyright\/\" \/>\n<meta property=\"og:site_name\" content=\"Pour Nous Deux\" \/>\n<meta property=\"article:modified_time\" content=\"2024-05-08T15:39:58+00:00\" \/>\n<meta property=\"og:image\" content=\"https:\/\/pournousdeux.be\/wp-content\/uploads\/2024\/04\/logo.png\" \/>\n\t<meta property=\"og:image:width\" content=\"350\" \/>\n\t<meta property=\"og:image:height\" content=\"100\" \/>\n\t<meta property=\"og:image:type\" content=\"image\/png\" \/>\n<meta name=\"twitter:card\" content=\"summary_large_image\" \/>\n<meta name=\"twitter:site\" content=\"@PourNousDeux\" \/>\n<meta name=\"twitter:label1\" content=\"Dur\u00e9e de lecture estim\u00e9e\" \/>\n\t<meta name=\"twitter:data1\" content=\"2 minutes\" \/>\n<script type=\"application\/ld+json\" class=\"yoast-schema-graph\">{\"@context\":\"https:\/\/schema.org\",\"@graph\":[{\"@type\":\"WebPage\",\"@id\":\"https:\/\/pournousdeux.be\/index.php\/copyright\/\",\"url\":\"https:\/\/pournousdeux.be\/index.php\/copyright\/\",\"name\":\"Copyright - Pour Nous Deux\",\"isPartOf\":{\"@id\":\"https:\/\/pournousdeux.be\/#website\"},\"datePublished\":\"2024-04-05T12:50:31+00:00\",\"dateModified\":\"2024-05-08T15:39:58+00:00\",\"description\":\"Page du copyright pour notre plate-forme pournousdeux.com\",\"breadcrumb\":{\"@id\":\"https:\/\/pournousdeux.be\/index.php\/copyright\/#breadcrumb\"},\"inLanguage\":\"fr-FR\",\"potentialAction\":[{\"@type\":\"ReadAction\",\"target\":[\"https:\/\/pournousdeux.be\/index.php\/copyright\/\"]}]},{\"@type\":\"BreadcrumbList\",\"@id\":\"https:\/\/pournousdeux.be\/index.php\/copyright\/#breadcrumb\",\"itemListElement\":[{\"@type\":\"ListItem\",\"position\":1,\"name\":\"Accueil\",\"item\":\"https:\/\/pournousdeux.be\/\"},{\"@type\":\"ListItem\",\"position\":2,\"name\":\"Copyright\"}]},{\"@type\":\"WebSite\",\"@id\":\"https:\/\/pournousdeux.be\/#website\",\"url\":\"https:\/\/pournousdeux.be\/\",\"name\":\"Pour Nous Deux\",\"description\":\"Site de rencontres\",\"publisher\":{\"@id\":\"https:\/\/pournousdeux.be\/#organization\"},\"alternateName\":\"PND\",\"potentialAction\":[{\"@type\":\"SearchAction\",\"target\":{\"@type\":\"EntryPoint\",\"urlTemplate\":\"https:\/\/pournousdeux.be\/?s={search_term_string}\"},\"query-input\":{\"@type\":\"PropertyValueSpecification\",\"valueRequired\":true,\"valueName\":\"search_term_string\"}}],\"inLanguage\":\"fr-FR\"},{\"@type\":\"Organization\",\"@id\":\"https:\/\/pournousdeux.be\/#organization\",\"name\":\"ProTech\",\"alternateName\":\"ProTech\",\"url\":\"https:\/\/pournousdeux.be\/\",\"logo\":{\"@type\":\"ImageObject\",\"inLanguage\":\"fr-FR\",\"@id\":\"https:\/\/pournousdeux.be\/#\/schema\/logo\/image\/\",\"url\":\"https:\/\/pournousdeux.be\/wp-content\/uploads\/2024\/03\/logo.png\",\"contentUrl\":\"https:\/\/pournousdeux.be\/wp-content\/uploads\/2024\/03\/logo.png\",\"width\":350,\"height\":100,\"caption\":\"ProTech\"},\"image\":{\"@id\":\"https:\/\/pournousdeux.be\/#\/schema\/logo\/image\/\"},\"sameAs\":[\"https:\/\/x.com\/PourNousDeux\"]}]}<\/script>\n<!-- \/ Yoast SEO plugin. -->","yoast_head_json":{"title":"Copyright - Pour Nous Deux","description":"Page du copyright pour notre plate-forme pournousdeux.com","robots":{"index":"index","follow":"follow","max-snippet":"max-snippet:-1","max-image-preview":"max-image-preview:large","max-video-preview":"max-video-preview:-1"},"canonical":"https:\/\/pournousdeux.be\/index.php\/copyright\/","og_locale":"fr_FR","og_type":"article","og_title":"Copyright - Pour Nous Deux","og_description":"Page du copyright pour notre plate-forme pournousdeux.com","og_url":"https:\/\/pournousdeux.be\/index.php\/copyright\/","og_site_name":"Pour Nous Deux","article_modified_time":"2024-05-08T15:39:58+00:00","og_image":[{"width":350,"height":100,"url":"https:\/\/pournousdeux.be\/wp-content\/uploads\/2024\/04\/logo.png","type":"image\/png"}],"twitter_card":"summary_large_image","twitter_site":"@PourNousDeux","twitter_misc":{"Dur\u00e9e de lecture estim\u00e9e":"2 minutes"},"schema":{"@context":"https:\/\/schema.org","@graph":[{"@type":"WebPage","@id":"https:\/\/pournousdeux.be\/index.php\/copyright\/","url":"https:\/\/pournousdeux.be\/index.php\/copyright\/","name":"Copyright - Pour Nous Deux","isPartOf":{"@id":"https:\/\/pournousdeux.be\/#website"},"datePublished":"2024-04-05T12:50:31+00:00","dateModified":"2024-05-08T15:39:58+00:00","description":"Page du copyright pour notre plate-forme pournousdeux.com","breadcrumb":{"@id":"https:\/\/pournousdeux.be\/index.php\/copyright\/#breadcrumb"},"inLanguage":"fr-FR","potentialAction":[{"@type":"ReadAction","target":["https:\/\/pournousdeux.be\/index.php\/copyright\/"]}]},{"@type":"BreadcrumbList","@id":"https:\/\/pournousdeux.be\/index.php\/copyright\/#breadcrumb","itemListElement":[{"@type":"ListItem","position":1,"name":"Accueil","item":"https:\/\/pournousdeux.be\/"},{"@type":"ListItem","position":2,"name":"Copyright"}]},{"@type":"WebSite","@id":"https:\/\/pournousdeux.be\/#website","url":"https:\/\/pournousdeux.be\/","name":"Pour Nous Deux","description":"Site de rencontres","publisher":{"@id":"https:\/\/pournousdeux.be\/#organization"},"alternateName":"PND","potentialAction":[{"@type":"SearchAction","target":{"@type":"EntryPoint","urlTemplate":"https:\/\/pournousdeux.be\/?s={search_term_string}"},"query-input":{"@type":"PropertyValueSpecification","valueRequired":true,"valueName":"search_term_string"}}],"inLanguage":"fr-FR"},{"@type":"Organization","@id":"https:\/\/pournousdeux.be\/#organization","name":"ProTech","alternateName":"ProTech","url":"https:\/\/pournousdeux.be\/","logo":{"@type":"ImageObject","inLanguage":"fr-FR","@id":"https:\/\/pournousdeux.be\/#\/schema\/logo\/image\/","url":"https:\/\/pournousdeux.be\/wp-content\/uploads\/2024\/03\/logo.png","contentUrl":"https:\/\/pournousdeux.be\/wp-content\/uploads\/2024\/03\/logo.png","width":350,"height":100,"caption":"ProTech"},"image":{"@id":"https:\/\/pournousdeux.be\/#\/schema\/logo\/image\/"},"sameAs":["https:\/\/x.com\/PourNousDeux"]}]}},"_links":{"self":[{"href":"https:\/\/pournousdeux.be\/index.php\/wp-json\/wp\/v2\/pages\/1079","targetHints":{"allow":["GET"]}}],"collection":[{"href":"https:\/\/pournousdeux.be\/index.php\/wp-json\/wp\/v2\/pages"}],"about":[{"href":"https:\/\/pournousdeux.be\/index.php\/wp-json\/wp\/v2\/types\/page"}],"author":[{"embeddable":true,"href":"https:\/\/pournousdeux.be\/index.php\/wp-json\/wp\/v2\/users\/1"}],"replies":[{"embeddable":true,"href":"https:\/\/pournousdeux.be\/index.php\/wp-json\/wp\/v2\/comments?post=1079"}],"version-history":[{"count":2,"href":"https:\/\/pournousdeux.be\/index.php\/wp-json\/wp\/v2\/pages\/1079\/revisions"}],"predecessor-version":[{"id":1156,"href":"https:\/\/pournousdeux.be\/index.php\/wp-json\/wp\/v2\/pages\/1079\/revisions\/1156"}],"wp:attachment":[{"href":"https:\/\/pournousdeux.be\/index.php\/wp-json\/wp\/v2\/media?parent=1079"}],"curies":[{"name":"wp","href":"https:\/\/api.w.org\/{rel}","templated":true}]}}